{"id":12690,"date":"2019-11-11T12:17:56","date_gmt":"2019-11-11T11:17:56","guid":{"rendered":"https:\/\/eurekaweb.fr\/wp\/?post_type=product&#038;p=12690"},"modified":"2020-11-07T13:39:34","modified_gmt":"2020-11-07T12:39:34","slug":"j-pillow-oreiller-de-voyage-support-pour-la-tete-le-cou-et-le-menton-gagnant-du-prix-invention-britannique-de-l-annee","status":"publish","type":"product","link":"https:\/\/eurekaweb.fr\/wp\/produit\/j-pillow-oreiller-de-voyage-support-pour-la-tete-le-cou-et-le-menton-gagnant-du-prix-invention-britannique-de-l-annee\/","title":{"rendered":"J-pillow, oreiller de voyage &#8211; support pour la t\u00eate, le cou et le menton &#8211; Gagnant du prix Invention britannique de l&rsquo;ann\u00e9e"},"content":{"rendered":"\n\n<div class=\"kk-star-ratings kksr-auto kksr-align-left kksr-valign-top\"\n    data-payload='{&quot;align&quot;:&quot;left&quot;,&quot;id&quot;:&quot;12690&quot;,&quot;slug&quot;:&quot;default&quot;,&quot;valign&quot;:&quot;top&quot;,&quot;ignore&quot;:&quot;&quot;,&quot;reference&quot;:&quot;auto&quot;,&quot;class&quot;:&quot;&quot;,&quot;count&quot;:&quot;0&quot;,&quot;legendonly&quot;:&quot;&quot;,&quot;readonly&quot;:&quot;&quot;,&quot;score&quot;:&quot;0&quot;,&quot;starsonly&quot;:&quot;&quot;,&quot;best&quot;:&quot;5&quot;,&quot;gap&quot;:&quot;5&quot;,&quot;greet&quot;:&quot;Rate this product&quot;,&quot;legend&quot;:&quot;0\\\/5 - (0 vote)&quot;,&quot;size&quot;:&quot;24&quot;,&quot;title&quot;:&quot;J-pillow, oreiller de voyage - support pour la t\u00eate, le cou et le menton - Gagnant du prix Invention britannique de l\\u0026#039;ann\u00e9e&quot;,&quot;width&quot;:&quot;0&quot;,&quot;_legend&quot;:&quot;{score}\\\/{best} - ({count} {votes})&quot;,&quot;font_factor&quot;:&quot;1.25&quot;}'>\n            \n<div class=\"kksr-stars\">\n    \n<div class=\"kksr-stars-inactive\">\n            <div class=\"kksr-star\" data-star=\"1\" style=\"padding-right: 5px\">\n            \n\n<div class=\"kksr-icon\" style=\"width: 24px; height: 24px;\"><\/div>\n        <\/div>\n            <div class=\"kksr-star\" data-star=\"2\" style=\"padding-right: 5px\">\n            \n\n<div class=\"kksr-icon\" style=\"width: 24px; height: 24px;\"><\/div>\n        <\/div>\n            <div class=\"kksr-star\" data-star=\"3\" style=\"padding-right: 5px\">\n            \n\n<div class=\"kksr-icon\" style=\"width: 24px; height: 24px;\"><\/div>\n        <\/div>\n            <div class=\"kksr-star\" data-star=\"4\" style=\"padding-right: 5px\">\n            \n\n<div class=\"kksr-icon\" style=\"width: 24px; height: 24px;\"><\/div>\n        <\/div>\n            <div class=\"kksr-star\" data-star=\"5\" style=\"padding-right: 5px\">\n            \n\n<div class=\"kksr-icon\" style=\"width: 24px; height: 24px;\"><\/div>\n        <\/div>\n    <\/div>\n    \n<div class=\"kksr-stars-active\" style=\"width: 0px;\">\n            <div class=\"kksr-star\" style=\"padding-right: 5px\">\n            \n\n<div class=\"kksr-icon\" style=\"width: 24px; height: 24px;\"><\/div>\n        <\/div>\n            <div class=\"kksr-star\" style=\"padding-right: 5px\">\n            \n\n<div class=\"kksr-icon\" style=\"width: 24px; height: 24px;\"><\/div>\n        <\/div>\n            <div class=\"kksr-star\" style=\"padding-right: 5px\">\n            \n\n<div class=\"kksr-icon\" style=\"width: 24px; height: 24px;\"><\/div>\n        <\/div>\n            <div class=\"kksr-star\" style=\"padding-right: 5px\">\n            \n\n<div class=\"kksr-icon\" style=\"width: 24px; height: 24px;\"><\/div>\n        <\/div>\n            <div class=\"kksr-star\" style=\"padding-right: 5px\">\n            \n\n<div class=\"kksr-icon\" style=\"width: 24px; height: 24px;\"><\/div>\n        <\/div>\n    <\/div>\n<\/div>\n                \n\n<div class=\"kksr-legend\" style=\"font-size: 19.2px;\">\n            <span class=\"kksr-muted\">Rate this product<\/span>\n    <\/div>\n    <\/div>\n<p><img data-recalc-dims=\"1\" decoding=\"async\" class=\"alignright size-full wp-image-12692\" src=\"https:\/\/i0.wp.com\/eurekaweb.fr\/wp\/wp-content\/uploads\/2019\/11\/oreiller-de-voyage-pillow-cou.jpg?resize=679%2C679&#038;ssl=1\" alt=\"\" width=\"679\" height=\"679\" srcset=\"https:\/\/i0.wp.com\/eurekaweb.fr\/wp\/wp-content\/uploads\/2019\/11\/oreiller-de-voyage-pillow-cou.jpg?w=679&amp;ssl=1 679w, https:\/\/i0.wp.com\/eurekaweb.fr\/wp\/wp-content\/uploads\/2019\/11\/oreiller-de-voyage-pillow-cou.jpg?resize=150%2C150&amp;ssl=1 150w, https:\/\/i0.wp.com\/eurekaweb.fr\/wp\/wp-content\/uploads\/2019\/11\/oreiller-de-voyage-pillow-cou.jpg?resize=300%2C300&amp;ssl=1 300w, https:\/\/i0.wp.com\/eurekaweb.fr\/wp\/wp-content\/uploads\/2019\/11\/oreiller-de-voyage-pillow-cou.jpg?resize=65%2C65&amp;ssl=1 65w, https:\/\/i0.wp.com\/eurekaweb.fr\/wp\/wp-content\/uploads\/2019\/11\/oreiller-de-voyage-pillow-cou.jpg?resize=600%2C600&amp;ssl=1 600w, https:\/\/i0.wp.com\/eurekaweb.fr\/wp\/wp-content\/uploads\/2019\/11\/oreiller-de-voyage-pillow-cou.jpg?resize=100%2C100&amp;ssl=1 100w\" sizes=\"(max-width: 679px) 100vw, 679px\" \/><\/p>\n<ul class=\"a-unordered-list a-vertical a-spacing-none\">\n<li><span class=\"a-list-item\"><span class=\"a-list-item\">J-pillow&#8230; Un oreiller de voyage, support pour la t\u00eate, gagnant du British Invention of the Year<\/span><\/span><span class=\"a-list-item\">.<\/span><\/li>\n<li><span class=\"a-list-item\">meilleur mentonni\u00e8re ing\u00e9nieux voyage oreiller garde la t\u00eate de tomber en avant, apporte son soutien au cou en remplissant \u00e9cart entre la t\u00eate et les \u00e9paules qui en fait le meilleur oreiller de soutien voyage brevet\u00e9 pour voyage et \u00e0 la maison.<\/span><\/li>\n<li><span class=\"a-list-item\">ideal pour le voyage conform et tournez dans plusieurs positions. la conception est parfaite pour un support complet tout en dormant debout sans le torticolis, le rendant parfait pour des vols en avion, voitures, bus, trains, camp.<\/span><\/li>\n<li><span class=\"a-list-item\">parfait pour la maison pour se d\u00e9tendre les fabriqu\u00e9 muscles de la t\u00eate et du cou en regardant la t\u00e9l\u00e9vision ou la lecture et pour la stabilisation de la t\u00eate pour les personnes ayant du mal \u00e0 tenir la t\u00eate et ont besoin d&rsquo;aide ou de dormir en position verticale.<\/span><\/li>\n<li><span class=\"a-list-item\">molletonn\u00e9 et soutient le mieux support et garde la t\u00eate sur\u00e9lev\u00e9e en position parfaite pour un sommeil r\u00e9parateur. vainqueur de la prestigieuse invention britannique de l&rsquo;ann\u00e9e.<\/span><\/li>\n<li><span class=\"a-list-item\">entretien facile et handy support de fermeture snaploop attache \u00e0 bagages, machine durable lavable, plus flexible que les oreillers de voyage de mousse de m\u00e9moire standard<\/span><\/li>\n<\/ul>\n","protected":false},"excerpt":{"rendered":"<p><img decoding=\"async\" class=\"alignright size-full wp-image-12692\" src=\"https:\/\/eurekaweb.fr\/wp\/wp-content\/uploads\/2019\/11\/oreiller-de-voyage-pillow-cou.jpg\" alt=\"\" width=\"679\" height=\"679\" srcset=\"https:\/\/i0.wp.com\/eurekaweb.fr\/wp\/wp-content\/uploads\/2019\/11\/oreiller-de-voyage-pillow-cou.jpg?w=679&amp;ssl=1 679w, https:\/\/i0.wp.com\/eurekaweb.fr\/wp\/wp-content\/uploads\/2019\/11\/oreiller-de-voyage-pillow-cou.jpg?resize=150%2C150&amp;ssl=1 150w, https:\/\/i0.wp.com\/eurekaweb.fr\/wp\/wp-content\/uploads\/2019\/11\/oreiller-de-voyage-pillow-cou.jpg?resize=300%2C300&amp;ssl=1 300w, https:\/\/i0.wp.com\/eurekaweb.fr\/wp\/wp-content\/uploads\/2019\/11\/oreiller-de-voyage-pillow-cou.jpg?resize=65%2C65&amp;ssl=1 65w, https:\/\/i0.wp.com\/eurekaweb.fr\/wp\/wp-content\/uploads\/2019\/11\/oreiller-de-voyage-pillow-cou.jpg?resize=600%2C600&amp;ssl=1 600w, https:\/\/i0.wp.com\/eurekaweb.fr\/wp\/wp-content\/uploads\/2019\/11\/oreiller-de-voyage-pillow-cou.jpg?resize=100%2C100&amp;ssl=1 100w\" sizes=\"(max-width: 679px) 100vw, 679px\" \/>J-Pillow&#8230; Un oreiller de voyage, support pour la t\u00eate, le cou et le menton.\u00a0 Cet oreiller d&rsquo;une qualit\u00e9 sup\u00e9rieure <span class=\"a-list-item\">garde la t\u00eate sur\u00e9lev\u00e9e en position parfaite pour un sommeil r\u00e9parateur. <\/span>Gagnant du prix Invention britannique de l&rsquo;ann\u00e9e. Parfait pour le voyage en voiture, en avion, en train&#8230;<\/p>\n","protected":false},"featured_media":12692,"comment_status":"closed","ping_status":"closed","template":"","meta":[],"product_cat":[6365],"product_tag":[5996,5995,5992,5994,5997,5998,5993],"class_list":["post-12690","product","type-product","status-publish","has-post-thumbnail","hentry","product_cat-store","product_tag-avion","product_tag-cou","product_tag-oreiller","product_tag-tete","product_tag-train","product_tag-voiture","product_tag-voyage","has_thumb"],"yoast_head":"<!-- This site is optimized with the Yoast SEO plugin v24.9 - https:\/\/yoast.com\/wordpress\/plugins\/seo\/ -->\n<title>J-pillow, oreiller de voyage - support pour la t\u00eate, le cou et le menton - Gagnant du prix Invention britannique de l&#039;ann\u00e9e - urekaWEB : les inventions qui changent le monde, de la roue \u00e0 l\u2019IA<\/title>\n<meta name=\"description\" content=\"J-Pillow, Oreiller de voyage - Gagnant du British Invention of the Year #invention #innovation #voyage #travel #vacances #transports #voiture #jpillow\" \/>\n<meta name=\"robots\" content=\"index, follow, max-snippet:-1, max-image-preview:large, max-video-preview:-1\" \/>\n<link rel=\"canonical\" href=\"https:\/\/eurekaweb.fr\/wp\/produit\/j-pillow-oreiller-de-voyage-support-pour-la-tete-le-cou-et-le-menton-gagnant-du-prix-invention-britannique-de-l-annee\/\" \/>\n<meta property=\"og:locale\" content=\"fr_FR\" \/>\n<meta property=\"og:type\" content=\"article\" \/>\n<meta property=\"og:title\" content=\"J-pillow, oreiller de voyage - support pour la t\u00eate, le cou et le menton - Gagnant du prix Invention britannique de l&#039;ann\u00e9e - urekaWEB : les inventions qui changent le monde, de la roue \u00e0 l\u2019IA\" \/>\n<meta property=\"og:description\" content=\"J-Pillow, Oreiller de voyage - Gagnant du British Invention of the Year #invention #innovation #voyage #travel #vacances #transports #voiture #jpillow\" \/>\n<meta property=\"og:url\" content=\"https:\/\/eurekaweb.fr\/wp\/produit\/j-pillow-oreiller-de-voyage-support-pour-la-tete-le-cou-et-le-menton-gagnant-du-prix-invention-britannique-de-l-annee\/\" \/>\n<meta property=\"og:site_name\" content=\"urekaWEB : les inventions qui changent le monde, de la roue \u00e0 l\u2019IA\" \/>\n<meta property=\"article:publisher\" content=\"https:\/\/www.facebook.com\/EurekawebInvent\" \/>\n<meta property=\"article:modified_time\" content=\"2020-11-07T12:39:34+00:00\" \/>\n<meta property=\"og:image\" content=\"https:\/\/eurekaweb.fr\/wp\/wp-content\/uploads\/2019\/11\/oreiller-de-voyage-pillow-cou.jpg\" \/>\n\t<meta property=\"og:image:width\" content=\"679\" \/>\n\t<meta property=\"og:image:height\" content=\"679\" \/>\n\t<meta property=\"og:image:type\" content=\"image\/jpeg\" \/>\n<meta name=\"twitter:card\" content=\"summary_large_image\" \/>\n<meta name=\"twitter:site\" content=\"@EurekawebInvent\" \/>\n<meta name=\"twitter:label1\" content=\"Dur\u00e9e de lecture estim\u00e9e\" \/>\n\t<meta name=\"twitter:data1\" content=\"1 minute\" \/>\n<script type=\"application\/ld+json\" class=\"yoast-schema-graph\">{\"@context\":\"https:\/\/schema.org\",\"@graph\":[{\"@type\":\"WebPage\",\"@id\":\"https:\/\/eurekaweb.fr\/wp\/produit\/j-pillow-oreiller-de-voyage-support-pour-la-tete-le-cou-et-le-menton-gagnant-du-prix-invention-britannique-de-l-annee\/\",\"url\":\"https:\/\/eurekaweb.fr\/wp\/produit\/j-pillow-oreiller-de-voyage-support-pour-la-tete-le-cou-et-le-menton-gagnant-du-prix-invention-britannique-de-l-annee\/\",\"name\":\"J-pillow, oreiller de voyage - support pour la t\u00eate, le cou et le menton - Gagnant du prix Invention britannique de l'ann\u00e9e - urekaWEB : les inventions qui changent le monde, de la roue \u00e0 l\u2019IA\",\"isPartOf\":{\"@id\":\"https:\/\/eurekaweb.fr\/wp\/#website\"},\"primaryImageOfPage\":{\"@id\":\"https:\/\/eurekaweb.fr\/wp\/produit\/j-pillow-oreiller-de-voyage-support-pour-la-tete-le-cou-et-le-menton-gagnant-du-prix-invention-britannique-de-l-annee\/#primaryimage\"},\"image\":{\"@id\":\"https:\/\/eurekaweb.fr\/wp\/produit\/j-pillow-oreiller-de-voyage-support-pour-la-tete-le-cou-et-le-menton-gagnant-du-prix-invention-britannique-de-l-annee\/#primaryimage\"},\"thumbnailUrl\":\"https:\/\/i0.wp.com\/eurekaweb.fr\/wp\/wp-content\/uploads\/2019\/11\/oreiller-de-voyage-pillow-cou.jpg?fit=679%2C679&ssl=1\",\"datePublished\":\"2019-11-11T11:17:56+00:00\",\"dateModified\":\"2020-11-07T12:39:34+00:00\",\"description\":\"J-Pillow, Oreiller de voyage - Gagnant du British Invention of the Year #invention #innovation #voyage #travel #vacances #transports #voiture #jpillow\",\"breadcrumb\":{\"@id\":\"https:\/\/eurekaweb.fr\/wp\/produit\/j-pillow-oreiller-de-voyage-support-pour-la-tete-le-cou-et-le-menton-gagnant-du-prix-invention-britannique-de-l-annee\/#breadcrumb\"},\"inLanguage\":\"fr-FR\",\"potentialAction\":[{\"@type\":\"ReadAction\",\"target\":[\"https:\/\/eurekaweb.fr\/wp\/produit\/j-pillow-oreiller-de-voyage-support-pour-la-tete-le-cou-et-le-menton-gagnant-du-prix-invention-britannique-de-l-annee\/\"]}]},{\"@type\":\"ImageObject\",\"inLanguage\":\"fr-FR\",\"@id\":\"https:\/\/eurekaweb.fr\/wp\/produit\/j-pillow-oreiller-de-voyage-support-pour-la-tete-le-cou-et-le-menton-gagnant-du-prix-invention-britannique-de-l-annee\/#primaryimage\",\"url\":\"https:\/\/i0.wp.com\/eurekaweb.fr\/wp\/wp-content\/uploads\/2019\/11\/oreiller-de-voyage-pillow-cou.jpg?fit=679%2C679&ssl=1\",\"contentUrl\":\"https:\/\/i0.wp.com\/eurekaweb.fr\/wp\/wp-content\/uploads\/2019\/11\/oreiller-de-voyage-pillow-cou.jpg?fit=679%2C679&ssl=1\",\"width\":679,\"height\":679},{\"@type\":\"BreadcrumbList\",\"@id\":\"https:\/\/eurekaweb.fr\/wp\/produit\/j-pillow-oreiller-de-voyage-support-pour-la-tete-le-cou-et-le-menton-gagnant-du-prix-invention-britannique-de-l-annee\/#breadcrumb\",\"itemListElement\":[{\"@type\":\"ListItem\",\"position\":1,\"name\":\"Accueil\",\"item\":\"https:\/\/eurekaweb.fr\/wp\/\"},{\"@type\":\"ListItem\",\"position\":2,\"name\":\"Boutique inventions\",\"item\":\"https:\/\/eurekaweb.fr\/wp\/boutique-inventions\/\"},{\"@type\":\"ListItem\",\"position\":3,\"name\":\"J-pillow, oreiller de voyage &#8211; support pour la t\u00eate, le cou et le menton &#8211; Gagnant du prix Invention britannique de l&rsquo;ann\u00e9e\"}]},{\"@type\":\"WebSite\",\"@id\":\"https:\/\/eurekaweb.fr\/wp\/#website\",\"url\":\"https:\/\/eurekaweb.fr\/wp\/\",\"name\":\"EurekaWEB : toutes les inventions & innovations \u00e0 port\u00e9e de clic\",\"description\":\"D\u00e9couvrez le top des innovations et des start-up d\u2019hier, d\u2019aujourd\u2019hui et de demain sur EurekaWEB.\",\"publisher\":{\"@id\":\"https:\/\/eurekaweb.fr\/wp\/#organization\"},\"alternateName\":\"EurekaWEB : inventions & innovations en continu\",\"potentialAction\":[{\"@type\":\"SearchAction\",\"target\":{\"@type\":\"EntryPoint\",\"urlTemplate\":\"https:\/\/eurekaweb.fr\/wp\/?s={search_term_string}\"},\"query-input\":{\"@type\":\"PropertyValueSpecification\",\"valueRequired\":true,\"valueName\":\"search_term_string\"}}],\"inLanguage\":\"fr-FR\"},{\"@type\":\"Organization\",\"@id\":\"https:\/\/eurekaweb.fr\/wp\/#organization\",\"name\":\"EurekaWEB - Inventions Innovations Gadgets\",\"url\":\"https:\/\/eurekaweb.fr\/wp\/\",\"logo\":{\"@type\":\"ImageObject\",\"inLanguage\":\"fr-FR\",\"@id\":\"https:\/\/eurekaweb.fr\/wp\/#\/schema\/logo\/image\/\",\"url\":\"https:\/\/i0.wp.com\/eurekaweb.fr\/wp\/wp-content\/uploads\/2020\/01\/eurekaweb-logo-instagram-hd.png?fit=1920%2C1920&ssl=1\",\"contentUrl\":\"https:\/\/i0.wp.com\/eurekaweb.fr\/wp\/wp-content\/uploads\/2020\/01\/eurekaweb-logo-instagram-hd.png?fit=1920%2C1920&ssl=1\",\"width\":1920,\"height\":1920,\"caption\":\"EurekaWEB - Inventions Innovations Gadgets\"},\"image\":{\"@id\":\"https:\/\/eurekaweb.fr\/wp\/#\/schema\/logo\/image\/\"},\"sameAs\":[\"https:\/\/www.facebook.com\/EurekawebInvent\",\"https:\/\/x.com\/EurekawebInvent\",\"https:\/\/www.instagram.com\/eurekaweb\/\",\"https:\/\/www.youtube.com\/channel\/UCpu2DqaoRrdY-3q-Gd53GlQ\"]}]}<\/script>\n<!-- \/ Yoast SEO plugin. -->","yoast_head_json":{"title":"J-pillow, oreiller de voyage - support pour la t\u00eate, le cou et le menton - Gagnant du prix Invention britannique de l'ann\u00e9e - urekaWEB : les inventions qui changent le monde, de la roue \u00e0 l\u2019IA","description":"J-Pillow, Oreiller de voyage - Gagnant du British Invention of the Year #invention #innovation #voyage #travel #vacances #transports #voiture #jpillow","robots":{"index":"index","follow":"follow","max-snippet":"max-snippet:-1","max-image-preview":"max-image-preview:large","max-video-preview":"max-video-preview:-1"},"canonical":"https:\/\/eurekaweb.fr\/wp\/produit\/j-pillow-oreiller-de-voyage-support-pour-la-tete-le-cou-et-le-menton-gagnant-du-prix-invention-britannique-de-l-annee\/","og_locale":"fr_FR","og_type":"article","og_title":"J-pillow, oreiller de voyage - support pour la t\u00eate, le cou et le menton - Gagnant du prix Invention britannique de l'ann\u00e9e - urekaWEB : les inventions qui changent le monde, de la roue \u00e0 l\u2019IA","og_description":"J-Pillow, Oreiller de voyage - Gagnant du British Invention of the Year #invention #innovation #voyage #travel #vacances #transports #voiture #jpillow","og_url":"https:\/\/eurekaweb.fr\/wp\/produit\/j-pillow-oreiller-de-voyage-support-pour-la-tete-le-cou-et-le-menton-gagnant-du-prix-invention-britannique-de-l-annee\/","og_site_name":"urekaWEB : les inventions qui changent le monde, de la roue \u00e0 l\u2019IA","article_publisher":"https:\/\/www.facebook.com\/EurekawebInvent","article_modified_time":"2020-11-07T12:39:34+00:00","og_image":[{"width":679,"height":679,"url":"https:\/\/eurekaweb.fr\/wp\/wp-content\/uploads\/2019\/11\/oreiller-de-voyage-pillow-cou.jpg","type":"image\/jpeg"}],"twitter_card":"summary_large_image","twitter_site":"@EurekawebInvent","twitter_misc":{"Dur\u00e9e de lecture estim\u00e9e":"1 minute"},"schema":{"@context":"https:\/\/schema.org","@graph":[{"@type":"WebPage","@id":"https:\/\/eurekaweb.fr\/wp\/produit\/j-pillow-oreiller-de-voyage-support-pour-la-tete-le-cou-et-le-menton-gagnant-du-prix-invention-britannique-de-l-annee\/","url":"https:\/\/eurekaweb.fr\/wp\/produit\/j-pillow-oreiller-de-voyage-support-pour-la-tete-le-cou-et-le-menton-gagnant-du-prix-invention-britannique-de-l-annee\/","name":"J-pillow, oreiller de voyage - support pour la t\u00eate, le cou et le menton - Gagnant du prix Invention britannique de l'ann\u00e9e - urekaWEB : les inventions qui changent le monde, de la roue \u00e0 l\u2019IA","isPartOf":{"@id":"https:\/\/eurekaweb.fr\/wp\/#website"},"primaryImageOfPage":{"@id":"https:\/\/eurekaweb.fr\/wp\/produit\/j-pillow-oreiller-de-voyage-support-pour-la-tete-le-cou-et-le-menton-gagnant-du-prix-invention-britannique-de-l-annee\/#primaryimage"},"image":{"@id":"https:\/\/eurekaweb.fr\/wp\/produit\/j-pillow-oreiller-de-voyage-support-pour-la-tete-le-cou-et-le-menton-gagnant-du-prix-invention-britannique-de-l-annee\/#primaryimage"},"thumbnailUrl":"https:\/\/i0.wp.com\/eurekaweb.fr\/wp\/wp-content\/uploads\/2019\/11\/oreiller-de-voyage-pillow-cou.jpg?fit=679%2C679&ssl=1","datePublished":"2019-11-11T11:17:56+00:00","dateModified":"2020-11-07T12:39:34+00:00","description":"J-Pillow, Oreiller de voyage - Gagnant du British Invention of the Year #invention #innovation #voyage #travel #vacances #transports #voiture #jpillow","breadcrumb":{"@id":"https:\/\/eurekaweb.fr\/wp\/produit\/j-pillow-oreiller-de-voyage-support-pour-la-tete-le-cou-et-le-menton-gagnant-du-prix-invention-britannique-de-l-annee\/#breadcrumb"},"inLanguage":"fr-FR","potentialAction":[{"@type":"ReadAction","target":["https:\/\/eurekaweb.fr\/wp\/produit\/j-pillow-oreiller-de-voyage-support-pour-la-tete-le-cou-et-le-menton-gagnant-du-prix-invention-britannique-de-l-annee\/"]}]},{"@type":"ImageObject","inLanguage":"fr-FR","@id":"https:\/\/eurekaweb.fr\/wp\/produit\/j-pillow-oreiller-de-voyage-support-pour-la-tete-le-cou-et-le-menton-gagnant-du-prix-invention-britannique-de-l-annee\/#primaryimage","url":"https:\/\/i0.wp.com\/eurekaweb.fr\/wp\/wp-content\/uploads\/2019\/11\/oreiller-de-voyage-pillow-cou.jpg?fit=679%2C679&ssl=1","contentUrl":"https:\/\/i0.wp.com\/eurekaweb.fr\/wp\/wp-content\/uploads\/2019\/11\/oreiller-de-voyage-pillow-cou.jpg?fit=679%2C679&ssl=1","width":679,"height":679},{"@type":"BreadcrumbList","@id":"https:\/\/eurekaweb.fr\/wp\/produit\/j-pillow-oreiller-de-voyage-support-pour-la-tete-le-cou-et-le-menton-gagnant-du-prix-invention-britannique-de-l-annee\/#breadcrumb","itemListElement":[{"@type":"ListItem","position":1,"name":"Accueil","item":"https:\/\/eurekaweb.fr\/wp\/"},{"@type":"ListItem","position":2,"name":"Boutique inventions","item":"https:\/\/eurekaweb.fr\/wp\/boutique-inventions\/"},{"@type":"ListItem","position":3,"name":"J-pillow, oreiller de voyage &#8211; support pour la t\u00eate, le cou et le menton &#8211; Gagnant du prix Invention britannique de l&rsquo;ann\u00e9e"}]},{"@type":"WebSite","@id":"https:\/\/eurekaweb.fr\/wp\/#website","url":"https:\/\/eurekaweb.fr\/wp\/","name":"EurekaWEB : toutes les inventions & innovations \u00e0 port\u00e9e de clic","description":"D\u00e9couvrez le top des innovations et des start-up d\u2019hier, d\u2019aujourd\u2019hui et de demain sur EurekaWEB.","publisher":{"@id":"https:\/\/eurekaweb.fr\/wp\/#organization"},"alternateName":"EurekaWEB : inventions & innovations en continu","potentialAction":[{"@type":"SearchAction","target":{"@type":"EntryPoint","urlTemplate":"https:\/\/eurekaweb.fr\/wp\/?s={search_term_string}"},"query-input":{"@type":"PropertyValueSpecification","valueRequired":true,"valueName":"search_term_string"}}],"inLanguage":"fr-FR"},{"@type":"Organization","@id":"https:\/\/eurekaweb.fr\/wp\/#organization","name":"EurekaWEB - Inventions Innovations Gadgets","url":"https:\/\/eurekaweb.fr\/wp\/","logo":{"@type":"ImageObject","inLanguage":"fr-FR","@id":"https:\/\/eurekaweb.fr\/wp\/#\/schema\/logo\/image\/","url":"https:\/\/i0.wp.com\/eurekaweb.fr\/wp\/wp-content\/uploads\/2020\/01\/eurekaweb-logo-instagram-hd.png?fit=1920%2C1920&ssl=1","contentUrl":"https:\/\/i0.wp.com\/eurekaweb.fr\/wp\/wp-content\/uploads\/2020\/01\/eurekaweb-logo-instagram-hd.png?fit=1920%2C1920&ssl=1","width":1920,"height":1920,"caption":"EurekaWEB - Inventions Innovations Gadgets"},"image":{"@id":"https:\/\/eurekaweb.fr\/wp\/#\/schema\/logo\/image\/"},"sameAs":["https:\/\/www.facebook.com\/EurekawebInvent","https:\/\/x.com\/EurekawebInvent","https:\/\/www.instagram.com\/eurekaweb\/","https:\/\/www.youtube.com\/channel\/UCpu2DqaoRrdY-3q-Gd53GlQ"]}]}},"jetpack-related-posts":[],"jetpack_sharing_enabled":true,"jetpack_likes_enabled":true,"_links":{"self":[{"href":"https:\/\/eurekaweb.fr\/wp\/wp-json\/wp\/v2\/product\/12690","targetHints":{"allow":["GET"]}}],"collection":[{"href":"https:\/\/eurekaweb.fr\/wp\/wp-json\/wp\/v2\/product"}],"about":[{"href":"https:\/\/eurekaweb.fr\/wp\/wp-json\/wp\/v2\/types\/product"}],"replies":[{"embeddable":true,"href":"https:\/\/eurekaweb.fr\/wp\/wp-json\/wp\/v2\/comments?post=12690"}],"wp:featuredmedia":[{"embeddable":true,"href":"https:\/\/eurekaweb.fr\/wp\/wp-json\/wp\/v2\/media\/12692"}],"wp:attachment":[{"href":"https:\/\/eurekaweb.fr\/wp\/wp-json\/wp\/v2\/media?parent=12690"}],"wp:term":[{"taxonomy":"product_cat","embeddable":true,"href":"https:\/\/eurekaweb.fr\/wp\/wp-json\/wp\/v2\/product_cat?post=12690"},{"taxonomy":"product_tag","embeddable":true,"href":"https:\/\/eurekaweb.fr\/wp\/wp-json\/wp\/v2\/product_tag?post=12690"}],"curies":[{"name":"wp","href":"https:\/\/api.w.org\/{rel}","templated":true}]}}