{"id":17306,"date":"2020-10-12T18:16:39","date_gmt":"2020-10-12T16:16:39","guid":{"rendered":"https:\/\/eurekaweb.fr\/wp\/?post_type=product&#038;p=17306"},"modified":"2020-11-07T13:37:30","modified_gmt":"2020-11-07T12:37:30","slug":"boule-magique-numero-8-predit-l-avenir","status":"publish","type":"product","link":"https:\/\/eurekaweb.fr\/wp\/produit\/boule-magique-numero-8-predit-l-avenir\/","title":{"rendered":"Boule magique num\u00e9ro 8 : pr\u00e9dit l&rsquo;avenir"},"content":{"rendered":"\n\n<div class=\"kk-star-ratings kksr-auto kksr-align-left kksr-valign-top\"\n    data-payload='{&quot;align&quot;:&quot;left&quot;,&quot;id&quot;:&quot;17306&quot;,&quot;slug&quot;:&quot;default&quot;,&quot;valign&quot;:&quot;top&quot;,&quot;ignore&quot;:&quot;&quot;,&quot;reference&quot;:&quot;auto&quot;,&quot;class&quot;:&quot;&quot;,&quot;count&quot;:&quot;2&quot;,&quot;legendonly&quot;:&quot;&quot;,&quot;readonly&quot;:&quot;&quot;,&quot;score&quot;:&quot;5&quot;,&quot;starsonly&quot;:&quot;&quot;,&quot;best&quot;:&quot;5&quot;,&quot;gap&quot;:&quot;5&quot;,&quot;greet&quot;:&quot;Rate this product&quot;,&quot;legend&quot;:&quot;5\\\/5 - (2 votes)&quot;,&quot;size&quot;:&quot;24&quot;,&quot;title&quot;:&quot;Boule magique num\u00e9ro 8 : pr\u00e9dit l\\u0026#039;avenir&quot;,&quot;width&quot;:&quot;142.5&quot;,&quot;_legend&quot;:&quot;{score}\\\/{best} - ({count} {votes})&quot;,&quot;font_factor&quot;:&quot;1.25&quot;}'>\n            \n<div class=\"kksr-stars\">\n    \n<div class=\"kksr-stars-inactive\">\n            <div class=\"kksr-star\" data-star=\"1\" style=\"padding-right: 5px\">\n            \n\n<div class=\"kksr-icon\" style=\"width: 24px; height: 24px;\"><\/div>\n        <\/div>\n            <div class=\"kksr-star\" data-star=\"2\" style=\"padding-right: 5px\">\n            \n\n<div class=\"kksr-icon\" style=\"width: 24px; height: 24px;\"><\/div>\n        <\/div>\n            <div class=\"kksr-star\" data-star=\"3\" style=\"padding-right: 5px\">\n            \n\n<div class=\"kksr-icon\" style=\"width: 24px; height: 24px;\"><\/div>\n        <\/div>\n            <div class=\"kksr-star\" data-star=\"4\" style=\"padding-right: 5px\">\n            \n\n<div class=\"kksr-icon\" style=\"width: 24px; height: 24px;\"><\/div>\n        <\/div>\n            <div class=\"kksr-star\" data-star=\"5\" style=\"padding-right: 5px\">\n            \n\n<div class=\"kksr-icon\" style=\"width: 24px; height: 24px;\"><\/div>\n        <\/div>\n    <\/div>\n    \n<div class=\"kksr-stars-active\" style=\"width: 142.5px;\">\n            <div class=\"kksr-star\" style=\"padding-right: 5px\">\n            \n\n<div class=\"kksr-icon\" style=\"width: 24px; height: 24px;\"><\/div>\n        <\/div>\n            <div class=\"kksr-star\" style=\"padding-right: 5px\">\n            \n\n<div class=\"kksr-icon\" style=\"width: 24px; height: 24px;\"><\/div>\n        <\/div>\n            <div class=\"kksr-star\" style=\"padding-right: 5px\">\n            \n\n<div class=\"kksr-icon\" style=\"width: 24px; height: 24px;\"><\/div>\n        <\/div>\n            <div class=\"kksr-star\" style=\"padding-right: 5px\">\n            \n\n<div class=\"kksr-icon\" style=\"width: 24px; height: 24px;\"><\/div>\n        <\/div>\n            <div class=\"kksr-star\" style=\"padding-right: 5px\">\n            \n\n<div class=\"kksr-icon\" style=\"width: 24px; height: 24px;\"><\/div>\n        <\/div>\n    <\/div>\n<\/div>\n                \n\n<div class=\"kksr-legend\" style=\"font-size: 19.2px;\">\n            5\/5 - (2 votes)    <\/div>\n    <\/div>\n<p><img data-recalc-dims=\"1\" decoding=\"async\" class=\"alignright size-full wp-image-17307\" src=\"https:\/\/i0.wp.com\/eurekaweb.fr\/wp\/wp-content\/uploads\/2020\/10\/boule-magique-numero-predit-l-avenir.jpg?resize=1060%2C707&#038;ssl=1\" alt=\"\" width=\"1060\" height=\"707\" srcset=\"https:\/\/i0.wp.com\/eurekaweb.fr\/wp\/wp-content\/uploads\/2020\/10\/boule-magique-numero-predit-l-avenir.jpg?w=1080&amp;ssl=1 1080w, https:\/\/i0.wp.com\/eurekaweb.fr\/wp\/wp-content\/uploads\/2020\/10\/boule-magique-numero-predit-l-avenir.jpg?resize=300%2C200&amp;ssl=1 300w, https:\/\/i0.wp.com\/eurekaweb.fr\/wp\/wp-content\/uploads\/2020\/10\/boule-magique-numero-predit-l-avenir.jpg?resize=1024%2C683&amp;ssl=1 1024w, https:\/\/i0.wp.com\/eurekaweb.fr\/wp\/wp-content\/uploads\/2020\/10\/boule-magique-numero-predit-l-avenir.jpg?resize=768%2C512&amp;ssl=1 768w, https:\/\/i0.wp.com\/eurekaweb.fr\/wp\/wp-content\/uploads\/2020\/10\/boule-magique-numero-predit-l-avenir.jpg?resize=600%2C400&amp;ssl=1 600w\" sizes=\"(max-width: 1060px) 100vw, 1060px\" \/><\/p>\n<p>R\u00e9v\u00e9lez votre destin avec cette <strong>boule magique<\/strong> num\u00e9ro 8&#8230; Cette boule d&rsquo;infini Mystic vous aidera \u00e0 prendre des d\u00e9cisions facilement. Posez une question, secouez la boule, retournez-la et la r\u00e9ponse apparaitra mystiquement dans une fen\u00eatre \u00e0 l&rsquo;arri\u00e8re de l&rsquo;objet. Cette boule porte-bonheur fonctionne avec les questions \u00ab\u00a0oui\u00a0\u00bb et \u00ab\u00a0non\u00a0\u00bb. Emball\u00e9e individuellement, cette boule Mystic Infinity mesure environ 7 cm.<\/p>\n<p>Diseuse de bonne aventure sous la forme d&rsquo;une boule de billard de num\u00e9ro 8.\u00a0 La balle magique qui r\u00e9pond aux questions. Pr\u00e9dit l&rsquo;avenir!<\/p>\n","protected":false},"excerpt":{"rendered":"<p>R\u00e9v\u00e9lez votre destin avec cette <strong>boule magique<\/strong> num\u00e9ro 8&#8230; Cette boule d&rsquo;infini Mystic vous aidera \u00e0 prendre des d\u00e9cisions facilement.<\/p>\n","protected":false},"featured_media":17307,"comment_status":"closed","ping_status":"closed","template":"","meta":[],"product_cat":[6365],"product_tag":[],"class_list":["post-17306","product","type-product","status-publish","has-post-thumbnail","hentry","product_cat-store","has_thumb"],"yoast_head":"<!-- This site is optimized with the Yoast SEO plugin v24.9 - https:\/\/yoast.com\/wordpress\/plugins\/seo\/ -->\n<title>Boule magique num\u00e9ro 8 : pr\u00e9dit l&#039;avenir - urekaWEB : les inventions qui changent le monde, de la roue \u00e0 l\u2019IA<\/title>\n<meta name=\"description\" content=\"R\u00e9v\u00e9lez votre destin avec cette boule magique num\u00e9ro 8... Cette boule d&#039;infini Mystic vous aidera \u00e0 prendre des d\u00e9cisions facilement. Posez une question, secouez la boule, retournez-la et la r\u00e9ponse apparaitra mystiquement dans une fen\u00eatre \u00e0 l&#039;arri\u00e8re de l&#039;objet.\" \/>\n<meta name=\"robots\" content=\"index, follow, max-snippet:-1, max-image-preview:large, max-video-preview:-1\" \/>\n<link rel=\"canonical\" href=\"https:\/\/eurekaweb.fr\/wp\/produit\/boule-magique-numero-8-predit-l-avenir\/\" \/>\n<meta property=\"og:locale\" content=\"fr_FR\" \/>\n<meta property=\"og:type\" content=\"article\" \/>\n<meta property=\"og:title\" content=\"Boule magique num\u00e9ro 8 : pr\u00e9dit l&#039;avenir - urekaWEB : les inventions qui changent le monde, de la roue \u00e0 l\u2019IA\" \/>\n<meta property=\"og:description\" content=\"R\u00e9v\u00e9lez votre destin avec cette boule magique num\u00e9ro 8... Cette boule d&#039;infini Mystic vous aidera \u00e0 prendre des d\u00e9cisions facilement. Posez une question, secouez la boule, retournez-la et la r\u00e9ponse apparaitra mystiquement dans une fen\u00eatre \u00e0 l&#039;arri\u00e8re de l&#039;objet.\" \/>\n<meta property=\"og:url\" content=\"https:\/\/eurekaweb.fr\/wp\/produit\/boule-magique-numero-8-predit-l-avenir\/\" \/>\n<meta property=\"og:site_name\" content=\"urekaWEB : les inventions qui changent le monde, de la roue \u00e0 l\u2019IA\" \/>\n<meta property=\"article:publisher\" content=\"https:\/\/www.facebook.com\/EurekawebInvent\" \/>\n<meta property=\"article:modified_time\" content=\"2020-11-07T12:37:30+00:00\" \/>\n<meta property=\"og:image\" content=\"https:\/\/eurekaweb.fr\/wp\/wp-content\/uploads\/2020\/10\/boule-magique-numero-predit-l-avenir.jpg\" \/>\n\t<meta property=\"og:image:width\" content=\"1080\" \/>\n\t<meta property=\"og:image:height\" content=\"720\" \/>\n\t<meta property=\"og:image:type\" content=\"image\/jpeg\" \/>\n<meta name=\"twitter:card\" content=\"summary_large_image\" \/>\n<meta name=\"twitter:site\" content=\"@EurekawebInvent\" \/>\n<script type=\"application\/ld+json\" class=\"yoast-schema-graph\">{\"@context\":\"https:\/\/schema.org\",\"@graph\":[{\"@type\":\"WebPage\",\"@id\":\"https:\/\/eurekaweb.fr\/wp\/produit\/boule-magique-numero-8-predit-l-avenir\/\",\"url\":\"https:\/\/eurekaweb.fr\/wp\/produit\/boule-magique-numero-8-predit-l-avenir\/\",\"name\":\"Boule magique num\u00e9ro 8 : pr\u00e9dit l'avenir - urekaWEB : les inventions qui changent le monde, de la roue \u00e0 l\u2019IA\",\"isPartOf\":{\"@id\":\"https:\/\/eurekaweb.fr\/wp\/#website\"},\"primaryImageOfPage\":{\"@id\":\"https:\/\/eurekaweb.fr\/wp\/produit\/boule-magique-numero-8-predit-l-avenir\/#primaryimage\"},\"image\":{\"@id\":\"https:\/\/eurekaweb.fr\/wp\/produit\/boule-magique-numero-8-predit-l-avenir\/#primaryimage\"},\"thumbnailUrl\":\"https:\/\/i0.wp.com\/eurekaweb.fr\/wp\/wp-content\/uploads\/2020\/10\/boule-magique-numero-predit-l-avenir.jpg?fit=1080%2C720&ssl=1\",\"datePublished\":\"2020-10-12T16:16:39+00:00\",\"dateModified\":\"2020-11-07T12:37:30+00:00\",\"description\":\"R\u00e9v\u00e9lez votre destin avec cette boule magique num\u00e9ro 8... Cette boule d'infini Mystic vous aidera \u00e0 prendre des d\u00e9cisions facilement. Posez une question, secouez la boule, retournez-la et la r\u00e9ponse apparaitra mystiquement dans une fen\u00eatre \u00e0 l'arri\u00e8re de l'objet.\",\"breadcrumb\":{\"@id\":\"https:\/\/eurekaweb.fr\/wp\/produit\/boule-magique-numero-8-predit-l-avenir\/#breadcrumb\"},\"inLanguage\":\"fr-FR\",\"potentialAction\":[{\"@type\":\"ReadAction\",\"target\":[\"https:\/\/eurekaweb.fr\/wp\/produit\/boule-magique-numero-8-predit-l-avenir\/\"]}]},{\"@type\":\"ImageObject\",\"inLanguage\":\"fr-FR\",\"@id\":\"https:\/\/eurekaweb.fr\/wp\/produit\/boule-magique-numero-8-predit-l-avenir\/#primaryimage\",\"url\":\"https:\/\/i0.wp.com\/eurekaweb.fr\/wp\/wp-content\/uploads\/2020\/10\/boule-magique-numero-predit-l-avenir.jpg?fit=1080%2C720&ssl=1\",\"contentUrl\":\"https:\/\/i0.wp.com\/eurekaweb.fr\/wp\/wp-content\/uploads\/2020\/10\/boule-magique-numero-predit-l-avenir.jpg?fit=1080%2C720&ssl=1\",\"width\":1080,\"height\":720},{\"@type\":\"BreadcrumbList\",\"@id\":\"https:\/\/eurekaweb.fr\/wp\/produit\/boule-magique-numero-8-predit-l-avenir\/#breadcrumb\",\"itemListElement\":[{\"@type\":\"ListItem\",\"position\":1,\"name\":\"Accueil\",\"item\":\"https:\/\/eurekaweb.fr\/wp\/\"},{\"@type\":\"ListItem\",\"position\":2,\"name\":\"Boutique inventions\",\"item\":\"https:\/\/eurekaweb.fr\/wp\/boutique-inventions\/\"},{\"@type\":\"ListItem\",\"position\":3,\"name\":\"Boule magique num\u00e9ro 8 : pr\u00e9dit l&rsquo;avenir\"}]},{\"@type\":\"WebSite\",\"@id\":\"https:\/\/eurekaweb.fr\/wp\/#website\",\"url\":\"https:\/\/eurekaweb.fr\/wp\/\",\"name\":\"EurekaWEB : toutes les inventions & innovations \u00e0 port\u00e9e de clic\",\"description\":\"D\u00e9couvrez le top des innovations et des start-up d\u2019hier, d\u2019aujourd\u2019hui et de demain sur EurekaWEB.\",\"publisher\":{\"@id\":\"https:\/\/eurekaweb.fr\/wp\/#organization\"},\"alternateName\":\"EurekaWEB : inventions & innovations en continu\",\"potentialAction\":[{\"@type\":\"SearchAction\",\"target\":{\"@type\":\"EntryPoint\",\"urlTemplate\":\"https:\/\/eurekaweb.fr\/wp\/?s={search_term_string}\"},\"query-input\":{\"@type\":\"PropertyValueSpecification\",\"valueRequired\":true,\"valueName\":\"search_term_string\"}}],\"inLanguage\":\"fr-FR\"},{\"@type\":\"Organization\",\"@id\":\"https:\/\/eurekaweb.fr\/wp\/#organization\",\"name\":\"EurekaWEB - Inventions Innovations Gadgets\",\"url\":\"https:\/\/eurekaweb.fr\/wp\/\",\"logo\":{\"@type\":\"ImageObject\",\"inLanguage\":\"fr-FR\",\"@id\":\"https:\/\/eurekaweb.fr\/wp\/#\/schema\/logo\/image\/\",\"url\":\"https:\/\/i0.wp.com\/eurekaweb.fr\/wp\/wp-content\/uploads\/2020\/01\/eurekaweb-logo-instagram-hd.png?fit=1920%2C1920&ssl=1\",\"contentUrl\":\"https:\/\/i0.wp.com\/eurekaweb.fr\/wp\/wp-content\/uploads\/2020\/01\/eurekaweb-logo-instagram-hd.png?fit=1920%2C1920&ssl=1\",\"width\":1920,\"height\":1920,\"caption\":\"EurekaWEB - Inventions Innovations Gadgets\"},\"image\":{\"@id\":\"https:\/\/eurekaweb.fr\/wp\/#\/schema\/logo\/image\/\"},\"sameAs\":[\"https:\/\/www.facebook.com\/EurekawebInvent\",\"https:\/\/x.com\/EurekawebInvent\",\"https:\/\/www.instagram.com\/eurekaweb\/\",\"https:\/\/www.youtube.com\/channel\/UCpu2DqaoRrdY-3q-Gd53GlQ\"]}]}<\/script>\n<!-- \/ Yoast SEO plugin. -->","yoast_head_json":{"title":"Boule magique num\u00e9ro 8 : pr\u00e9dit l'avenir - urekaWEB : les inventions qui changent le monde, de la roue \u00e0 l\u2019IA","description":"R\u00e9v\u00e9lez votre destin avec cette boule magique num\u00e9ro 8... Cette boule d'infini Mystic vous aidera \u00e0 prendre des d\u00e9cisions facilement. Posez une question, secouez la boule, retournez-la et la r\u00e9ponse apparaitra mystiquement dans une fen\u00eatre \u00e0 l'arri\u00e8re de l'objet.","robots":{"index":"index","follow":"follow","max-snippet":"max-snippet:-1","max-image-preview":"max-image-preview:large","max-video-preview":"max-video-preview:-1"},"canonical":"https:\/\/eurekaweb.fr\/wp\/produit\/boule-magique-numero-8-predit-l-avenir\/","og_locale":"fr_FR","og_type":"article","og_title":"Boule magique num\u00e9ro 8 : pr\u00e9dit l'avenir - urekaWEB : les inventions qui changent le monde, de la roue \u00e0 l\u2019IA","og_description":"R\u00e9v\u00e9lez votre destin avec cette boule magique num\u00e9ro 8... Cette boule d'infini Mystic vous aidera \u00e0 prendre des d\u00e9cisions facilement. Posez une question, secouez la boule, retournez-la et la r\u00e9ponse apparaitra mystiquement dans une fen\u00eatre \u00e0 l'arri\u00e8re de l'objet.","og_url":"https:\/\/eurekaweb.fr\/wp\/produit\/boule-magique-numero-8-predit-l-avenir\/","og_site_name":"urekaWEB : les inventions qui changent le monde, de la roue \u00e0 l\u2019IA","article_publisher":"https:\/\/www.facebook.com\/EurekawebInvent","article_modified_time":"2020-11-07T12:37:30+00:00","og_image":[{"width":1080,"height":720,"url":"https:\/\/eurekaweb.fr\/wp\/wp-content\/uploads\/2020\/10\/boule-magique-numero-predit-l-avenir.jpg","type":"image\/jpeg"}],"twitter_card":"summary_large_image","twitter_site":"@EurekawebInvent","schema":{"@context":"https:\/\/schema.org","@graph":[{"@type":"WebPage","@id":"https:\/\/eurekaweb.fr\/wp\/produit\/boule-magique-numero-8-predit-l-avenir\/","url":"https:\/\/eurekaweb.fr\/wp\/produit\/boule-magique-numero-8-predit-l-avenir\/","name":"Boule magique num\u00e9ro 8 : pr\u00e9dit l'avenir - urekaWEB : les inventions qui changent le monde, de la roue \u00e0 l\u2019IA","isPartOf":{"@id":"https:\/\/eurekaweb.fr\/wp\/#website"},"primaryImageOfPage":{"@id":"https:\/\/eurekaweb.fr\/wp\/produit\/boule-magique-numero-8-predit-l-avenir\/#primaryimage"},"image":{"@id":"https:\/\/eurekaweb.fr\/wp\/produit\/boule-magique-numero-8-predit-l-avenir\/#primaryimage"},"thumbnailUrl":"https:\/\/i0.wp.com\/eurekaweb.fr\/wp\/wp-content\/uploads\/2020\/10\/boule-magique-numero-predit-l-avenir.jpg?fit=1080%2C720&ssl=1","datePublished":"2020-10-12T16:16:39+00:00","dateModified":"2020-11-07T12:37:30+00:00","description":"R\u00e9v\u00e9lez votre destin avec cette boule magique num\u00e9ro 8... Cette boule d'infini Mystic vous aidera \u00e0 prendre des d\u00e9cisions facilement. Posez une question, secouez la boule, retournez-la et la r\u00e9ponse apparaitra mystiquement dans une fen\u00eatre \u00e0 l'arri\u00e8re de l'objet.","breadcrumb":{"@id":"https:\/\/eurekaweb.fr\/wp\/produit\/boule-magique-numero-8-predit-l-avenir\/#breadcrumb"},"inLanguage":"fr-FR","potentialAction":[{"@type":"ReadAction","target":["https:\/\/eurekaweb.fr\/wp\/produit\/boule-magique-numero-8-predit-l-avenir\/"]}]},{"@type":"ImageObject","inLanguage":"fr-FR","@id":"https:\/\/eurekaweb.fr\/wp\/produit\/boule-magique-numero-8-predit-l-avenir\/#primaryimage","url":"https:\/\/i0.wp.com\/eurekaweb.fr\/wp\/wp-content\/uploads\/2020\/10\/boule-magique-numero-predit-l-avenir.jpg?fit=1080%2C720&ssl=1","contentUrl":"https:\/\/i0.wp.com\/eurekaweb.fr\/wp\/wp-content\/uploads\/2020\/10\/boule-magique-numero-predit-l-avenir.jpg?fit=1080%2C720&ssl=1","width":1080,"height":720},{"@type":"BreadcrumbList","@id":"https:\/\/eurekaweb.fr\/wp\/produit\/boule-magique-numero-8-predit-l-avenir\/#breadcrumb","itemListElement":[{"@type":"ListItem","position":1,"name":"Accueil","item":"https:\/\/eurekaweb.fr\/wp\/"},{"@type":"ListItem","position":2,"name":"Boutique inventions","item":"https:\/\/eurekaweb.fr\/wp\/boutique-inventions\/"},{"@type":"ListItem","position":3,"name":"Boule magique num\u00e9ro 8 : pr\u00e9dit l&rsquo;avenir"}]},{"@type":"WebSite","@id":"https:\/\/eurekaweb.fr\/wp\/#website","url":"https:\/\/eurekaweb.fr\/wp\/","name":"EurekaWEB : toutes les inventions & innovations \u00e0 port\u00e9e de clic","description":"D\u00e9couvrez le top des innovations et des start-up d\u2019hier, d\u2019aujourd\u2019hui et de demain sur EurekaWEB.","publisher":{"@id":"https:\/\/eurekaweb.fr\/wp\/#organization"},"alternateName":"EurekaWEB : inventions & innovations en continu","potentialAction":[{"@type":"SearchAction","target":{"@type":"EntryPoint","urlTemplate":"https:\/\/eurekaweb.fr\/wp\/?s={search_term_string}"},"query-input":{"@type":"PropertyValueSpecification","valueRequired":true,"valueName":"search_term_string"}}],"inLanguage":"fr-FR"},{"@type":"Organization","@id":"https:\/\/eurekaweb.fr\/wp\/#organization","name":"EurekaWEB - Inventions Innovations Gadgets","url":"https:\/\/eurekaweb.fr\/wp\/","logo":{"@type":"ImageObject","inLanguage":"fr-FR","@id":"https:\/\/eurekaweb.fr\/wp\/#\/schema\/logo\/image\/","url":"https:\/\/i0.wp.com\/eurekaweb.fr\/wp\/wp-content\/uploads\/2020\/01\/eurekaweb-logo-instagram-hd.png?fit=1920%2C1920&ssl=1","contentUrl":"https:\/\/i0.wp.com\/eurekaweb.fr\/wp\/wp-content\/uploads\/2020\/01\/eurekaweb-logo-instagram-hd.png?fit=1920%2C1920&ssl=1","width":1920,"height":1920,"caption":"EurekaWEB - Inventions Innovations Gadgets"},"image":{"@id":"https:\/\/eurekaweb.fr\/wp\/#\/schema\/logo\/image\/"},"sameAs":["https:\/\/www.facebook.com\/EurekawebInvent","https:\/\/x.com\/EurekawebInvent","https:\/\/www.instagram.com\/eurekaweb\/","https:\/\/www.youtube.com\/channel\/UCpu2DqaoRrdY-3q-Gd53GlQ"]}]}},"jetpack-related-posts":[],"jetpack_sharing_enabled":true,"jetpack_likes_enabled":true,"_links":{"self":[{"href":"https:\/\/eurekaweb.fr\/wp\/wp-json\/wp\/v2\/product\/17306","targetHints":{"allow":["GET"]}}],"collection":[{"href":"https:\/\/eurekaweb.fr\/wp\/wp-json\/wp\/v2\/product"}],"about":[{"href":"https:\/\/eurekaweb.fr\/wp\/wp-json\/wp\/v2\/types\/product"}],"replies":[{"embeddable":true,"href":"https:\/\/eurekaweb.fr\/wp\/wp-json\/wp\/v2\/comments?post=17306"}],"wp:featuredmedia":[{"embeddable":true,"href":"https:\/\/eurekaweb.fr\/wp\/wp-json\/wp\/v2\/media\/17307"}],"wp:attachment":[{"href":"https:\/\/eurekaweb.fr\/wp\/wp-json\/wp\/v2\/media?parent=17306"}],"wp:term":[{"taxonomy":"product_cat","embeddable":true,"href":"https:\/\/eurekaweb.fr\/wp\/wp-json\/wp\/v2\/product_cat?post=17306"},{"taxonomy":"product_tag","embeddable":true,"href":"https:\/\/eurekaweb.fr\/wp\/wp-json\/wp\/v2\/product_tag?post=17306"}],"curies":[{"name":"wp","href":"https:\/\/api.w.org\/{rel}","templated":true}]}}