{"id":17486,"date":"2020-11-10T23:25:47","date_gmt":"2020-11-10T22:25:47","guid":{"rendered":"https:\/\/eurekaweb.fr\/wp\/?post_type=product&#038;p=17486"},"modified":"2020-11-10T23:51:03","modified_gmt":"2020-11-10T22:51:03","slug":"selfie-led-ring-light-anneau-lumineux-de-selfie-avec-lumiere-led-pour-camera","status":"publish","type":"product","link":"https:\/\/eurekaweb.fr\/wp\/produit\/selfie-led-ring-light-anneau-lumineux-de-selfie-avec-lumiere-led-pour-camera\/","title":{"rendered":"Selfie Led Ring Light : anneau lumineux de selfie avec lumi\u00e8re LED pour cam\u00e9ra"},"content":{"rendered":"\n\n<div class=\"kk-star-ratings kksr-auto kksr-align-left kksr-valign-top\"\n    data-payload='{&quot;align&quot;:&quot;left&quot;,&quot;id&quot;:&quot;17486&quot;,&quot;slug&quot;:&quot;default&quot;,&quot;valign&quot;:&quot;top&quot;,&quot;ignore&quot;:&quot;&quot;,&quot;reference&quot;:&quot;auto&quot;,&quot;class&quot;:&quot;&quot;,&quot;count&quot;:&quot;0&quot;,&quot;legendonly&quot;:&quot;&quot;,&quot;readonly&quot;:&quot;&quot;,&quot;score&quot;:&quot;0&quot;,&quot;starsonly&quot;:&quot;&quot;,&quot;best&quot;:&quot;5&quot;,&quot;gap&quot;:&quot;5&quot;,&quot;greet&quot;:&quot;Rate this product&quot;,&quot;legend&quot;:&quot;0\\\/5 - (0 vote)&quot;,&quot;size&quot;:&quot;24&quot;,&quot;title&quot;:&quot;Selfie Led Ring Light : anneau lumineux de selfie avec lumi\u00e8re LED pour cam\u00e9ra&quot;,&quot;width&quot;:&quot;0&quot;,&quot;_legend&quot;:&quot;{score}\\\/{best} - ({count} {votes})&quot;,&quot;font_factor&quot;:&quot;1.25&quot;}'>\n            \n<div class=\"kksr-stars\">\n    \n<div class=\"kksr-stars-inactive\">\n            <div class=\"kksr-star\" data-star=\"1\" style=\"padding-right: 5px\">\n            \n\n<div class=\"kksr-icon\" style=\"width: 24px; height: 24px;\"><\/div>\n        <\/div>\n            <div class=\"kksr-star\" data-star=\"2\" style=\"padding-right: 5px\">\n            \n\n<div class=\"kksr-icon\" style=\"width: 24px; height: 24px;\"><\/div>\n        <\/div>\n            <div class=\"kksr-star\" data-star=\"3\" style=\"padding-right: 5px\">\n            \n\n<div class=\"kksr-icon\" style=\"width: 24px; height: 24px;\"><\/div>\n        <\/div>\n            <div class=\"kksr-star\" data-star=\"4\" style=\"padding-right: 5px\">\n            \n\n<div class=\"kksr-icon\" style=\"width: 24px; height: 24px;\"><\/div>\n        <\/div>\n            <div class=\"kksr-star\" data-star=\"5\" style=\"padding-right: 5px\">\n            \n\n<div class=\"kksr-icon\" style=\"width: 24px; height: 24px;\"><\/div>\n        <\/div>\n    <\/div>\n    \n<div class=\"kksr-stars-active\" style=\"width: 0px;\">\n            <div class=\"kksr-star\" style=\"padding-right: 5px\">\n            \n\n<div class=\"kksr-icon\" style=\"width: 24px; height: 24px;\"><\/div>\n        <\/div>\n            <div class=\"kksr-star\" style=\"padding-right: 5px\">\n            \n\n<div class=\"kksr-icon\" style=\"width: 24px; height: 24px;\"><\/div>\n        <\/div>\n            <div class=\"kksr-star\" style=\"padding-right: 5px\">\n            \n\n<div class=\"kksr-icon\" style=\"width: 24px; height: 24px;\"><\/div>\n        <\/div>\n            <div class=\"kksr-star\" style=\"padding-right: 5px\">\n            \n\n<div class=\"kksr-icon\" style=\"width: 24px; height: 24px;\"><\/div>\n        <\/div>\n            <div class=\"kksr-star\" style=\"padding-right: 5px\">\n            \n\n<div class=\"kksr-icon\" style=\"width: 24px; height: 24px;\"><\/div>\n        <\/div>\n    <\/div>\n<\/div>\n                \n\n<div class=\"kksr-legend\" style=\"font-size: 19.2px;\">\n            <span class=\"kksr-muted\">Rate this product<\/span>\n    <\/div>\n    <\/div>\n<p class=\"a-size-large a-spacing-none\"><span class=\"a-size-large product-title-word-break\">Selfie Led Ring Light. Cet anneau Lumineux de Selfie avec lumi\u00e8re LED pour cam\u00e9ra est l&rsquo;accessoire indispensable des influenceurs. Il se clipse sur votre smartphone, tablette, etc&#8230; pour prendre vos meilleurs clich\u00e9s photos et vid\u00e9os. L&rsquo;\u00e9clairage est un \u00e9l\u00e9ment tr\u00e8s important pour vos diff\u00e9rents shootings, portrait, maquillage&#8230; Positionnez votre cam\u00e9ra au centre de l&rsquo;<a href=\"https:\/\/eurekaweb.fr\/wp\/zmirror-miroir-intelligent-et-assistant-personnel-tout-en-1\/\">anneau lumineux<\/a> pour cr\u00e9er un halo de lumi\u00e8re uniforme autour de votre visage.\u00a0<\/span><\/p>\n<p><img data-recalc-dims=\"1\" decoding=\"async\" class=\"alignright size-full wp-image-17487\" src=\"https:\/\/i0.wp.com\/eurekaweb.fr\/wp\/wp-content\/uploads\/2020\/11\/led-ring-light-anneau-lumineux-selfie.jpg?resize=1060%2C707&#038;ssl=1\" alt=\"\" width=\"1060\" height=\"707\" srcset=\"https:\/\/i0.wp.com\/eurekaweb.fr\/wp\/wp-content\/uploads\/2020\/11\/led-ring-light-anneau-lumineux-selfie.jpg?w=1080&amp;ssl=1 1080w, https:\/\/i0.wp.com\/eurekaweb.fr\/wp\/wp-content\/uploads\/2020\/11\/led-ring-light-anneau-lumineux-selfie.jpg?resize=300%2C200&amp;ssl=1 300w, https:\/\/i0.wp.com\/eurekaweb.fr\/wp\/wp-content\/uploads\/2020\/11\/led-ring-light-anneau-lumineux-selfie.jpg?resize=1024%2C683&amp;ssl=1 1024w, https:\/\/i0.wp.com\/eurekaweb.fr\/wp\/wp-content\/uploads\/2020\/11\/led-ring-light-anneau-lumineux-selfie.jpg?resize=768%2C512&amp;ssl=1 768w, https:\/\/i0.wp.com\/eurekaweb.fr\/wp\/wp-content\/uploads\/2020\/11\/led-ring-light-anneau-lumineux-selfie.jpg?resize=600%2C400&amp;ssl=1 600w\" sizes=\"(max-width: 1060px) 100vw, 1060px\" \/><\/p>\n<pre id=\"tw-target-text\" class=\"tw-data-text tw-text-large XcVN5d tw-ta\" dir=\"ltr\" data-placeholder=\"Traduction\"><\/pre>\n<p class=\"a-size-large a-spacing-none\"><span id=\"productTitle\" class=\"a-size-large product-title-word-break\">L&rsquo;appareil est rechargeable. 36 LED comble-lumi\u00e8re, 3 Niveaux de luminosit\u00e9 r\u00e9glable Lumi\u00e8re vid\u00e9o, Lumi\u00e8re de Nuit pour Smartphone<\/span><\/p>\n<h6>Ring Light pour des images et vid\u00e9os de meilleure qualit\u00e9.<\/h6>\n<ul class=\"a-unordered-list a-vertical a-spacing-mini\">\n<li><span class=\"a-list-item\">AMPOULES DE LONGUE DUR\u00c9E: Fournit un \u00e9clairage suppl\u00e9mentaire ou lat\u00e9ral pour la photographie lorsque vous avez des conditions de faible luminosit\u00e9. Il vous aide \u00e9galement \u00e0 obtenir des images et des vid\u00e9os de meilleure qualit\u00e9 lorsque la lumi\u00e8re naturelle n&rsquo;est pas disponible<\/span><\/li>\n<li><span class=\"a-list-item\">LUMINOSIT\u00c9 \u00c0 3 NIVEAUX: Luminosit\u00e9 \u00e9lev\u00e9e avec options de gradation \u00e0 trois niveaux. Ajustez facilement le niveau de luminosit\u00e9 en appuyant sur un seul bouton. Profitez de vos selfies peu importe qu&rsquo;elles soient int\u00e9rieures ou ext\u00e9rieures, de jour ou de nuit<\/span><\/li>\n<li><span class=\"a-list-item\">FACILE \u00c0 UTILISER: Pas besoin de la brancher et est tr\u00e8s facile \u00e0 utiliser. Il suffit de serrer cette lumi\u00e8re poss\u00e9dant une clip sur votre t\u00e9l\u00e9phone intelligent et en appuyant sur le bouton d&rsquo;alimentation, vous obtiendrez l&rsquo;\u00e9clairage suppl\u00e9mentaire<\/span><\/li>\n<li><span class=\"a-list-item\">CAMPATIPILIT\u00c9 \u00c9LEV\u00c9E: Compatible avec les t\u00e9l\u00e9phones intelligents et les tablettes iPad: iPhone X, 8, 8 Plus, 7, iPhone 6s \/ 6s Plus \/ 6\/6 Plus \/ 5s \/ 5c \/ 5 \/ 4s \/ 4, s\u00e9rie Samsung Galaxy comme Galaxy S7 S7 Edge, S6, Edge S6, Note 5, T\u00e9l\u00e9phones LG, Moto, Huawei, HTC, Sony et autres t\u00e9l\u00e9phones intelligents<\/span><\/li>\n<li><span class=\"a-list-item\">BATTERIE RECHARGEABLE AVEC CORDON USB: \u00c9CONOMISEZ VOTRE \u00c9NERGIE: Cette lampe annulaire comprend une batterie rechargeable int\u00e9gr\u00e9e de sorte que vous n&rsquo;avez pas besoin de piles suppl\u00e9mentaires. L&rsquo;argent \u00e9conomis\u00e9 et exempt de remplacement de batterie ennuyeux. S&rsquo;il vous pla\u00eet noter que la batterie int\u00e9rieure de cette lumi\u00e8re annulaire durera environ 30 minutes si vous utilisez continuellement le mode de lumi\u00e8re la plus forte<\/span><\/li>\n<li><\/li>\n<li>Autre Mod\u00e8le de Ring Light : <a href=\"https:\/\/amzn.to\/38vOlE8\">lumi\u00e8re annulaire<\/a> en version XL.<\/li>\n<\/ul>\n","protected":false},"excerpt":{"rendered":"<p><span class=\"a-list-item\"><span class=\"a-size-large product-title-word-break\">Selfie Ring Light. Cet anneau Lumineux de Selfie avec lumi\u00e8re LED pour cam\u00e9ra est l&rsquo;accessoire indispensable des influenceurs. Il se clipse sur votre smartphone, tablette, etc&#8230; pour prendre vos meilleurs clich\u00e9s photos et vid\u00e9os. L&rsquo;\u00e9clairage est un \u00e9l\u00e9ment tr\u00e8s important pour vos diff\u00e9rents\u00a0shootings, portrait, maquillage&#8230; Positionnez votre cam\u00e9ra au centre de l&rsquo;anneau lumineux pour cr\u00e9er un halo de lumi\u00e8re uniforme autour de votre visage.\u00a0<\/span><\/span><\/p>\n<p>Autre Mod\u00e8le : <a href=\"https:\/\/amzn.to\/38vOlE8\">lumi\u00e8re annulaire<\/a> en version XL.<\/p>\n","protected":false},"featured_media":17487,"comment_status":"closed","ping_status":"closed","template":"","meta":[],"product_cat":[6365],"product_tag":[6377,6381,6324,6323,6373,6375,6378,6382,6374,6376,6380,6379,6383],"class_list":["post-17486","product","type-product","status-publish","has-post-thumbnail","hentry","product_cat-store","product_tag-anneau","product_tag-influenceur","product_tag-innovation","product_tag-invention","product_tag-led","product_tag-light","product_tag-lumineux","product_tag-photo","product_tag-ring","product_tag-ringlight","product_tag-selfie","product_tag-smartphone","product_tag-video","has_thumb"],"yoast_head":"<!-- This site is optimized with the Yoast SEO plugin v24.9 - https:\/\/yoast.com\/wordpress\/plugins\/seo\/ -->\n<title>Selfie Led Ring Light : anneau lumineux de selfie avec lumi\u00e8re LED pour cam\u00e9ra - urekaWEB : les inventions qui changent le monde, de la roue \u00e0 l\u2019IA<\/title>\n<meta name=\"description\" content=\"Selfie Ring Light : Anneaux Lumineux de Selfie avec lumi\u00e8re LED pour cam\u00e9ra. A clipser sur smartphone pour obtenir l&#039;\u00e9clairage suppl\u00e9mentaire\" \/>\n<meta name=\"robots\" content=\"index, follow, max-snippet:-1, max-image-preview:large, max-video-preview:-1\" \/>\n<link rel=\"canonical\" href=\"https:\/\/eurekaweb.fr\/wp\/produit\/selfie-led-ring-light-anneau-lumineux-de-selfie-avec-lumiere-led-pour-camera\/\" \/>\n<meta property=\"og:locale\" content=\"fr_FR\" \/>\n<meta property=\"og:type\" content=\"article\" \/>\n<meta property=\"og:title\" content=\"Selfie Led Ring Light : anneau lumineux de selfie avec lumi\u00e8re LED pour cam\u00e9ra - urekaWEB : les inventions qui changent le monde, de la roue \u00e0 l\u2019IA\" \/>\n<meta property=\"og:description\" content=\"Selfie Ring Light : Anneaux Lumineux de Selfie avec lumi\u00e8re LED pour cam\u00e9ra. A clipser sur smartphone pour obtenir l&#039;\u00e9clairage suppl\u00e9mentaire\" \/>\n<meta property=\"og:url\" content=\"https:\/\/eurekaweb.fr\/wp\/produit\/selfie-led-ring-light-anneau-lumineux-de-selfie-avec-lumiere-led-pour-camera\/\" \/>\n<meta property=\"og:site_name\" content=\"urekaWEB : les inventions qui changent le monde, de la roue \u00e0 l\u2019IA\" \/>\n<meta property=\"article:publisher\" content=\"https:\/\/www.facebook.com\/EurekawebInvent\" \/>\n<meta property=\"article:modified_time\" content=\"2020-11-10T22:51:03+00:00\" \/>\n<meta property=\"og:image\" content=\"http:\/\/eurekaweb.fr\/wp\/wp-content\/uploads\/2020\/11\/led-ring-light-anneau-lumineux-selfie.jpg\" \/>\n\t<meta property=\"og:image:width\" content=\"1080\" \/>\n\t<meta property=\"og:image:height\" content=\"720\" \/>\n\t<meta property=\"og:image:type\" content=\"image\/jpeg\" \/>\n<meta name=\"twitter:card\" content=\"summary_large_image\" \/>\n<meta name=\"twitter:site\" content=\"@EurekawebInvent\" \/>\n<meta name=\"twitter:label1\" content=\"Dur\u00e9e de lecture estim\u00e9e\" \/>\n\t<meta name=\"twitter:data1\" content=\"2 minutes\" \/>\n<script type=\"application\/ld+json\" class=\"yoast-schema-graph\">{\"@context\":\"https:\/\/schema.org\",\"@graph\":[{\"@type\":\"WebPage\",\"@id\":\"https:\/\/eurekaweb.fr\/wp\/produit\/selfie-led-ring-light-anneau-lumineux-de-selfie-avec-lumiere-led-pour-camera\/\",\"url\":\"https:\/\/eurekaweb.fr\/wp\/produit\/selfie-led-ring-light-anneau-lumineux-de-selfie-avec-lumiere-led-pour-camera\/\",\"name\":\"Selfie Led Ring Light : anneau lumineux de selfie avec lumi\u00e8re LED pour cam\u00e9ra - urekaWEB : les inventions qui changent le monde, de la roue \u00e0 l\u2019IA\",\"isPartOf\":{\"@id\":\"https:\/\/eurekaweb.fr\/wp\/#website\"},\"primaryImageOfPage\":{\"@id\":\"https:\/\/eurekaweb.fr\/wp\/produit\/selfie-led-ring-light-anneau-lumineux-de-selfie-avec-lumiere-led-pour-camera\/#primaryimage\"},\"image\":{\"@id\":\"https:\/\/eurekaweb.fr\/wp\/produit\/selfie-led-ring-light-anneau-lumineux-de-selfie-avec-lumiere-led-pour-camera\/#primaryimage\"},\"thumbnailUrl\":\"https:\/\/i0.wp.com\/eurekaweb.fr\/wp\/wp-content\/uploads\/2020\/11\/led-ring-light-anneau-lumineux-selfie.jpg?fit=1080%2C720&ssl=1\",\"datePublished\":\"2020-11-10T22:25:47+00:00\",\"dateModified\":\"2020-11-10T22:51:03+00:00\",\"description\":\"Selfie Ring Light : Anneaux Lumineux de Selfie avec lumi\u00e8re LED pour cam\u00e9ra. A clipser sur smartphone pour obtenir l'\u00e9clairage suppl\u00e9mentaire\",\"breadcrumb\":{\"@id\":\"https:\/\/eurekaweb.fr\/wp\/produit\/selfie-led-ring-light-anneau-lumineux-de-selfie-avec-lumiere-led-pour-camera\/#breadcrumb\"},\"inLanguage\":\"fr-FR\",\"potentialAction\":[{\"@type\":\"ReadAction\",\"target\":[\"https:\/\/eurekaweb.fr\/wp\/produit\/selfie-led-ring-light-anneau-lumineux-de-selfie-avec-lumiere-led-pour-camera\/\"]}]},{\"@type\":\"ImageObject\",\"inLanguage\":\"fr-FR\",\"@id\":\"https:\/\/eurekaweb.fr\/wp\/produit\/selfie-led-ring-light-anneau-lumineux-de-selfie-avec-lumiere-led-pour-camera\/#primaryimage\",\"url\":\"https:\/\/i0.wp.com\/eurekaweb.fr\/wp\/wp-content\/uploads\/2020\/11\/led-ring-light-anneau-lumineux-selfie.jpg?fit=1080%2C720&ssl=1\",\"contentUrl\":\"https:\/\/i0.wp.com\/eurekaweb.fr\/wp\/wp-content\/uploads\/2020\/11\/led-ring-light-anneau-lumineux-selfie.jpg?fit=1080%2C720&ssl=1\",\"width\":1080,\"height\":720},{\"@type\":\"BreadcrumbList\",\"@id\":\"https:\/\/eurekaweb.fr\/wp\/produit\/selfie-led-ring-light-anneau-lumineux-de-selfie-avec-lumiere-led-pour-camera\/#breadcrumb\",\"itemListElement\":[{\"@type\":\"ListItem\",\"position\":1,\"name\":\"Accueil\",\"item\":\"https:\/\/eurekaweb.fr\/wp\/\"},{\"@type\":\"ListItem\",\"position\":2,\"name\":\"Boutique inventions\",\"item\":\"https:\/\/eurekaweb.fr\/wp\/boutique-inventions\/\"},{\"@type\":\"ListItem\",\"position\":3,\"name\":\"Selfie Led Ring Light : anneau lumineux de selfie avec lumi\u00e8re LED pour cam\u00e9ra\"}]},{\"@type\":\"WebSite\",\"@id\":\"https:\/\/eurekaweb.fr\/wp\/#website\",\"url\":\"https:\/\/eurekaweb.fr\/wp\/\",\"name\":\"EurekaWEB : toutes les inventions & innovations \u00e0 port\u00e9e de clic\",\"description\":\"D\u00e9couvrez le top des innovations et des start-up d\u2019hier, d\u2019aujourd\u2019hui et de demain sur EurekaWEB.\",\"publisher\":{\"@id\":\"https:\/\/eurekaweb.fr\/wp\/#organization\"},\"alternateName\":\"EurekaWEB : inventions & innovations en continu\",\"potentialAction\":[{\"@type\":\"SearchAction\",\"target\":{\"@type\":\"EntryPoint\",\"urlTemplate\":\"https:\/\/eurekaweb.fr\/wp\/?s={search_term_string}\"},\"query-input\":{\"@type\":\"PropertyValueSpecification\",\"valueRequired\":true,\"valueName\":\"search_term_string\"}}],\"inLanguage\":\"fr-FR\"},{\"@type\":\"Organization\",\"@id\":\"https:\/\/eurekaweb.fr\/wp\/#organization\",\"name\":\"EurekaWEB - Inventions Innovations Gadgets\",\"url\":\"https:\/\/eurekaweb.fr\/wp\/\",\"logo\":{\"@type\":\"ImageObject\",\"inLanguage\":\"fr-FR\",\"@id\":\"https:\/\/eurekaweb.fr\/wp\/#\/schema\/logo\/image\/\",\"url\":\"https:\/\/i0.wp.com\/eurekaweb.fr\/wp\/wp-content\/uploads\/2020\/01\/eurekaweb-logo-instagram-hd.png?fit=1920%2C1920&ssl=1\",\"contentUrl\":\"https:\/\/i0.wp.com\/eurekaweb.fr\/wp\/wp-content\/uploads\/2020\/01\/eurekaweb-logo-instagram-hd.png?fit=1920%2C1920&ssl=1\",\"width\":1920,\"height\":1920,\"caption\":\"EurekaWEB - Inventions Innovations Gadgets\"},\"image\":{\"@id\":\"https:\/\/eurekaweb.fr\/wp\/#\/schema\/logo\/image\/\"},\"sameAs\":[\"https:\/\/www.facebook.com\/EurekawebInvent\",\"https:\/\/x.com\/EurekawebInvent\",\"https:\/\/www.instagram.com\/eurekaweb\/\",\"https:\/\/www.youtube.com\/channel\/UCpu2DqaoRrdY-3q-Gd53GlQ\"]}]}<\/script>\n<!-- \/ Yoast SEO plugin. -->","yoast_head_json":{"title":"Selfie Led Ring Light : anneau lumineux de selfie avec lumi\u00e8re LED pour cam\u00e9ra - urekaWEB : les inventions qui changent le monde, de la roue \u00e0 l\u2019IA","description":"Selfie Ring Light : Anneaux Lumineux de Selfie avec lumi\u00e8re LED pour cam\u00e9ra. A clipser sur smartphone pour obtenir l'\u00e9clairage suppl\u00e9mentaire","robots":{"index":"index","follow":"follow","max-snippet":"max-snippet:-1","max-image-preview":"max-image-preview:large","max-video-preview":"max-video-preview:-1"},"canonical":"https:\/\/eurekaweb.fr\/wp\/produit\/selfie-led-ring-light-anneau-lumineux-de-selfie-avec-lumiere-led-pour-camera\/","og_locale":"fr_FR","og_type":"article","og_title":"Selfie Led Ring Light : anneau lumineux de selfie avec lumi\u00e8re LED pour cam\u00e9ra - urekaWEB : les inventions qui changent le monde, de la roue \u00e0 l\u2019IA","og_description":"Selfie Ring Light : Anneaux Lumineux de Selfie avec lumi\u00e8re LED pour cam\u00e9ra. A clipser sur smartphone pour obtenir l'\u00e9clairage suppl\u00e9mentaire","og_url":"https:\/\/eurekaweb.fr\/wp\/produit\/selfie-led-ring-light-anneau-lumineux-de-selfie-avec-lumiere-led-pour-camera\/","og_site_name":"urekaWEB : les inventions qui changent le monde, de la roue \u00e0 l\u2019IA","article_publisher":"https:\/\/www.facebook.com\/EurekawebInvent","article_modified_time":"2020-11-10T22:51:03+00:00","og_image":[{"width":1080,"height":720,"url":"http:\/\/eurekaweb.fr\/wp\/wp-content\/uploads\/2020\/11\/led-ring-light-anneau-lumineux-selfie.jpg","type":"image\/jpeg"}],"twitter_card":"summary_large_image","twitter_site":"@EurekawebInvent","twitter_misc":{"Dur\u00e9e de lecture estim\u00e9e":"2 minutes"},"schema":{"@context":"https:\/\/schema.org","@graph":[{"@type":"WebPage","@id":"https:\/\/eurekaweb.fr\/wp\/produit\/selfie-led-ring-light-anneau-lumineux-de-selfie-avec-lumiere-led-pour-camera\/","url":"https:\/\/eurekaweb.fr\/wp\/produit\/selfie-led-ring-light-anneau-lumineux-de-selfie-avec-lumiere-led-pour-camera\/","name":"Selfie Led Ring Light : anneau lumineux de selfie avec lumi\u00e8re LED pour cam\u00e9ra - urekaWEB : les inventions qui changent le monde, de la roue \u00e0 l\u2019IA","isPartOf":{"@id":"https:\/\/eurekaweb.fr\/wp\/#website"},"primaryImageOfPage":{"@id":"https:\/\/eurekaweb.fr\/wp\/produit\/selfie-led-ring-light-anneau-lumineux-de-selfie-avec-lumiere-led-pour-camera\/#primaryimage"},"image":{"@id":"https:\/\/eurekaweb.fr\/wp\/produit\/selfie-led-ring-light-anneau-lumineux-de-selfie-avec-lumiere-led-pour-camera\/#primaryimage"},"thumbnailUrl":"https:\/\/i0.wp.com\/eurekaweb.fr\/wp\/wp-content\/uploads\/2020\/11\/led-ring-light-anneau-lumineux-selfie.jpg?fit=1080%2C720&ssl=1","datePublished":"2020-11-10T22:25:47+00:00","dateModified":"2020-11-10T22:51:03+00:00","description":"Selfie Ring Light : Anneaux Lumineux de Selfie avec lumi\u00e8re LED pour cam\u00e9ra. A clipser sur smartphone pour obtenir l'\u00e9clairage suppl\u00e9mentaire","breadcrumb":{"@id":"https:\/\/eurekaweb.fr\/wp\/produit\/selfie-led-ring-light-anneau-lumineux-de-selfie-avec-lumiere-led-pour-camera\/#breadcrumb"},"inLanguage":"fr-FR","potentialAction":[{"@type":"ReadAction","target":["https:\/\/eurekaweb.fr\/wp\/produit\/selfie-led-ring-light-anneau-lumineux-de-selfie-avec-lumiere-led-pour-camera\/"]}]},{"@type":"ImageObject","inLanguage":"fr-FR","@id":"https:\/\/eurekaweb.fr\/wp\/produit\/selfie-led-ring-light-anneau-lumineux-de-selfie-avec-lumiere-led-pour-camera\/#primaryimage","url":"https:\/\/i0.wp.com\/eurekaweb.fr\/wp\/wp-content\/uploads\/2020\/11\/led-ring-light-anneau-lumineux-selfie.jpg?fit=1080%2C720&ssl=1","contentUrl":"https:\/\/i0.wp.com\/eurekaweb.fr\/wp\/wp-content\/uploads\/2020\/11\/led-ring-light-anneau-lumineux-selfie.jpg?fit=1080%2C720&ssl=1","width":1080,"height":720},{"@type":"BreadcrumbList","@id":"https:\/\/eurekaweb.fr\/wp\/produit\/selfie-led-ring-light-anneau-lumineux-de-selfie-avec-lumiere-led-pour-camera\/#breadcrumb","itemListElement":[{"@type":"ListItem","position":1,"name":"Accueil","item":"https:\/\/eurekaweb.fr\/wp\/"},{"@type":"ListItem","position":2,"name":"Boutique inventions","item":"https:\/\/eurekaweb.fr\/wp\/boutique-inventions\/"},{"@type":"ListItem","position":3,"name":"Selfie Led Ring Light : anneau lumineux de selfie avec lumi\u00e8re LED pour cam\u00e9ra"}]},{"@type":"WebSite","@id":"https:\/\/eurekaweb.fr\/wp\/#website","url":"https:\/\/eurekaweb.fr\/wp\/","name":"EurekaWEB : toutes les inventions & innovations \u00e0 port\u00e9e de clic","description":"D\u00e9couvrez le top des innovations et des start-up d\u2019hier, d\u2019aujourd\u2019hui et de demain sur EurekaWEB.","publisher":{"@id":"https:\/\/eurekaweb.fr\/wp\/#organization"},"alternateName":"EurekaWEB : inventions & innovations en continu","potentialAction":[{"@type":"SearchAction","target":{"@type":"EntryPoint","urlTemplate":"https:\/\/eurekaweb.fr\/wp\/?s={search_term_string}"},"query-input":{"@type":"PropertyValueSpecification","valueRequired":true,"valueName":"search_term_string"}}],"inLanguage":"fr-FR"},{"@type":"Organization","@id":"https:\/\/eurekaweb.fr\/wp\/#organization","name":"EurekaWEB - Inventions Innovations Gadgets","url":"https:\/\/eurekaweb.fr\/wp\/","logo":{"@type":"ImageObject","inLanguage":"fr-FR","@id":"https:\/\/eurekaweb.fr\/wp\/#\/schema\/logo\/image\/","url":"https:\/\/i0.wp.com\/eurekaweb.fr\/wp\/wp-content\/uploads\/2020\/01\/eurekaweb-logo-instagram-hd.png?fit=1920%2C1920&ssl=1","contentUrl":"https:\/\/i0.wp.com\/eurekaweb.fr\/wp\/wp-content\/uploads\/2020\/01\/eurekaweb-logo-instagram-hd.png?fit=1920%2C1920&ssl=1","width":1920,"height":1920,"caption":"EurekaWEB - Inventions Innovations Gadgets"},"image":{"@id":"https:\/\/eurekaweb.fr\/wp\/#\/schema\/logo\/image\/"},"sameAs":["https:\/\/www.facebook.com\/EurekawebInvent","https:\/\/x.com\/EurekawebInvent","https:\/\/www.instagram.com\/eurekaweb\/","https:\/\/www.youtube.com\/channel\/UCpu2DqaoRrdY-3q-Gd53GlQ"]}]}},"jetpack-related-posts":[],"jetpack_sharing_enabled":true,"jetpack_likes_enabled":true,"_links":{"self":[{"href":"https:\/\/eurekaweb.fr\/wp\/wp-json\/wp\/v2\/product\/17486","targetHints":{"allow":["GET"]}}],"collection":[{"href":"https:\/\/eurekaweb.fr\/wp\/wp-json\/wp\/v2\/product"}],"about":[{"href":"https:\/\/eurekaweb.fr\/wp\/wp-json\/wp\/v2\/types\/product"}],"replies":[{"embeddable":true,"href":"https:\/\/eurekaweb.fr\/wp\/wp-json\/wp\/v2\/comments?post=17486"}],"wp:featuredmedia":[{"embeddable":true,"href":"https:\/\/eurekaweb.fr\/wp\/wp-json\/wp\/v2\/media\/17487"}],"wp:attachment":[{"href":"https:\/\/eurekaweb.fr\/wp\/wp-json\/wp\/v2\/media?parent=17486"}],"wp:term":[{"taxonomy":"product_cat","embeddable":true,"href":"https:\/\/eurekaweb.fr\/wp\/wp-json\/wp\/v2\/product_cat?post=17486"},{"taxonomy":"product_tag","embeddable":true,"href":"https:\/\/eurekaweb.fr\/wp\/wp-json\/wp\/v2\/product_tag?post=17486"}],"curies":[{"name":"wp","href":"https:\/\/api.w.org\/{rel}","templated":true}]}}