{"id":17679,"date":"2021-11-15T11:05:04","date_gmt":"2021-11-15T10:05:04","guid":{"rendered":"https:\/\/eurekaweb.fr\/wp\/?post_type=product&#038;p=17679"},"modified":"2021-11-16T17:21:36","modified_gmt":"2021-11-16T16:21:36","slug":"twinkly-guirlandes-a-led-multicolores-rgb-pour-sapin-de-noel","status":"publish","type":"product","link":"https:\/\/eurekaweb.fr\/wp\/produit\/twinkly-guirlandes-a-led-multicolores-rgb-pour-sapin-de-noel\/","title":{"rendered":"Twinkly : Guirlandes \u00e0 LED Multicolores RGB pour sapin de noel"},"content":{"rendered":"\n\n<div class=\"kk-star-ratings kksr-auto kksr-align-left kksr-valign-top\"\n    data-payload='{&quot;align&quot;:&quot;left&quot;,&quot;id&quot;:&quot;17679&quot;,&quot;slug&quot;:&quot;default&quot;,&quot;valign&quot;:&quot;top&quot;,&quot;ignore&quot;:&quot;&quot;,&quot;reference&quot;:&quot;auto&quot;,&quot;class&quot;:&quot;&quot;,&quot;count&quot;:&quot;0&quot;,&quot;legendonly&quot;:&quot;&quot;,&quot;readonly&quot;:&quot;&quot;,&quot;score&quot;:&quot;0&quot;,&quot;starsonly&quot;:&quot;&quot;,&quot;best&quot;:&quot;5&quot;,&quot;gap&quot;:&quot;5&quot;,&quot;greet&quot;:&quot;Rate this product&quot;,&quot;legend&quot;:&quot;0\\\/5 - (0 vote)&quot;,&quot;size&quot;:&quot;24&quot;,&quot;title&quot;:&quot;Twinkly : Guirlandes \u00e0 LED Multicolores RGB pour sapin de noel&quot;,&quot;width&quot;:&quot;0&quot;,&quot;_legend&quot;:&quot;{score}\\\/{best} - ({count} {votes})&quot;,&quot;font_factor&quot;:&quot;1.25&quot;}'>\n            \n<div class=\"kksr-stars\">\n    \n<div class=\"kksr-stars-inactive\">\n            <div class=\"kksr-star\" data-star=\"1\" style=\"padding-right: 5px\">\n            \n\n<div class=\"kksr-icon\" style=\"width: 24px; height: 24px;\"><\/div>\n        <\/div>\n            <div class=\"kksr-star\" data-star=\"2\" style=\"padding-right: 5px\">\n            \n\n<div class=\"kksr-icon\" style=\"width: 24px; height: 24px;\"><\/div>\n        <\/div>\n            <div class=\"kksr-star\" data-star=\"3\" style=\"padding-right: 5px\">\n            \n\n<div class=\"kksr-icon\" style=\"width: 24px; height: 24px;\"><\/div>\n        <\/div>\n            <div class=\"kksr-star\" data-star=\"4\" style=\"padding-right: 5px\">\n            \n\n<div class=\"kksr-icon\" style=\"width: 24px; height: 24px;\"><\/div>\n        <\/div>\n            <div class=\"kksr-star\" data-star=\"5\" style=\"padding-right: 5px\">\n            \n\n<div class=\"kksr-icon\" style=\"width: 24px; height: 24px;\"><\/div>\n        <\/div>\n    <\/div>\n    \n<div class=\"kksr-stars-active\" style=\"width: 0px;\">\n            <div class=\"kksr-star\" style=\"padding-right: 5px\">\n            \n\n<div class=\"kksr-icon\" style=\"width: 24px; height: 24px;\"><\/div>\n        <\/div>\n            <div class=\"kksr-star\" style=\"padding-right: 5px\">\n            \n\n<div class=\"kksr-icon\" style=\"width: 24px; height: 24px;\"><\/div>\n        <\/div>\n            <div class=\"kksr-star\" style=\"padding-right: 5px\">\n            \n\n<div class=\"kksr-icon\" style=\"width: 24px; height: 24px;\"><\/div>\n        <\/div>\n            <div class=\"kksr-star\" style=\"padding-right: 5px\">\n            \n\n<div class=\"kksr-icon\" style=\"width: 24px; height: 24px;\"><\/div>\n        <\/div>\n            <div class=\"kksr-star\" style=\"padding-right: 5px\">\n            \n\n<div class=\"kksr-icon\" style=\"width: 24px; height: 24px;\"><\/div>\n        <\/div>\n    <\/div>\n<\/div>\n                \n\n<div class=\"kksr-legend\" style=\"font-size: 19.2px;\">\n            <span class=\"kksr-muted\">Rate this product<\/span>\n    <\/div>\n    <\/div>\n<p id=\"title\" class=\"a-size-large a-spacing-none\"><span id=\"productTitle\" class=\"a-size-large product-title-word-break\">Un sapin de Noel magique avec Twinkly, guirlandes \u00e0 Led multicolores RGB. Cette guirlande intelligente se contr\u00f4le depuis votre smartphone. C&rsquo;est la nouvelle g\u00e9n\u00e9ration de d\u00e9coration de No\u00ebl avec des effets lumineux incroyables. <a href=\"https:\/\/eurekaweb.fr\/wp\/guirlande-lumineuse-connectee-twinkly-pour-sapin-de-noel\/\" target=\"_blank\" rel=\"noopener\">Twinkly<\/a> comprend 400 LED RVB brillantes et color\u00e9es. Un contr\u00f4leur Wi-Fi\/Bluetooth et une application pour smartphone. Cette guirlande lumineuse LED innovante\u00a0 s&rsquo;int\u00e8gre \u00e0 la maison intelligente avec Google Assistant et Amazon Alexa.<\/span><\/p>\n<p class=\"a-size-large a-spacing-none\"><span id=\"productTitle\" class=\"a-size-large product-title-word-break\">Twinkly &#8211; TWS400STP 400 Guirlandes \u00e0 LED Multicolores RGB. Lumi\u00e8res de No\u00ebl Contr\u00f4l\u00e9es par l&rsquo;Application Razer Chroma. Avec un C\u00e2ble Noir (32 m) pour D\u00e9corations de F\u00eates Int\u00e9rieures et Ext\u00e9rieures<\/span><\/p>\n<p><img data-recalc-dims=\"1\" decoding=\"async\" class=\"alignright size-full wp-image-17680\" src=\"https:\/\/i0.wp.com\/eurekaweb.fr\/wp\/wp-content\/uploads\/2020\/11\/twinkly-guirlandes-led-rgb-sapin-noel.jpg?resize=1060%2C707&#038;ssl=1\" alt=\"\" width=\"1060\" height=\"707\" \/><\/p>\n<ul class=\"a-unordered-list a-vertical a-spacing-mini\">\n<li><span class=\"a-list-item\">CONTR\u00d4LE DE LUMI\u00c8RES : L&rsquo;application mobile gratuite pour les appareils iOS et Android est con\u00e7ue pour vous permettre d&rsquo;allumer, d&rsquo;\u00e9teindre les lumi\u00e8res selon vos besoins<\/span><\/li>\n<li><span class=\"a-list-item\">FACILE A INSTALLER : la connectivit\u00e9 Bluetooth permet de relier l&rsquo;appareil au r\u00e9seau Wi-Fi pour vous permettre d&rsquo;utiliser vos lumi\u00e8res, et de cr\u00e9er des effets de couleurs avec l&rsquo;application<\/span><\/li>\n<li><span class=\"a-list-item\">SUPER D\u00c9CORATION : Les nouvelles LED RGB 4,3 mm sont con\u00e7ues avec une t\u00eate plate pour intensifier les effets lumineux. Vous pouvez \u00e9galement t\u00e9l\u00e9charger gratuitement des effets sp\u00e9ciaux<\/span><\/li>\n<li><span class=\"a-list-item\">DES MONTAGES SPECTACULAIRES : Plusieurs appareils Twinkly peuvent \u00eatre synchronis\u00e9s sans connexion via l&rsquo;application. Cr\u00e9ez de merveilleuses d\u00e9corations pour No\u00ebl, Halloween et les f\u00eates<\/span><\/li>\n<li><span class=\"a-list-item\">AUTRES FONCTIONNALIT\u00c9S : Le dispositif de commande intelligent, la prise et le c\u00e2ble d&rsquo;alimentation sont inclus. L&rsquo;appareil fonctionne avec Google Assistant, Amazon Alexa et Razer Chroma<\/span><\/li>\n<li>GUIRLANDE INTELLIGENTE : Sur certains mod\u00e8les. D\u00e9tection automatique de la position de chaque LED \u00e0 l&rsquo;aide de l&rsquo;appareil photo du smartphone (syst\u00e8me brevet\u00e9) &#8211; Touchez la photo de votre Rideau et d\u00e9cidez quelles LED allumer !<\/li>\n<\/ul>\n<p>&nbsp;<\/p>\n","protected":false},"excerpt":{"rendered":"<p id=\"title\" class=\"a-size-large a-spacing-none\"><span id=\"productTitle\" class=\"a-size-large product-title-word-break\">Un sapin de Noel magique avec Twinkly, guirlandes \u00e0 Led multicolores RGB. Cette guirlande intelligente se contr\u00f4le depuis votre smartphone. C&rsquo;est la nouvelle g\u00e9n\u00e9ration de d\u00e9coration de No\u00ebl avec des effets lumineux incroyables. Twinkly comprend 400 LED RVB brillantes et color\u00e9es, un contr\u00f4leur Wi-Fi\/Bluetooth et une application pour smartphone. Cette guirlande lumineuse LED innovante\u00a0 s&rsquo;int\u00e8gre \u00e0 la maison intelligente avec Google Assistant et Amazon Alexa.<\/span><\/p>\n<p class=\"a-size-large a-spacing-none\"><span id=\"productTitle\" class=\"a-size-large product-title-word-break\">Twinkly &#8211; TWS400STP 400 Guirlandes \u00e0 LED Multicolores RGB. Lumi\u00e8res de No\u00ebl Contr\u00f4l\u00e9es par l&rsquo;Application Razer Chroma. Avec un C\u00e2ble Noir (32 m) pour D\u00e9corations de F\u00eates Int\u00e9rieures et Ext\u00e9rieures.<\/span><\/p>\n","protected":false},"featured_media":17680,"comment_status":"closed","ping_status":"closed","template":"","meta":[],"product_cat":[6365],"product_tag":[6429,6426,6430,6324,6323,6427,6428,6425],"class_list":["post-17679","product","type-product","status-publish","has-post-thumbnail","hentry","product_cat-store","product_tag-fete","product_tag-guirlande","product_tag-guirlandes","product_tag-innovation","product_tag-invention","product_tag-noel","product_tag-sapin","product_tag-twinkly","has_thumb"],"yoast_head":"<!-- This site is optimized with the Yoast SEO plugin v24.9 - https:\/\/yoast.com\/wordpress\/plugins\/seo\/ -->\n<title>Twinkly : Guirlandes \u00e0 LED Multicolores RGB pour sapin de noel - urekaWEB : les inventions qui changent le monde, de la roue \u00e0 l\u2019IA<\/title>\n<meta name=\"description\" content=\"Un sapin de Noel magique avec Twinkly, guirlandes \u00e0 Led multicolores RGB. Cette guirlande intelligente se contr\u00f4le depuis votre smartphone.\" \/>\n<meta name=\"robots\" content=\"index, follow, max-snippet:-1, max-image-preview:large, max-video-preview:-1\" \/>\n<link rel=\"canonical\" href=\"https:\/\/eurekaweb.fr\/wp\/produit\/twinkly-guirlandes-a-led-multicolores-rgb-pour-sapin-de-noel\/\" \/>\n<meta property=\"og:locale\" content=\"fr_FR\" \/>\n<meta property=\"og:type\" content=\"article\" \/>\n<meta property=\"og:title\" content=\"Twinkly : Guirlandes \u00e0 LED Multicolores RGB pour sapin de noel - urekaWEB : les inventions qui changent le monde, de la roue \u00e0 l\u2019IA\" \/>\n<meta property=\"og:description\" content=\"Un sapin de Noel magique avec Twinkly, guirlandes \u00e0 Led multicolores RGB. Cette guirlande intelligente se contr\u00f4le depuis votre smartphone.\" \/>\n<meta property=\"og:url\" content=\"https:\/\/eurekaweb.fr\/wp\/produit\/twinkly-guirlandes-a-led-multicolores-rgb-pour-sapin-de-noel\/\" \/>\n<meta property=\"og:site_name\" content=\"urekaWEB : les inventions qui changent le monde, de la roue \u00e0 l\u2019IA\" \/>\n<meta property=\"article:publisher\" content=\"https:\/\/www.facebook.com\/EurekawebInvent\" \/>\n<meta property=\"article:modified_time\" content=\"2021-11-16T16:21:36+00:00\" \/>\n<meta property=\"og:image\" content=\"http:\/\/eurekaweb.fr\/wp\/wp-content\/uploads\/2020\/11\/twinkly-guirlandes-led-rgb-sapin-noel.jpg\" \/>\n\t<meta property=\"og:image:width\" content=\"1080\" \/>\n\t<meta property=\"og:image:height\" content=\"720\" \/>\n\t<meta property=\"og:image:type\" content=\"image\/jpeg\" \/>\n<meta name=\"twitter:card\" content=\"summary_large_image\" \/>\n<meta name=\"twitter:site\" content=\"@EurekawebInvent\" \/>\n<meta name=\"twitter:label1\" content=\"Dur\u00e9e de lecture estim\u00e9e\" \/>\n\t<meta name=\"twitter:data1\" content=\"2 minutes\" \/>\n<script type=\"application\/ld+json\" class=\"yoast-schema-graph\">{\"@context\":\"https:\/\/schema.org\",\"@graph\":[{\"@type\":\"WebPage\",\"@id\":\"https:\/\/eurekaweb.fr\/wp\/produit\/twinkly-guirlandes-a-led-multicolores-rgb-pour-sapin-de-noel\/\",\"url\":\"https:\/\/eurekaweb.fr\/wp\/produit\/twinkly-guirlandes-a-led-multicolores-rgb-pour-sapin-de-noel\/\",\"name\":\"Twinkly : Guirlandes \u00e0 LED Multicolores RGB pour sapin de noel - urekaWEB : les inventions qui changent le monde, de la roue \u00e0 l\u2019IA\",\"isPartOf\":{\"@id\":\"https:\/\/eurekaweb.fr\/wp\/#website\"},\"primaryImageOfPage\":{\"@id\":\"https:\/\/eurekaweb.fr\/wp\/produit\/twinkly-guirlandes-a-led-multicolores-rgb-pour-sapin-de-noel\/#primaryimage\"},\"image\":{\"@id\":\"https:\/\/eurekaweb.fr\/wp\/produit\/twinkly-guirlandes-a-led-multicolores-rgb-pour-sapin-de-noel\/#primaryimage\"},\"thumbnailUrl\":\"https:\/\/i0.wp.com\/eurekaweb.fr\/wp\/wp-content\/uploads\/2020\/11\/twinkly-guirlandes-led-rgb-sapin-noel.jpg?fit=1080%2C720&ssl=1\",\"datePublished\":\"2021-11-15T10:05:04+00:00\",\"dateModified\":\"2021-11-16T16:21:36+00:00\",\"description\":\"Un sapin de Noel magique avec Twinkly, guirlandes \u00e0 Led multicolores RGB. Cette guirlande intelligente se contr\u00f4le depuis votre smartphone.\",\"breadcrumb\":{\"@id\":\"https:\/\/eurekaweb.fr\/wp\/produit\/twinkly-guirlandes-a-led-multicolores-rgb-pour-sapin-de-noel\/#breadcrumb\"},\"inLanguage\":\"fr-FR\",\"potentialAction\":[{\"@type\":\"ReadAction\",\"target\":[\"https:\/\/eurekaweb.fr\/wp\/produit\/twinkly-guirlandes-a-led-multicolores-rgb-pour-sapin-de-noel\/\"]}]},{\"@type\":\"ImageObject\",\"inLanguage\":\"fr-FR\",\"@id\":\"https:\/\/eurekaweb.fr\/wp\/produit\/twinkly-guirlandes-a-led-multicolores-rgb-pour-sapin-de-noel\/#primaryimage\",\"url\":\"https:\/\/i0.wp.com\/eurekaweb.fr\/wp\/wp-content\/uploads\/2020\/11\/twinkly-guirlandes-led-rgb-sapin-noel.jpg?fit=1080%2C720&ssl=1\",\"contentUrl\":\"https:\/\/i0.wp.com\/eurekaweb.fr\/wp\/wp-content\/uploads\/2020\/11\/twinkly-guirlandes-led-rgb-sapin-noel.jpg?fit=1080%2C720&ssl=1\",\"width\":1080,\"height\":720},{\"@type\":\"BreadcrumbList\",\"@id\":\"https:\/\/eurekaweb.fr\/wp\/produit\/twinkly-guirlandes-a-led-multicolores-rgb-pour-sapin-de-noel\/#breadcrumb\",\"itemListElement\":[{\"@type\":\"ListItem\",\"position\":1,\"name\":\"Accueil\",\"item\":\"https:\/\/eurekaweb.fr\/wp\/\"},{\"@type\":\"ListItem\",\"position\":2,\"name\":\"Boutique inventions\",\"item\":\"https:\/\/eurekaweb.fr\/wp\/boutique-inventions\/\"},{\"@type\":\"ListItem\",\"position\":3,\"name\":\"Twinkly : Guirlandes \u00e0 LED Multicolores RGB pour sapin de noel\"}]},{\"@type\":\"WebSite\",\"@id\":\"https:\/\/eurekaweb.fr\/wp\/#website\",\"url\":\"https:\/\/eurekaweb.fr\/wp\/\",\"name\":\"EurekaWEB : toutes les inventions & innovations \u00e0 port\u00e9e de clic\",\"description\":\"D\u00e9couvrez le top des innovations et des start-up d\u2019hier, d\u2019aujourd\u2019hui et de demain sur EurekaWEB.\",\"publisher\":{\"@id\":\"https:\/\/eurekaweb.fr\/wp\/#organization\"},\"alternateName\":\"EurekaWEB : inventions & innovations en continu\",\"potentialAction\":[{\"@type\":\"SearchAction\",\"target\":{\"@type\":\"EntryPoint\",\"urlTemplate\":\"https:\/\/eurekaweb.fr\/wp\/?s={search_term_string}\"},\"query-input\":{\"@type\":\"PropertyValueSpecification\",\"valueRequired\":true,\"valueName\":\"search_term_string\"}}],\"inLanguage\":\"fr-FR\"},{\"@type\":\"Organization\",\"@id\":\"https:\/\/eurekaweb.fr\/wp\/#organization\",\"name\":\"EurekaWEB - Inventions Innovations Gadgets\",\"url\":\"https:\/\/eurekaweb.fr\/wp\/\",\"logo\":{\"@type\":\"ImageObject\",\"inLanguage\":\"fr-FR\",\"@id\":\"https:\/\/eurekaweb.fr\/wp\/#\/schema\/logo\/image\/\",\"url\":\"https:\/\/i0.wp.com\/eurekaweb.fr\/wp\/wp-content\/uploads\/2020\/01\/eurekaweb-logo-instagram-hd.png?fit=1920%2C1920&ssl=1\",\"contentUrl\":\"https:\/\/i0.wp.com\/eurekaweb.fr\/wp\/wp-content\/uploads\/2020\/01\/eurekaweb-logo-instagram-hd.png?fit=1920%2C1920&ssl=1\",\"width\":1920,\"height\":1920,\"caption\":\"EurekaWEB - Inventions Innovations Gadgets\"},\"image\":{\"@id\":\"https:\/\/eurekaweb.fr\/wp\/#\/schema\/logo\/image\/\"},\"sameAs\":[\"https:\/\/www.facebook.com\/EurekawebInvent\",\"https:\/\/x.com\/EurekawebInvent\",\"https:\/\/www.instagram.com\/eurekaweb\/\",\"https:\/\/www.youtube.com\/channel\/UCpu2DqaoRrdY-3q-Gd53GlQ\"]}]}<\/script>\n<!-- \/ Yoast SEO plugin. -->","yoast_head_json":{"title":"Twinkly : Guirlandes \u00e0 LED Multicolores RGB pour sapin de noel - urekaWEB : les inventions qui changent le monde, de la roue \u00e0 l\u2019IA","description":"Un sapin de Noel magique avec Twinkly, guirlandes \u00e0 Led multicolores RGB. Cette guirlande intelligente se contr\u00f4le depuis votre smartphone.","robots":{"index":"index","follow":"follow","max-snippet":"max-snippet:-1","max-image-preview":"max-image-preview:large","max-video-preview":"max-video-preview:-1"},"canonical":"https:\/\/eurekaweb.fr\/wp\/produit\/twinkly-guirlandes-a-led-multicolores-rgb-pour-sapin-de-noel\/","og_locale":"fr_FR","og_type":"article","og_title":"Twinkly : Guirlandes \u00e0 LED Multicolores RGB pour sapin de noel - urekaWEB : les inventions qui changent le monde, de la roue \u00e0 l\u2019IA","og_description":"Un sapin de Noel magique avec Twinkly, guirlandes \u00e0 Led multicolores RGB. Cette guirlande intelligente se contr\u00f4le depuis votre smartphone.","og_url":"https:\/\/eurekaweb.fr\/wp\/produit\/twinkly-guirlandes-a-led-multicolores-rgb-pour-sapin-de-noel\/","og_site_name":"urekaWEB : les inventions qui changent le monde, de la roue \u00e0 l\u2019IA","article_publisher":"https:\/\/www.facebook.com\/EurekawebInvent","article_modified_time":"2021-11-16T16:21:36+00:00","og_image":[{"width":1080,"height":720,"url":"http:\/\/eurekaweb.fr\/wp\/wp-content\/uploads\/2020\/11\/twinkly-guirlandes-led-rgb-sapin-noel.jpg","type":"image\/jpeg"}],"twitter_card":"summary_large_image","twitter_site":"@EurekawebInvent","twitter_misc":{"Dur\u00e9e de lecture estim\u00e9e":"2 minutes"},"schema":{"@context":"https:\/\/schema.org","@graph":[{"@type":"WebPage","@id":"https:\/\/eurekaweb.fr\/wp\/produit\/twinkly-guirlandes-a-led-multicolores-rgb-pour-sapin-de-noel\/","url":"https:\/\/eurekaweb.fr\/wp\/produit\/twinkly-guirlandes-a-led-multicolores-rgb-pour-sapin-de-noel\/","name":"Twinkly : Guirlandes \u00e0 LED Multicolores RGB pour sapin de noel - urekaWEB : les inventions qui changent le monde, de la roue \u00e0 l\u2019IA","isPartOf":{"@id":"https:\/\/eurekaweb.fr\/wp\/#website"},"primaryImageOfPage":{"@id":"https:\/\/eurekaweb.fr\/wp\/produit\/twinkly-guirlandes-a-led-multicolores-rgb-pour-sapin-de-noel\/#primaryimage"},"image":{"@id":"https:\/\/eurekaweb.fr\/wp\/produit\/twinkly-guirlandes-a-led-multicolores-rgb-pour-sapin-de-noel\/#primaryimage"},"thumbnailUrl":"https:\/\/i0.wp.com\/eurekaweb.fr\/wp\/wp-content\/uploads\/2020\/11\/twinkly-guirlandes-led-rgb-sapin-noel.jpg?fit=1080%2C720&ssl=1","datePublished":"2021-11-15T10:05:04+00:00","dateModified":"2021-11-16T16:21:36+00:00","description":"Un sapin de Noel magique avec Twinkly, guirlandes \u00e0 Led multicolores RGB. Cette guirlande intelligente se contr\u00f4le depuis votre smartphone.","breadcrumb":{"@id":"https:\/\/eurekaweb.fr\/wp\/produit\/twinkly-guirlandes-a-led-multicolores-rgb-pour-sapin-de-noel\/#breadcrumb"},"inLanguage":"fr-FR","potentialAction":[{"@type":"ReadAction","target":["https:\/\/eurekaweb.fr\/wp\/produit\/twinkly-guirlandes-a-led-multicolores-rgb-pour-sapin-de-noel\/"]}]},{"@type":"ImageObject","inLanguage":"fr-FR","@id":"https:\/\/eurekaweb.fr\/wp\/produit\/twinkly-guirlandes-a-led-multicolores-rgb-pour-sapin-de-noel\/#primaryimage","url":"https:\/\/i0.wp.com\/eurekaweb.fr\/wp\/wp-content\/uploads\/2020\/11\/twinkly-guirlandes-led-rgb-sapin-noel.jpg?fit=1080%2C720&ssl=1","contentUrl":"https:\/\/i0.wp.com\/eurekaweb.fr\/wp\/wp-content\/uploads\/2020\/11\/twinkly-guirlandes-led-rgb-sapin-noel.jpg?fit=1080%2C720&ssl=1","width":1080,"height":720},{"@type":"BreadcrumbList","@id":"https:\/\/eurekaweb.fr\/wp\/produit\/twinkly-guirlandes-a-led-multicolores-rgb-pour-sapin-de-noel\/#breadcrumb","itemListElement":[{"@type":"ListItem","position":1,"name":"Accueil","item":"https:\/\/eurekaweb.fr\/wp\/"},{"@type":"ListItem","position":2,"name":"Boutique inventions","item":"https:\/\/eurekaweb.fr\/wp\/boutique-inventions\/"},{"@type":"ListItem","position":3,"name":"Twinkly : Guirlandes \u00e0 LED Multicolores RGB pour sapin de noel"}]},{"@type":"WebSite","@id":"https:\/\/eurekaweb.fr\/wp\/#website","url":"https:\/\/eurekaweb.fr\/wp\/","name":"EurekaWEB : toutes les inventions & innovations \u00e0 port\u00e9e de clic","description":"D\u00e9couvrez le top des innovations et des start-up d\u2019hier, d\u2019aujourd\u2019hui et de demain sur EurekaWEB.","publisher":{"@id":"https:\/\/eurekaweb.fr\/wp\/#organization"},"alternateName":"EurekaWEB : inventions & innovations en continu","potentialAction":[{"@type":"SearchAction","target":{"@type":"EntryPoint","urlTemplate":"https:\/\/eurekaweb.fr\/wp\/?s={search_term_string}"},"query-input":{"@type":"PropertyValueSpecification","valueRequired":true,"valueName":"search_term_string"}}],"inLanguage":"fr-FR"},{"@type":"Organization","@id":"https:\/\/eurekaweb.fr\/wp\/#organization","name":"EurekaWEB - Inventions Innovations Gadgets","url":"https:\/\/eurekaweb.fr\/wp\/","logo":{"@type":"ImageObject","inLanguage":"fr-FR","@id":"https:\/\/eurekaweb.fr\/wp\/#\/schema\/logo\/image\/","url":"https:\/\/i0.wp.com\/eurekaweb.fr\/wp\/wp-content\/uploads\/2020\/01\/eurekaweb-logo-instagram-hd.png?fit=1920%2C1920&ssl=1","contentUrl":"https:\/\/i0.wp.com\/eurekaweb.fr\/wp\/wp-content\/uploads\/2020\/01\/eurekaweb-logo-instagram-hd.png?fit=1920%2C1920&ssl=1","width":1920,"height":1920,"caption":"EurekaWEB - Inventions Innovations Gadgets"},"image":{"@id":"https:\/\/eurekaweb.fr\/wp\/#\/schema\/logo\/image\/"},"sameAs":["https:\/\/www.facebook.com\/EurekawebInvent","https:\/\/x.com\/EurekawebInvent","https:\/\/www.instagram.com\/eurekaweb\/","https:\/\/www.youtube.com\/channel\/UCpu2DqaoRrdY-3q-Gd53GlQ"]}]}},"jetpack-related-posts":[],"jetpack_sharing_enabled":true,"jetpack_likes_enabled":true,"_links":{"self":[{"href":"https:\/\/eurekaweb.fr\/wp\/wp-json\/wp\/v2\/product\/17679","targetHints":{"allow":["GET"]}}],"collection":[{"href":"https:\/\/eurekaweb.fr\/wp\/wp-json\/wp\/v2\/product"}],"about":[{"href":"https:\/\/eurekaweb.fr\/wp\/wp-json\/wp\/v2\/types\/product"}],"replies":[{"embeddable":true,"href":"https:\/\/eurekaweb.fr\/wp\/wp-json\/wp\/v2\/comments?post=17679"}],"wp:featuredmedia":[{"embeddable":true,"href":"https:\/\/eurekaweb.fr\/wp\/wp-json\/wp\/v2\/media\/17680"}],"wp:attachment":[{"href":"https:\/\/eurekaweb.fr\/wp\/wp-json\/wp\/v2\/media?parent=17679"}],"wp:term":[{"taxonomy":"product_cat","embeddable":true,"href":"https:\/\/eurekaweb.fr\/wp\/wp-json\/wp\/v2\/product_cat?post=17679"},{"taxonomy":"product_tag","embeddable":true,"href":"https:\/\/eurekaweb.fr\/wp\/wp-json\/wp\/v2\/product_tag?post=17679"}],"curies":[{"name":"wp","href":"https:\/\/api.w.org\/{rel}","templated":true}]}}