{"id":19340,"date":"2022-10-09T12:53:52","date_gmt":"2022-10-09T10:53:52","guid":{"rendered":"https:\/\/eurekaweb.fr\/wp\/?post_type=product&#038;p=19340"},"modified":"2024-06-29T15:17:04","modified_gmt":"2024-06-29T13:17:04","slug":"zubits-lacets-magnetiques-attache-rapide-pour-chaussures","status":"publish","type":"product","link":"https:\/\/eurekaweb.fr\/wp\/produit\/zubits-lacets-magnetiques-attache-rapide-pour-chaussures\/","title":{"rendered":"Zubits Lacets magn\u00e9tiques \/ attache rapide pour chaussures"},"content":{"rendered":"\n\n<div class=\"kk-star-ratings kksr-auto kksr-align-left kksr-valign-top\"\n    data-payload='{&quot;align&quot;:&quot;left&quot;,&quot;id&quot;:&quot;19340&quot;,&quot;slug&quot;:&quot;default&quot;,&quot;valign&quot;:&quot;top&quot;,&quot;ignore&quot;:&quot;&quot;,&quot;reference&quot;:&quot;auto&quot;,&quot;class&quot;:&quot;&quot;,&quot;count&quot;:&quot;0&quot;,&quot;legendonly&quot;:&quot;&quot;,&quot;readonly&quot;:&quot;&quot;,&quot;score&quot;:&quot;0&quot;,&quot;starsonly&quot;:&quot;&quot;,&quot;best&quot;:&quot;5&quot;,&quot;gap&quot;:&quot;5&quot;,&quot;greet&quot;:&quot;Rate this product&quot;,&quot;legend&quot;:&quot;0\\\/5 - (0 vote)&quot;,&quot;size&quot;:&quot;24&quot;,&quot;title&quot;:&quot;Zubits Lacets magn\u00e9tiques \\\/ attache rapide pour chaussures&quot;,&quot;width&quot;:&quot;0&quot;,&quot;_legend&quot;:&quot;{score}\\\/{best} - ({count} {votes})&quot;,&quot;font_factor&quot;:&quot;1.25&quot;}'>\n            \n<div class=\"kksr-stars\">\n    \n<div class=\"kksr-stars-inactive\">\n            <div class=\"kksr-star\" data-star=\"1\" style=\"padding-right: 5px\">\n            \n\n<div class=\"kksr-icon\" style=\"width: 24px; height: 24px;\"><\/div>\n        <\/div>\n            <div class=\"kksr-star\" data-star=\"2\" style=\"padding-right: 5px\">\n            \n\n<div class=\"kksr-icon\" style=\"width: 24px; height: 24px;\"><\/div>\n        <\/div>\n            <div class=\"kksr-star\" data-star=\"3\" style=\"padding-right: 5px\">\n            \n\n<div class=\"kksr-icon\" style=\"width: 24px; height: 24px;\"><\/div>\n        <\/div>\n            <div class=\"kksr-star\" data-star=\"4\" style=\"padding-right: 5px\">\n            \n\n<div class=\"kksr-icon\" style=\"width: 24px; height: 24px;\"><\/div>\n        <\/div>\n            <div class=\"kksr-star\" data-star=\"5\" style=\"padding-right: 5px\">\n            \n\n<div class=\"kksr-icon\" style=\"width: 24px; height: 24px;\"><\/div>\n        <\/div>\n    <\/div>\n    \n<div class=\"kksr-stars-active\" style=\"width: 0px;\">\n            <div class=\"kksr-star\" style=\"padding-right: 5px\">\n            \n\n<div class=\"kksr-icon\" style=\"width: 24px; height: 24px;\"><\/div>\n        <\/div>\n            <div class=\"kksr-star\" style=\"padding-right: 5px\">\n            \n\n<div class=\"kksr-icon\" style=\"width: 24px; height: 24px;\"><\/div>\n        <\/div>\n            <div class=\"kksr-star\" style=\"padding-right: 5px\">\n            \n\n<div class=\"kksr-icon\" style=\"width: 24px; height: 24px;\"><\/div>\n        <\/div>\n            <div class=\"kksr-star\" style=\"padding-right: 5px\">\n            \n\n<div class=\"kksr-icon\" style=\"width: 24px; height: 24px;\"><\/div>\n        <\/div>\n            <div class=\"kksr-star\" style=\"padding-right: 5px\">\n            \n\n<div class=\"kksr-icon\" style=\"width: 24px; height: 24px;\"><\/div>\n        <\/div>\n    <\/div>\n<\/div>\n                \n\n<div class=\"kksr-legend\" style=\"font-size: 19.2px;\">\n            <span class=\"kksr-muted\">Rate this product<\/span>\n    <\/div>\n    <\/div>\n<h1><img data-recalc-dims=\"1\" decoding=\"async\" class=\"alignnone size-medium wp-image-19341\" src=\"https:\/\/i0.wp.com\/eurekaweb.fr\/wp\/wp-content\/uploads\/2022\/10\/magnetic-lacing-solution-make-your-shoes-magnetic-186x300.jpg?resize=186%2C300&#038;ssl=1\" alt=\"lacets magnetiques - attache rapide pour chaussures\" width=\"186\" height=\"300\" srcset=\"https:\/\/i0.wp.com\/eurekaweb.fr\/wp\/wp-content\/uploads\/2022\/10\/magnetic-lacing-solution-make-your-shoes-magnetic.jpg?resize=186%2C300&amp;ssl=1 186w, https:\/\/i0.wp.com\/eurekaweb.fr\/wp\/wp-content\/uploads\/2022\/10\/magnetic-lacing-solution-make-your-shoes-magnetic.jpg?resize=636%2C1024&amp;ssl=1 636w, https:\/\/i0.wp.com\/eurekaweb.fr\/wp\/wp-content\/uploads\/2022\/10\/magnetic-lacing-solution-make-your-shoes-magnetic.jpg?resize=768%2C1236&amp;ssl=1 768w, https:\/\/i0.wp.com\/eurekaweb.fr\/wp\/wp-content\/uploads\/2022\/10\/magnetic-lacing-solution-make-your-shoes-magnetic.jpg?resize=600%2C966&amp;ssl=1 600w, https:\/\/i0.wp.com\/eurekaweb.fr\/wp\/wp-content\/uploads\/2022\/10\/magnetic-lacing-solution-make-your-shoes-magnetic.jpg?w=932&amp;ssl=1 932w\" sizes=\"(max-width: 186px) 100vw, 186px\" \/><\/h1>\n<h1 id=\"title\" class=\"a-size-large a-spacing-none\">Zubits Magnetic Shoe Closures Unisexe &lsquo;Never Tie Laces Again&rsquo; &#8211; Tailles 1, 2 &amp; 3 en 12 couleurs diff\u00e9rentes ! ORIGINAL 2.0 !<\/h1>\n<ul class=\"a-unordered-list a-vertical a-spacing-mini\">\n<li><span class=\"a-list-item\">Ne jamais attacher les lacets \u00e0 nouveau! zubits solution magn\u00e9tique est tout simplement La\u00e7age le moyen le plus rapide et le plus facile d&rsquo;entrer et de vos propres chaussures! pas Nouer, sans n\u0153uds, pas de pression, pas d\u00e9la\u00e7age, pas des arcs b\u00e2cl\u00e9e. Utilisez-les plus et plus de nouvelles chaussures.<\/span><\/li>\n<li><span class=\"a-list-item\">Seuls les aimants ZUBITS authentiques sont dot\u00e9s de la technologie Magnetic Array, ce qui les rend de loin sup\u00e9rieurs. Avec ZUBITS, vous pouvez courir, sauter ou faire du sport.<\/span><\/li>\n<li><span class=\"a-list-item\">La solution sans attachement la plus facile Lorsque les aimants Zubits sont s\u00e9par\u00e9s, c&rsquo;est comme si vous n&rsquo;aviez pas de lacets du tout, vous pouvez donc facilement glisser dans une chaussure grande ouverte; Ensuite, il suffit de rassembler les aimants et c&rsquo;est tout\u00a0; Pour sortir, il suffit de marcher sur vos talons et de sortir de vos chaussures les mains libres.<\/span><\/li>\n<li><span class=\"a-list-item\">Ne plus jamais nouer les lacets, la solution de la\u00e7age magn\u00e9tique Zubits est tout simplement le moyen le plus rapide et le plus simple d&rsquo;entrer et de sortir de vos propres chaussures ; Pas de n\u0153uds, pas de n\u0153uds, pas de pincement, pas de lacets qui se d\u00e9font, pas de n\u0153uds b\u00e2cl\u00e9s\u00a0; Utilisez-les encore et encore sur de nouvelles chaussures.<\/span><\/li>\n<li><span class=\"a-list-item\">\u00c0 utiliser encore et encore, contrairement \u00e0 d&rsquo;autres solutions sans attache, les fermetures Zubits peuvent \u00eatre utilis\u00e9es encore et encore, ce qui en fait la meilleure solution et le meilleur rapport qualit\u00e9-prix\u00a0; Ils se lacent sur vos chaussures en utilisant vos propres lacets ; Des instructions sont incluses avec des clips sp\u00e9ciaux pour fixer les extr\u00e9mit\u00e9s de vos lacets; Vendu par lot de deux fermetures Zubits, assez pour une paire de chaussures.<\/span><\/li>\n<\/ul>\n<p>&nbsp;<\/p>\n","protected":false},"excerpt":{"rendered":"<h3 class=\"a-spacing-mini\">La solution magn\u00e9tique simple pour les chaussures<\/h3>\n<p>Les fermetures ZUBITS offrent une solution simple pour garder vos chaussures en place et en toute s\u00e9curit\u00e9.<\/p>\n<p>Les fermetures magn\u00e9tiques ZUBITS permettent d&rsquo;enfiler et d&rsquo;enlever les chaussures tr\u00e8s facilement. Pas de n\u0153uds, pas de n\u0153uds, pas de lacets qui se d\u00e9font.<\/p>\n<p>Fini les lacets l\u00e2ches, mais gardez plut\u00f4t vos chaussures en s\u00e9curit\u00e9 toute la journ\u00e9e ! Que vous fassiez de l&rsquo;exercice ou que vous les portiez tranquillement, vous pouvez compter sur ZUBITS pour rester ensemble toute la journ\u00e9e.<\/p>\n<p>Soutenez vos \u00e9quipes sportives professionnelles, coll\u00e9giales ou d&rsquo;\u00e9cole secondaire pr\u00e9f\u00e9r\u00e9es. Achetez deux paires et m\u00e9langez et assortissez les couleurs pour \u00eatre le fan ultime des \u00e9quipes NBA, NFL, MLB, college et plus encore.<\/p>\n<p><img decoding=\"async\" class=\"alignnone size-medium wp-image-19341\" src=\"https:\/\/eurekaweb.fr\/wp\/wp-content\/uploads\/2022\/10\/magnetic-lacing-solution-make-your-shoes-magnetic-186x300.jpg\" alt=\"lacets magnetiques - attache rapide pour chaussures\" width=\"186\" height=\"300\" srcset=\"https:\/\/i0.wp.com\/eurekaweb.fr\/wp\/wp-content\/uploads\/2022\/10\/magnetic-lacing-solution-make-your-shoes-magnetic.jpg?resize=186%2C300&amp;ssl=1 186w, https:\/\/i0.wp.com\/eurekaweb.fr\/wp\/wp-content\/uploads\/2022\/10\/magnetic-lacing-solution-make-your-shoes-magnetic.jpg?resize=636%2C1024&amp;ssl=1 636w, https:\/\/i0.wp.com\/eurekaweb.fr\/wp\/wp-content\/uploads\/2022\/10\/magnetic-lacing-solution-make-your-shoes-magnetic.jpg?resize=768%2C1236&amp;ssl=1 768w, https:\/\/i0.wp.com\/eurekaweb.fr\/wp\/wp-content\/uploads\/2022\/10\/magnetic-lacing-solution-make-your-shoes-magnetic.jpg?resize=600%2C966&amp;ssl=1 600w, https:\/\/i0.wp.com\/eurekaweb.fr\/wp\/wp-content\/uploads\/2022\/10\/magnetic-lacing-solution-make-your-shoes-magnetic.jpg?w=932&amp;ssl=1 932w\" sizes=\"(max-width: 186px) 100vw, 186px\" \/><\/p>\n","protected":false},"featured_media":19341,"comment_status":"open","ping_status":"closed","template":"","meta":[],"product_cat":[5718],"product_tag":[5977,6913,6324,6323,6911,6912,6910],"class_list":["post-19340","product","type-product","status-publish","has-post-thumbnail","hentry","product_cat-sport","product_tag-baskets","product_tag-chaussures","product_tag-innovation","product_tag-invention","product_tag-lacets","product_tag-lacets-magnetiques","product_tag-zubits","has_thumb"],"yoast_head":"<!-- This site is optimized with the Yoast SEO plugin v24.9 - https:\/\/yoast.com\/wordpress\/plugins\/seo\/ -->\n<title>Zubits Lacets magn\u00e9tiques \/ attache rapide pour chaussures - urekaWEB : les inventions qui changent le monde, de la roue \u00e0 l\u2019IA<\/title>\n<meta name=\"description\" content=\"Les fermetures ZUBITS offrent une solution simple pour garder vos chaussures en place et en toute s\u00e9curit\u00e9.Les fermetures magn\u00e9tiques ZUBITS permettent d&#039;enfiler et d&#039;enlever les chaussures tr\u00e8s facilement. Pas de n\u0153uds, pas de lacets qui se d\u00e9font.Fini les lacets l\u00e2ches, mais gardez plut\u00f4t vos chaussures en s\u00e9curit\u00e9 toute la journ\u00e9e ! Que vous fassiez de l&#039;exercice ou que vous les portiez tranquillement, vous pouvez compter sur ZUBITS pour rester ensemble toute la journ\u00e9e.Soutenez vos \u00e9quipes sportives professionnelles, coll\u00e9giales ou d&#039;\u00e9cole secondaire pr\u00e9f\u00e9r\u00e9es. Achetez deux paires et m\u00e9langez et assortissez les couleurs pour \u00eatre le fan ultime des \u00e9quipes NBA, NFL, MLB, college et plus encore.\" \/>\n<meta name=\"robots\" content=\"index, follow, max-snippet:-1, max-image-preview:large, max-video-preview:-1\" \/>\n<link rel=\"canonical\" href=\"https:\/\/eurekaweb.fr\/wp\/produit\/zubits-lacets-magnetiques-attache-rapide-pour-chaussures\/\" \/>\n<meta property=\"og:locale\" content=\"fr_FR\" \/>\n<meta property=\"og:type\" content=\"article\" \/>\n<meta property=\"og:title\" content=\"Zubits Lacets magn\u00e9tiques \/ attache rapide pour chaussures - urekaWEB : les inventions qui changent le monde, de la roue \u00e0 l\u2019IA\" \/>\n<meta property=\"og:description\" content=\"Les fermetures ZUBITS offrent une solution simple pour garder vos chaussures en place et en toute s\u00e9curit\u00e9.Les fermetures magn\u00e9tiques ZUBITS permettent d&#039;enfiler et d&#039;enlever les chaussures tr\u00e8s facilement. Pas de n\u0153uds, pas de lacets qui se d\u00e9font.Fini les lacets l\u00e2ches, mais gardez plut\u00f4t vos chaussures en s\u00e9curit\u00e9 toute la journ\u00e9e ! Que vous fassiez de l&#039;exercice ou que vous les portiez tranquillement, vous pouvez compter sur ZUBITS pour rester ensemble toute la journ\u00e9e.Soutenez vos \u00e9quipes sportives professionnelles, coll\u00e9giales ou d&#039;\u00e9cole secondaire pr\u00e9f\u00e9r\u00e9es. Achetez deux paires et m\u00e9langez et assortissez les couleurs pour \u00eatre le fan ultime des \u00e9quipes NBA, NFL, MLB, college et plus encore.\" \/>\n<meta property=\"og:url\" content=\"https:\/\/eurekaweb.fr\/wp\/produit\/zubits-lacets-magnetiques-attache-rapide-pour-chaussures\/\" \/>\n<meta property=\"og:site_name\" content=\"urekaWEB : les inventions qui changent le monde, de la roue \u00e0 l\u2019IA\" \/>\n<meta property=\"article:publisher\" content=\"https:\/\/www.facebook.com\/EurekawebInvent\" \/>\n<meta property=\"article:modified_time\" content=\"2024-06-29T13:17:04+00:00\" \/>\n<meta property=\"og:image\" content=\"http:\/\/eurekaweb.fr\/wp\/wp-content\/uploads\/2022\/10\/magnetic-lacing-solution-make-your-shoes-magnetic.jpg\" \/>\n\t<meta property=\"og:image:width\" content=\"932\" \/>\n\t<meta property=\"og:image:height\" content=\"1500\" \/>\n\t<meta property=\"og:image:type\" content=\"image\/jpeg\" \/>\n<meta name=\"twitter:card\" content=\"summary_large_image\" \/>\n<meta name=\"twitter:site\" content=\"@EurekawebInvent\" \/>\n<meta name=\"twitter:label1\" content=\"Dur\u00e9e de lecture estim\u00e9e\" \/>\n\t<meta name=\"twitter:data1\" content=\"2 minutes\" \/>\n<script type=\"application\/ld+json\" class=\"yoast-schema-graph\">{\"@context\":\"https:\/\/schema.org\",\"@graph\":[{\"@type\":\"WebPage\",\"@id\":\"https:\/\/eurekaweb.fr\/wp\/produit\/zubits-lacets-magnetiques-attache-rapide-pour-chaussures\/\",\"url\":\"https:\/\/eurekaweb.fr\/wp\/produit\/zubits-lacets-magnetiques-attache-rapide-pour-chaussures\/\",\"name\":\"Zubits Lacets magn\u00e9tiques \/ attache rapide pour chaussures - urekaWEB : les inventions qui changent le monde, de la roue \u00e0 l\u2019IA\",\"isPartOf\":{\"@id\":\"https:\/\/eurekaweb.fr\/wp\/#website\"},\"primaryImageOfPage\":{\"@id\":\"https:\/\/eurekaweb.fr\/wp\/produit\/zubits-lacets-magnetiques-attache-rapide-pour-chaussures\/#primaryimage\"},\"image\":{\"@id\":\"https:\/\/eurekaweb.fr\/wp\/produit\/zubits-lacets-magnetiques-attache-rapide-pour-chaussures\/#primaryimage\"},\"thumbnailUrl\":\"https:\/\/i0.wp.com\/eurekaweb.fr\/wp\/wp-content\/uploads\/2022\/10\/magnetic-lacing-solution-make-your-shoes-magnetic.jpg?fit=932%2C1500&ssl=1\",\"datePublished\":\"2022-10-09T10:53:52+00:00\",\"dateModified\":\"2024-06-29T13:17:04+00:00\",\"description\":\"Les fermetures ZUBITS offrent une solution simple pour garder vos chaussures en place et en toute s\u00e9curit\u00e9.Les fermetures magn\u00e9tiques ZUBITS permettent d'enfiler et d'enlever les chaussures tr\u00e8s facilement. Pas de n\u0153uds, pas de lacets qui se d\u00e9font.Fini les lacets l\u00e2ches, mais gardez plut\u00f4t vos chaussures en s\u00e9curit\u00e9 toute la journ\u00e9e ! Que vous fassiez de l'exercice ou que vous les portiez tranquillement, vous pouvez compter sur ZUBITS pour rester ensemble toute la journ\u00e9e.Soutenez vos \u00e9quipes sportives professionnelles, coll\u00e9giales ou d'\u00e9cole secondaire pr\u00e9f\u00e9r\u00e9es. Achetez deux paires et m\u00e9langez et assortissez les couleurs pour \u00eatre le fan ultime des \u00e9quipes NBA, NFL, MLB, college et plus encore.\",\"breadcrumb\":{\"@id\":\"https:\/\/eurekaweb.fr\/wp\/produit\/zubits-lacets-magnetiques-attache-rapide-pour-chaussures\/#breadcrumb\"},\"inLanguage\":\"fr-FR\",\"potentialAction\":[{\"@type\":\"ReadAction\",\"target\":[\"https:\/\/eurekaweb.fr\/wp\/produit\/zubits-lacets-magnetiques-attache-rapide-pour-chaussures\/\"]}]},{\"@type\":\"ImageObject\",\"inLanguage\":\"fr-FR\",\"@id\":\"https:\/\/eurekaweb.fr\/wp\/produit\/zubits-lacets-magnetiques-attache-rapide-pour-chaussures\/#primaryimage\",\"url\":\"https:\/\/i0.wp.com\/eurekaweb.fr\/wp\/wp-content\/uploads\/2022\/10\/magnetic-lacing-solution-make-your-shoes-magnetic.jpg?fit=932%2C1500&ssl=1\",\"contentUrl\":\"https:\/\/i0.wp.com\/eurekaweb.fr\/wp\/wp-content\/uploads\/2022\/10\/magnetic-lacing-solution-make-your-shoes-magnetic.jpg?fit=932%2C1500&ssl=1\",\"width\":932,\"height\":1500,\"caption\":\"lacets magnetiques - attache rapide pour chaussures\"},{\"@type\":\"BreadcrumbList\",\"@id\":\"https:\/\/eurekaweb.fr\/wp\/produit\/zubits-lacets-magnetiques-attache-rapide-pour-chaussures\/#breadcrumb\",\"itemListElement\":[{\"@type\":\"ListItem\",\"position\":1,\"name\":\"Accueil\",\"item\":\"https:\/\/eurekaweb.fr\/wp\/\"},{\"@type\":\"ListItem\",\"position\":2,\"name\":\"Boutique inventions\",\"item\":\"https:\/\/eurekaweb.fr\/wp\/boutique-inventions\/\"},{\"@type\":\"ListItem\",\"position\":3,\"name\":\"Zubits Lacets magn\u00e9tiques \/ attache rapide pour chaussures\"}]},{\"@type\":\"WebSite\",\"@id\":\"https:\/\/eurekaweb.fr\/wp\/#website\",\"url\":\"https:\/\/eurekaweb.fr\/wp\/\",\"name\":\"EurekaWEB : toutes les inventions & innovations \u00e0 port\u00e9e de clic\",\"description\":\"D\u00e9couvrez le top des innovations et des start-up d\u2019hier, d\u2019aujourd\u2019hui et de demain sur EurekaWEB.\",\"publisher\":{\"@id\":\"https:\/\/eurekaweb.fr\/wp\/#organization\"},\"alternateName\":\"EurekaWEB : inventions & innovations en continu\",\"potentialAction\":[{\"@type\":\"SearchAction\",\"target\":{\"@type\":\"EntryPoint\",\"urlTemplate\":\"https:\/\/eurekaweb.fr\/wp\/?s={search_term_string}\"},\"query-input\":{\"@type\":\"PropertyValueSpecification\",\"valueRequired\":true,\"valueName\":\"search_term_string\"}}],\"inLanguage\":\"fr-FR\"},{\"@type\":\"Organization\",\"@id\":\"https:\/\/eurekaweb.fr\/wp\/#organization\",\"name\":\"EurekaWEB - Inventions Innovations Gadgets\",\"url\":\"https:\/\/eurekaweb.fr\/wp\/\",\"logo\":{\"@type\":\"ImageObject\",\"inLanguage\":\"fr-FR\",\"@id\":\"https:\/\/eurekaweb.fr\/wp\/#\/schema\/logo\/image\/\",\"url\":\"https:\/\/i0.wp.com\/eurekaweb.fr\/wp\/wp-content\/uploads\/2020\/01\/eurekaweb-logo-instagram-hd.png?fit=1920%2C1920&ssl=1\",\"contentUrl\":\"https:\/\/i0.wp.com\/eurekaweb.fr\/wp\/wp-content\/uploads\/2020\/01\/eurekaweb-logo-instagram-hd.png?fit=1920%2C1920&ssl=1\",\"width\":1920,\"height\":1920,\"caption\":\"EurekaWEB - Inventions Innovations Gadgets\"},\"image\":{\"@id\":\"https:\/\/eurekaweb.fr\/wp\/#\/schema\/logo\/image\/\"},\"sameAs\":[\"https:\/\/www.facebook.com\/EurekawebInvent\",\"https:\/\/x.com\/EurekawebInvent\",\"https:\/\/www.instagram.com\/eurekaweb\/\",\"https:\/\/www.youtube.com\/channel\/UCpu2DqaoRrdY-3q-Gd53GlQ\"]}]}<\/script>\n<!-- \/ Yoast SEO plugin. -->","yoast_head_json":{"title":"Zubits Lacets magn\u00e9tiques \/ attache rapide pour chaussures - urekaWEB : les inventions qui changent le monde, de la roue \u00e0 l\u2019IA","description":"Les fermetures ZUBITS offrent une solution simple pour garder vos chaussures en place et en toute s\u00e9curit\u00e9.Les fermetures magn\u00e9tiques ZUBITS permettent d'enfiler et d'enlever les chaussures tr\u00e8s facilement. Pas de n\u0153uds, pas de lacets qui se d\u00e9font.Fini les lacets l\u00e2ches, mais gardez plut\u00f4t vos chaussures en s\u00e9curit\u00e9 toute la journ\u00e9e ! Que vous fassiez de l'exercice ou que vous les portiez tranquillement, vous pouvez compter sur ZUBITS pour rester ensemble toute la journ\u00e9e.Soutenez vos \u00e9quipes sportives professionnelles, coll\u00e9giales ou d'\u00e9cole secondaire pr\u00e9f\u00e9r\u00e9es. Achetez deux paires et m\u00e9langez et assortissez les couleurs pour \u00eatre le fan ultime des \u00e9quipes NBA, NFL, MLB, college et plus encore.","robots":{"index":"index","follow":"follow","max-snippet":"max-snippet:-1","max-image-preview":"max-image-preview:large","max-video-preview":"max-video-preview:-1"},"canonical":"https:\/\/eurekaweb.fr\/wp\/produit\/zubits-lacets-magnetiques-attache-rapide-pour-chaussures\/","og_locale":"fr_FR","og_type":"article","og_title":"Zubits Lacets magn\u00e9tiques \/ attache rapide pour chaussures - urekaWEB : les inventions qui changent le monde, de la roue \u00e0 l\u2019IA","og_description":"Les fermetures ZUBITS offrent une solution simple pour garder vos chaussures en place et en toute s\u00e9curit\u00e9.Les fermetures magn\u00e9tiques ZUBITS permettent d'enfiler et d'enlever les chaussures tr\u00e8s facilement. Pas de n\u0153uds, pas de lacets qui se d\u00e9font.Fini les lacets l\u00e2ches, mais gardez plut\u00f4t vos chaussures en s\u00e9curit\u00e9 toute la journ\u00e9e ! Que vous fassiez de l'exercice ou que vous les portiez tranquillement, vous pouvez compter sur ZUBITS pour rester ensemble toute la journ\u00e9e.Soutenez vos \u00e9quipes sportives professionnelles, coll\u00e9giales ou d'\u00e9cole secondaire pr\u00e9f\u00e9r\u00e9es. Achetez deux paires et m\u00e9langez et assortissez les couleurs pour \u00eatre le fan ultime des \u00e9quipes NBA, NFL, MLB, college et plus encore.","og_url":"https:\/\/eurekaweb.fr\/wp\/produit\/zubits-lacets-magnetiques-attache-rapide-pour-chaussures\/","og_site_name":"urekaWEB : les inventions qui changent le monde, de la roue \u00e0 l\u2019IA","article_publisher":"https:\/\/www.facebook.com\/EurekawebInvent","article_modified_time":"2024-06-29T13:17:04+00:00","og_image":[{"width":932,"height":1500,"url":"http:\/\/eurekaweb.fr\/wp\/wp-content\/uploads\/2022\/10\/magnetic-lacing-solution-make-your-shoes-magnetic.jpg","type":"image\/jpeg"}],"twitter_card":"summary_large_image","twitter_site":"@EurekawebInvent","twitter_misc":{"Dur\u00e9e de lecture estim\u00e9e":"2 minutes"},"schema":{"@context":"https:\/\/schema.org","@graph":[{"@type":"WebPage","@id":"https:\/\/eurekaweb.fr\/wp\/produit\/zubits-lacets-magnetiques-attache-rapide-pour-chaussures\/","url":"https:\/\/eurekaweb.fr\/wp\/produit\/zubits-lacets-magnetiques-attache-rapide-pour-chaussures\/","name":"Zubits Lacets magn\u00e9tiques \/ attache rapide pour chaussures - urekaWEB : les inventions qui changent le monde, de la roue \u00e0 l\u2019IA","isPartOf":{"@id":"https:\/\/eurekaweb.fr\/wp\/#website"},"primaryImageOfPage":{"@id":"https:\/\/eurekaweb.fr\/wp\/produit\/zubits-lacets-magnetiques-attache-rapide-pour-chaussures\/#primaryimage"},"image":{"@id":"https:\/\/eurekaweb.fr\/wp\/produit\/zubits-lacets-magnetiques-attache-rapide-pour-chaussures\/#primaryimage"},"thumbnailUrl":"https:\/\/i0.wp.com\/eurekaweb.fr\/wp\/wp-content\/uploads\/2022\/10\/magnetic-lacing-solution-make-your-shoes-magnetic.jpg?fit=932%2C1500&ssl=1","datePublished":"2022-10-09T10:53:52+00:00","dateModified":"2024-06-29T13:17:04+00:00","description":"Les fermetures ZUBITS offrent une solution simple pour garder vos chaussures en place et en toute s\u00e9curit\u00e9.Les fermetures magn\u00e9tiques ZUBITS permettent d'enfiler et d'enlever les chaussures tr\u00e8s facilement. Pas de n\u0153uds, pas de lacets qui se d\u00e9font.Fini les lacets l\u00e2ches, mais gardez plut\u00f4t vos chaussures en s\u00e9curit\u00e9 toute la journ\u00e9e ! Que vous fassiez de l'exercice ou que vous les portiez tranquillement, vous pouvez compter sur ZUBITS pour rester ensemble toute la journ\u00e9e.Soutenez vos \u00e9quipes sportives professionnelles, coll\u00e9giales ou d'\u00e9cole secondaire pr\u00e9f\u00e9r\u00e9es. Achetez deux paires et m\u00e9langez et assortissez les couleurs pour \u00eatre le fan ultime des \u00e9quipes NBA, NFL, MLB, college et plus encore.","breadcrumb":{"@id":"https:\/\/eurekaweb.fr\/wp\/produit\/zubits-lacets-magnetiques-attache-rapide-pour-chaussures\/#breadcrumb"},"inLanguage":"fr-FR","potentialAction":[{"@type":"ReadAction","target":["https:\/\/eurekaweb.fr\/wp\/produit\/zubits-lacets-magnetiques-attache-rapide-pour-chaussures\/"]}]},{"@type":"ImageObject","inLanguage":"fr-FR","@id":"https:\/\/eurekaweb.fr\/wp\/produit\/zubits-lacets-magnetiques-attache-rapide-pour-chaussures\/#primaryimage","url":"https:\/\/i0.wp.com\/eurekaweb.fr\/wp\/wp-content\/uploads\/2022\/10\/magnetic-lacing-solution-make-your-shoes-magnetic.jpg?fit=932%2C1500&ssl=1","contentUrl":"https:\/\/i0.wp.com\/eurekaweb.fr\/wp\/wp-content\/uploads\/2022\/10\/magnetic-lacing-solution-make-your-shoes-magnetic.jpg?fit=932%2C1500&ssl=1","width":932,"height":1500,"caption":"lacets magnetiques - attache rapide pour chaussures"},{"@type":"BreadcrumbList","@id":"https:\/\/eurekaweb.fr\/wp\/produit\/zubits-lacets-magnetiques-attache-rapide-pour-chaussures\/#breadcrumb","itemListElement":[{"@type":"ListItem","position":1,"name":"Accueil","item":"https:\/\/eurekaweb.fr\/wp\/"},{"@type":"ListItem","position":2,"name":"Boutique inventions","item":"https:\/\/eurekaweb.fr\/wp\/boutique-inventions\/"},{"@type":"ListItem","position":3,"name":"Zubits Lacets magn\u00e9tiques \/ attache rapide pour chaussures"}]},{"@type":"WebSite","@id":"https:\/\/eurekaweb.fr\/wp\/#website","url":"https:\/\/eurekaweb.fr\/wp\/","name":"EurekaWEB : toutes les inventions & innovations \u00e0 port\u00e9e de clic","description":"D\u00e9couvrez le top des innovations et des start-up d\u2019hier, d\u2019aujourd\u2019hui et de demain sur EurekaWEB.","publisher":{"@id":"https:\/\/eurekaweb.fr\/wp\/#organization"},"alternateName":"EurekaWEB : inventions & innovations en continu","potentialAction":[{"@type":"SearchAction","target":{"@type":"EntryPoint","urlTemplate":"https:\/\/eurekaweb.fr\/wp\/?s={search_term_string}"},"query-input":{"@type":"PropertyValueSpecification","valueRequired":true,"valueName":"search_term_string"}}],"inLanguage":"fr-FR"},{"@type":"Organization","@id":"https:\/\/eurekaweb.fr\/wp\/#organization","name":"EurekaWEB - Inventions Innovations Gadgets","url":"https:\/\/eurekaweb.fr\/wp\/","logo":{"@type":"ImageObject","inLanguage":"fr-FR","@id":"https:\/\/eurekaweb.fr\/wp\/#\/schema\/logo\/image\/","url":"https:\/\/i0.wp.com\/eurekaweb.fr\/wp\/wp-content\/uploads\/2020\/01\/eurekaweb-logo-instagram-hd.png?fit=1920%2C1920&ssl=1","contentUrl":"https:\/\/i0.wp.com\/eurekaweb.fr\/wp\/wp-content\/uploads\/2020\/01\/eurekaweb-logo-instagram-hd.png?fit=1920%2C1920&ssl=1","width":1920,"height":1920,"caption":"EurekaWEB - Inventions Innovations Gadgets"},"image":{"@id":"https:\/\/eurekaweb.fr\/wp\/#\/schema\/logo\/image\/"},"sameAs":["https:\/\/www.facebook.com\/EurekawebInvent","https:\/\/x.com\/EurekawebInvent","https:\/\/www.instagram.com\/eurekaweb\/","https:\/\/www.youtube.com\/channel\/UCpu2DqaoRrdY-3q-Gd53GlQ"]}]}},"jetpack-related-posts":[],"jetpack_sharing_enabled":true,"jetpack_likes_enabled":true,"_links":{"self":[{"href":"https:\/\/eurekaweb.fr\/wp\/wp-json\/wp\/v2\/product\/19340","targetHints":{"allow":["GET"]}}],"collection":[{"href":"https:\/\/eurekaweb.fr\/wp\/wp-json\/wp\/v2\/product"}],"about":[{"href":"https:\/\/eurekaweb.fr\/wp\/wp-json\/wp\/v2\/types\/product"}],"replies":[{"embeddable":true,"href":"https:\/\/eurekaweb.fr\/wp\/wp-json\/wp\/v2\/comments?post=19340"}],"wp:featuredmedia":[{"embeddable":true,"href":"https:\/\/eurekaweb.fr\/wp\/wp-json\/wp\/v2\/media\/19341"}],"wp:attachment":[{"href":"https:\/\/eurekaweb.fr\/wp\/wp-json\/wp\/v2\/media?parent=19340"}],"wp:term":[{"taxonomy":"product_cat","embeddable":true,"href":"https:\/\/eurekaweb.fr\/wp\/wp-json\/wp\/v2\/product_cat?post=19340"},{"taxonomy":"product_tag","embeddable":true,"href":"https:\/\/eurekaweb.fr\/wp\/wp-json\/wp\/v2\/product_tag?post=19340"}],"curies":[{"name":"wp","href":"https:\/\/api.w.org\/{rel}","templated":true}]}}