{"id":8310,"date":"2018-08-23T18:48:37","date_gmt":"2018-08-23T16:48:37","guid":{"rendered":"http:\/\/eurekaweb.fr\/wp\/?post_type=product&#038;p=8310"},"modified":"2020-11-07T13:44:19","modified_gmt":"2020-11-07T12:44:19","slug":"mastrad-deos-savon-dacier","status":"publish","type":"product","link":"https:\/\/eurekaweb.fr\/wp\/produit\/mastrad-deos-savon-dacier\/","title":{"rendered":"Mastrad d\u00e9os savon d&rsquo;acier"},"content":{"rendered":"\n\n<div class=\"kk-star-ratings kksr-auto kksr-align-left kksr-valign-top\"\n    data-payload='{&quot;align&quot;:&quot;left&quot;,&quot;id&quot;:&quot;8310&quot;,&quot;slug&quot;:&quot;default&quot;,&quot;valign&quot;:&quot;top&quot;,&quot;ignore&quot;:&quot;&quot;,&quot;reference&quot;:&quot;auto&quot;,&quot;class&quot;:&quot;&quot;,&quot;count&quot;:&quot;0&quot;,&quot;legendonly&quot;:&quot;&quot;,&quot;readonly&quot;:&quot;&quot;,&quot;score&quot;:&quot;0&quot;,&quot;starsonly&quot;:&quot;&quot;,&quot;best&quot;:&quot;5&quot;,&quot;gap&quot;:&quot;5&quot;,&quot;greet&quot;:&quot;Rate this product&quot;,&quot;legend&quot;:&quot;0\\\/5 - (0 vote)&quot;,&quot;size&quot;:&quot;24&quot;,&quot;title&quot;:&quot;Mastrad d\u00e9os savon d\\u0026#039;acier&quot;,&quot;width&quot;:&quot;0&quot;,&quot;_legend&quot;:&quot;{score}\\\/{best} - ({count} {votes})&quot;,&quot;font_factor&quot;:&quot;1.25&quot;}'>\n            \n<div class=\"kksr-stars\">\n    \n<div class=\"kksr-stars-inactive\">\n            <div class=\"kksr-star\" data-star=\"1\" style=\"padding-right: 5px\">\n            \n\n<div class=\"kksr-icon\" style=\"width: 24px; height: 24px;\"><\/div>\n        <\/div>\n            <div class=\"kksr-star\" data-star=\"2\" style=\"padding-right: 5px\">\n            \n\n<div class=\"kksr-icon\" style=\"width: 24px; height: 24px;\"><\/div>\n        <\/div>\n            <div class=\"kksr-star\" data-star=\"3\" style=\"padding-right: 5px\">\n            \n\n<div class=\"kksr-icon\" style=\"width: 24px; height: 24px;\"><\/div>\n        <\/div>\n            <div class=\"kksr-star\" data-star=\"4\" style=\"padding-right: 5px\">\n            \n\n<div class=\"kksr-icon\" style=\"width: 24px; height: 24px;\"><\/div>\n        <\/div>\n            <div class=\"kksr-star\" data-star=\"5\" style=\"padding-right: 5px\">\n            \n\n<div class=\"kksr-icon\" style=\"width: 24px; height: 24px;\"><\/div>\n        <\/div>\n    <\/div>\n    \n<div class=\"kksr-stars-active\" style=\"width: 0px;\">\n            <div class=\"kksr-star\" style=\"padding-right: 5px\">\n            \n\n<div class=\"kksr-icon\" style=\"width: 24px; height: 24px;\"><\/div>\n        <\/div>\n            <div class=\"kksr-star\" style=\"padding-right: 5px\">\n            \n\n<div class=\"kksr-icon\" style=\"width: 24px; height: 24px;\"><\/div>\n        <\/div>\n            <div class=\"kksr-star\" style=\"padding-right: 5px\">\n            \n\n<div class=\"kksr-icon\" style=\"width: 24px; height: 24px;\"><\/div>\n        <\/div>\n            <div class=\"kksr-star\" style=\"padding-right: 5px\">\n            \n\n<div class=\"kksr-icon\" style=\"width: 24px; height: 24px;\"><\/div>\n        <\/div>\n            <div class=\"kksr-star\" style=\"padding-right: 5px\">\n            \n\n<div class=\"kksr-icon\" style=\"width: 24px; height: 24px;\"><\/div>\n        <\/div>\n    <\/div>\n<\/div>\n                \n\n<div class=\"kksr-legend\" style=\"font-size: 19.2px;\">\n            <span class=\"kksr-muted\">Rate this product<\/span>\n    <\/div>\n    <\/div>\n<p>Mastrad D\u00e9os \u2013 Le Savon d\u2019acier sous Blister<\/p>\n<p>Le savon d\u2019acier D\u00e9os de Mastrad enl\u00e8ve les odeurs les plus tenaces en quelques minutes<\/p>\n","protected":false},"excerpt":{"rendered":"<p>Mastrad D\u00e9os \u2013 Le Savon d\u2019acier sous Blister<\/p>\n<p>Le savon d\u2019acier D\u00e9os de Mastrad enl\u00e8ve les odeurs les plus tenaces en quelques minutes<\/p>\n","protected":false},"featured_media":8311,"comment_status":"closed","ping_status":"closed","template":"","meta":[],"product_cat":[6365],"product_tag":[],"class_list":["post-8310","product","type-product","status-publish","has-post-thumbnail","hentry","product_cat-store","has_thumb"],"yoast_head":"<!-- This site is optimized with the Yoast SEO plugin v24.9 - https:\/\/yoast.com\/wordpress\/plugins\/seo\/ -->\n<title>Mastrad d\u00e9os savon d&#039;acier - urekaWEB : les inventions qui changent le monde, de la roue \u00e0 l\u2019IA<\/title>\n<meta name=\"robots\" content=\"index, follow, max-snippet:-1, max-image-preview:large, max-video-preview:-1\" \/>\n<link rel=\"canonical\" href=\"https:\/\/eurekaweb.fr\/wp\/produit\/mastrad-deos-savon-dacier\/\" \/>\n<meta property=\"og:locale\" content=\"fr_FR\" \/>\n<meta property=\"og:type\" content=\"article\" \/>\n<meta property=\"og:title\" content=\"Mastrad d\u00e9os savon d&#039;acier - urekaWEB : les inventions qui changent le monde, de la roue \u00e0 l\u2019IA\" \/>\n<meta property=\"og:description\" content=\"Mastrad D\u00e9os \u2013 Le Savon d\u2019acier sous Blister  Le savon d\u2019acier D\u00e9os de Mastrad enl\u00e8ve les odeurs les plus tenaces en quelques minutes\" \/>\n<meta property=\"og:url\" content=\"https:\/\/eurekaweb.fr\/wp\/produit\/mastrad-deos-savon-dacier\/\" \/>\n<meta property=\"og:site_name\" content=\"urekaWEB : les inventions qui changent le monde, de la roue \u00e0 l\u2019IA\" \/>\n<meta property=\"article:publisher\" content=\"https:\/\/www.facebook.com\/EurekawebInvent\" \/>\n<meta property=\"article:modified_time\" content=\"2020-11-07T12:44:19+00:00\" \/>\n<meta property=\"og:image\" content=\"https:\/\/eurekaweb.fr\/wp\/wp-content\/uploads\/2018\/08\/mastrad-deos.jpg\" \/>\n\t<meta property=\"og:image:width\" content=\"500\" \/>\n\t<meta property=\"og:image:height\" content=\"415\" \/>\n\t<meta property=\"og:image:type\" content=\"image\/jpeg\" \/>\n<meta name=\"twitter:card\" content=\"summary_large_image\" \/>\n<meta name=\"twitter:site\" content=\"@EurekawebInvent\" \/>\n<script type=\"application\/ld+json\" class=\"yoast-schema-graph\">{\"@context\":\"https:\/\/schema.org\",\"@graph\":[{\"@type\":\"WebPage\",\"@id\":\"https:\/\/eurekaweb.fr\/wp\/produit\/mastrad-deos-savon-dacier\/\",\"url\":\"https:\/\/eurekaweb.fr\/wp\/produit\/mastrad-deos-savon-dacier\/\",\"name\":\"Mastrad d\u00e9os savon d'acier - urekaWEB : les inventions qui changent le monde, de la roue \u00e0 l\u2019IA\",\"isPartOf\":{\"@id\":\"https:\/\/eurekaweb.fr\/wp\/#website\"},\"primaryImageOfPage\":{\"@id\":\"https:\/\/eurekaweb.fr\/wp\/produit\/mastrad-deos-savon-dacier\/#primaryimage\"},\"image\":{\"@id\":\"https:\/\/eurekaweb.fr\/wp\/produit\/mastrad-deos-savon-dacier\/#primaryimage\"},\"thumbnailUrl\":\"https:\/\/i0.wp.com\/eurekaweb.fr\/wp\/wp-content\/uploads\/2018\/08\/mastrad-deos.jpg?fit=500%2C415&ssl=1\",\"datePublished\":\"2018-08-23T16:48:37+00:00\",\"dateModified\":\"2020-11-07T12:44:19+00:00\",\"breadcrumb\":{\"@id\":\"https:\/\/eurekaweb.fr\/wp\/produit\/mastrad-deos-savon-dacier\/#breadcrumb\"},\"inLanguage\":\"fr-FR\",\"potentialAction\":[{\"@type\":\"ReadAction\",\"target\":[\"https:\/\/eurekaweb.fr\/wp\/produit\/mastrad-deos-savon-dacier\/\"]}]},{\"@type\":\"ImageObject\",\"inLanguage\":\"fr-FR\",\"@id\":\"https:\/\/eurekaweb.fr\/wp\/produit\/mastrad-deos-savon-dacier\/#primaryimage\",\"url\":\"https:\/\/i0.wp.com\/eurekaweb.fr\/wp\/wp-content\/uploads\/2018\/08\/mastrad-deos.jpg?fit=500%2C415&ssl=1\",\"contentUrl\":\"https:\/\/i0.wp.com\/eurekaweb.fr\/wp\/wp-content\/uploads\/2018\/08\/mastrad-deos.jpg?fit=500%2C415&ssl=1\",\"width\":500,\"height\":415},{\"@type\":\"BreadcrumbList\",\"@id\":\"https:\/\/eurekaweb.fr\/wp\/produit\/mastrad-deos-savon-dacier\/#breadcrumb\",\"itemListElement\":[{\"@type\":\"ListItem\",\"position\":1,\"name\":\"Accueil\",\"item\":\"https:\/\/eurekaweb.fr\/wp\/\"},{\"@type\":\"ListItem\",\"position\":2,\"name\":\"Boutique inventions\",\"item\":\"https:\/\/eurekaweb.fr\/wp\/boutique-inventions\/\"},{\"@type\":\"ListItem\",\"position\":3,\"name\":\"Mastrad d\u00e9os savon d&rsquo;acier\"}]},{\"@type\":\"WebSite\",\"@id\":\"https:\/\/eurekaweb.fr\/wp\/#website\",\"url\":\"https:\/\/eurekaweb.fr\/wp\/\",\"name\":\"EurekaWEB : toutes les inventions & innovations \u00e0 port\u00e9e de clic\",\"description\":\"D\u00e9couvrez le top des innovations et des start-up d\u2019hier, d\u2019aujourd\u2019hui et de demain sur EurekaWEB.\",\"publisher\":{\"@id\":\"https:\/\/eurekaweb.fr\/wp\/#organization\"},\"alternateName\":\"EurekaWEB : inventions & innovations en continu\",\"potentialAction\":[{\"@type\":\"SearchAction\",\"target\":{\"@type\":\"EntryPoint\",\"urlTemplate\":\"https:\/\/eurekaweb.fr\/wp\/?s={search_term_string}\"},\"query-input\":{\"@type\":\"PropertyValueSpecification\",\"valueRequired\":true,\"valueName\":\"search_term_string\"}}],\"inLanguage\":\"fr-FR\"},{\"@type\":\"Organization\",\"@id\":\"https:\/\/eurekaweb.fr\/wp\/#organization\",\"name\":\"EurekaWEB - Inventions Innovations Gadgets\",\"url\":\"https:\/\/eurekaweb.fr\/wp\/\",\"logo\":{\"@type\":\"ImageObject\",\"inLanguage\":\"fr-FR\",\"@id\":\"https:\/\/eurekaweb.fr\/wp\/#\/schema\/logo\/image\/\",\"url\":\"https:\/\/i0.wp.com\/eurekaweb.fr\/wp\/wp-content\/uploads\/2020\/01\/eurekaweb-logo-instagram-hd.png?fit=1920%2C1920&ssl=1\",\"contentUrl\":\"https:\/\/i0.wp.com\/eurekaweb.fr\/wp\/wp-content\/uploads\/2020\/01\/eurekaweb-logo-instagram-hd.png?fit=1920%2C1920&ssl=1\",\"width\":1920,\"height\":1920,\"caption\":\"EurekaWEB - Inventions Innovations Gadgets\"},\"image\":{\"@id\":\"https:\/\/eurekaweb.fr\/wp\/#\/schema\/logo\/image\/\"},\"sameAs\":[\"https:\/\/www.facebook.com\/EurekawebInvent\",\"https:\/\/x.com\/EurekawebInvent\",\"https:\/\/www.instagram.com\/eurekaweb\/\",\"https:\/\/www.youtube.com\/channel\/UCpu2DqaoRrdY-3q-Gd53GlQ\"]}]}<\/script>\n<!-- \/ Yoast SEO plugin. -->","yoast_head_json":{"title":"Mastrad d\u00e9os savon d'acier - urekaWEB : les inventions qui changent le monde, de la roue \u00e0 l\u2019IA","robots":{"index":"index","follow":"follow","max-snippet":"max-snippet:-1","max-image-preview":"max-image-preview:large","max-video-preview":"max-video-preview:-1"},"canonical":"https:\/\/eurekaweb.fr\/wp\/produit\/mastrad-deos-savon-dacier\/","og_locale":"fr_FR","og_type":"article","og_title":"Mastrad d\u00e9os savon d'acier - urekaWEB : les inventions qui changent le monde, de la roue \u00e0 l\u2019IA","og_description":"Mastrad D\u00e9os \u2013 Le Savon d\u2019acier sous Blister  Le savon d\u2019acier D\u00e9os de Mastrad enl\u00e8ve les odeurs les plus tenaces en quelques minutes","og_url":"https:\/\/eurekaweb.fr\/wp\/produit\/mastrad-deos-savon-dacier\/","og_site_name":"urekaWEB : les inventions qui changent le monde, de la roue \u00e0 l\u2019IA","article_publisher":"https:\/\/www.facebook.com\/EurekawebInvent","article_modified_time":"2020-11-07T12:44:19+00:00","og_image":[{"width":500,"height":415,"url":"https:\/\/eurekaweb.fr\/wp\/wp-content\/uploads\/2018\/08\/mastrad-deos.jpg","type":"image\/jpeg"}],"twitter_card":"summary_large_image","twitter_site":"@EurekawebInvent","schema":{"@context":"https:\/\/schema.org","@graph":[{"@type":"WebPage","@id":"https:\/\/eurekaweb.fr\/wp\/produit\/mastrad-deos-savon-dacier\/","url":"https:\/\/eurekaweb.fr\/wp\/produit\/mastrad-deos-savon-dacier\/","name":"Mastrad d\u00e9os savon d'acier - urekaWEB : les inventions qui changent le monde, de la roue \u00e0 l\u2019IA","isPartOf":{"@id":"https:\/\/eurekaweb.fr\/wp\/#website"},"primaryImageOfPage":{"@id":"https:\/\/eurekaweb.fr\/wp\/produit\/mastrad-deos-savon-dacier\/#primaryimage"},"image":{"@id":"https:\/\/eurekaweb.fr\/wp\/produit\/mastrad-deos-savon-dacier\/#primaryimage"},"thumbnailUrl":"https:\/\/i0.wp.com\/eurekaweb.fr\/wp\/wp-content\/uploads\/2018\/08\/mastrad-deos.jpg?fit=500%2C415&ssl=1","datePublished":"2018-08-23T16:48:37+00:00","dateModified":"2020-11-07T12:44:19+00:00","breadcrumb":{"@id":"https:\/\/eurekaweb.fr\/wp\/produit\/mastrad-deos-savon-dacier\/#breadcrumb"},"inLanguage":"fr-FR","potentialAction":[{"@type":"ReadAction","target":["https:\/\/eurekaweb.fr\/wp\/produit\/mastrad-deos-savon-dacier\/"]}]},{"@type":"ImageObject","inLanguage":"fr-FR","@id":"https:\/\/eurekaweb.fr\/wp\/produit\/mastrad-deos-savon-dacier\/#primaryimage","url":"https:\/\/i0.wp.com\/eurekaweb.fr\/wp\/wp-content\/uploads\/2018\/08\/mastrad-deos.jpg?fit=500%2C415&ssl=1","contentUrl":"https:\/\/i0.wp.com\/eurekaweb.fr\/wp\/wp-content\/uploads\/2018\/08\/mastrad-deos.jpg?fit=500%2C415&ssl=1","width":500,"height":415},{"@type":"BreadcrumbList","@id":"https:\/\/eurekaweb.fr\/wp\/produit\/mastrad-deos-savon-dacier\/#breadcrumb","itemListElement":[{"@type":"ListItem","position":1,"name":"Accueil","item":"https:\/\/eurekaweb.fr\/wp\/"},{"@type":"ListItem","position":2,"name":"Boutique inventions","item":"https:\/\/eurekaweb.fr\/wp\/boutique-inventions\/"},{"@type":"ListItem","position":3,"name":"Mastrad d\u00e9os savon d&rsquo;acier"}]},{"@type":"WebSite","@id":"https:\/\/eurekaweb.fr\/wp\/#website","url":"https:\/\/eurekaweb.fr\/wp\/","name":"EurekaWEB : toutes les inventions & innovations \u00e0 port\u00e9e de clic","description":"D\u00e9couvrez le top des innovations et des start-up d\u2019hier, d\u2019aujourd\u2019hui et de demain sur EurekaWEB.","publisher":{"@id":"https:\/\/eurekaweb.fr\/wp\/#organization"},"alternateName":"EurekaWEB : inventions & innovations en continu","potentialAction":[{"@type":"SearchAction","target":{"@type":"EntryPoint","urlTemplate":"https:\/\/eurekaweb.fr\/wp\/?s={search_term_string}"},"query-input":{"@type":"PropertyValueSpecification","valueRequired":true,"valueName":"search_term_string"}}],"inLanguage":"fr-FR"},{"@type":"Organization","@id":"https:\/\/eurekaweb.fr\/wp\/#organization","name":"EurekaWEB - Inventions Innovations Gadgets","url":"https:\/\/eurekaweb.fr\/wp\/","logo":{"@type":"ImageObject","inLanguage":"fr-FR","@id":"https:\/\/eurekaweb.fr\/wp\/#\/schema\/logo\/image\/","url":"https:\/\/i0.wp.com\/eurekaweb.fr\/wp\/wp-content\/uploads\/2020\/01\/eurekaweb-logo-instagram-hd.png?fit=1920%2C1920&ssl=1","contentUrl":"https:\/\/i0.wp.com\/eurekaweb.fr\/wp\/wp-content\/uploads\/2020\/01\/eurekaweb-logo-instagram-hd.png?fit=1920%2C1920&ssl=1","width":1920,"height":1920,"caption":"EurekaWEB - Inventions Innovations Gadgets"},"image":{"@id":"https:\/\/eurekaweb.fr\/wp\/#\/schema\/logo\/image\/"},"sameAs":["https:\/\/www.facebook.com\/EurekawebInvent","https:\/\/x.com\/EurekawebInvent","https:\/\/www.instagram.com\/eurekaweb\/","https:\/\/www.youtube.com\/channel\/UCpu2DqaoRrdY-3q-Gd53GlQ"]}]}},"jetpack-related-posts":[],"jetpack_sharing_enabled":true,"jetpack_likes_enabled":true,"_links":{"self":[{"href":"https:\/\/eurekaweb.fr\/wp\/wp-json\/wp\/v2\/product\/8310","targetHints":{"allow":["GET"]}}],"collection":[{"href":"https:\/\/eurekaweb.fr\/wp\/wp-json\/wp\/v2\/product"}],"about":[{"href":"https:\/\/eurekaweb.fr\/wp\/wp-json\/wp\/v2\/types\/product"}],"replies":[{"embeddable":true,"href":"https:\/\/eurekaweb.fr\/wp\/wp-json\/wp\/v2\/comments?post=8310"}],"wp:featuredmedia":[{"embeddable":true,"href":"https:\/\/eurekaweb.fr\/wp\/wp-json\/wp\/v2\/media\/8311"}],"wp:attachment":[{"href":"https:\/\/eurekaweb.fr\/wp\/wp-json\/wp\/v2\/media?parent=8310"}],"wp:term":[{"taxonomy":"product_cat","embeddable":true,"href":"https:\/\/eurekaweb.fr\/wp\/wp-json\/wp\/v2\/product_cat?post=8310"},{"taxonomy":"product_tag","embeddable":true,"href":"https:\/\/eurekaweb.fr\/wp\/wp-json\/wp\/v2\/product_tag?post=8310"}],"curies":[{"name":"wp","href":"https:\/\/api.w.org\/{rel}","templated":true}]}}