{"id":8346,"date":"2018-08-24T18:56:23","date_gmt":"2018-08-24T16:56:23","guid":{"rendered":"http:\/\/eurekaweb.fr\/wp\/?post_type=product&#038;p=8346"},"modified":"2020-11-07T13:41:33","modified_gmt":"2020-11-07T12:41:33","slug":"wistiki-voila-porte-cle-connecte-by-starck","status":"publish","type":"product","link":"https:\/\/eurekaweb.fr\/wp\/produit\/wistiki-voila-porte-cle-connecte-by-starck\/","title":{"rendered":"Wistiki Voil\u00e0 Porte-Cl\u00e9 Connect\u00e9 by Starck"},"content":{"rendered":"\n\n<div class=\"kk-star-ratings kksr-auto kksr-align-left kksr-valign-top\"\n    data-payload='{&quot;align&quot;:&quot;left&quot;,&quot;id&quot;:&quot;8346&quot;,&quot;slug&quot;:&quot;default&quot;,&quot;valign&quot;:&quot;top&quot;,&quot;ignore&quot;:&quot;&quot;,&quot;reference&quot;:&quot;auto&quot;,&quot;class&quot;:&quot;&quot;,&quot;count&quot;:&quot;0&quot;,&quot;legendonly&quot;:&quot;&quot;,&quot;readonly&quot;:&quot;&quot;,&quot;score&quot;:&quot;0&quot;,&quot;starsonly&quot;:&quot;&quot;,&quot;best&quot;:&quot;5&quot;,&quot;gap&quot;:&quot;5&quot;,&quot;greet&quot;:&quot;Rate this product&quot;,&quot;legend&quot;:&quot;0\\\/5 - (0 vote)&quot;,&quot;size&quot;:&quot;24&quot;,&quot;title&quot;:&quot;Wistiki Voil\u00e0 Porte-Cl\u00e9 Connect\u00e9 by Starck&quot;,&quot;width&quot;:&quot;0&quot;,&quot;_legend&quot;:&quot;{score}\\\/{best} - ({count} {votes})&quot;,&quot;font_factor&quot;:&quot;1.25&quot;}'>\n            \n<div class=\"kksr-stars\">\n    \n<div class=\"kksr-stars-inactive\">\n            <div class=\"kksr-star\" data-star=\"1\" style=\"padding-right: 5px\">\n            \n\n<div class=\"kksr-icon\" style=\"width: 24px; height: 24px;\"><\/div>\n        <\/div>\n            <div class=\"kksr-star\" data-star=\"2\" style=\"padding-right: 5px\">\n            \n\n<div class=\"kksr-icon\" style=\"width: 24px; height: 24px;\"><\/div>\n        <\/div>\n            <div class=\"kksr-star\" data-star=\"3\" style=\"padding-right: 5px\">\n            \n\n<div class=\"kksr-icon\" style=\"width: 24px; height: 24px;\"><\/div>\n        <\/div>\n            <div class=\"kksr-star\" data-star=\"4\" style=\"padding-right: 5px\">\n            \n\n<div class=\"kksr-icon\" style=\"width: 24px; height: 24px;\"><\/div>\n        <\/div>\n            <div class=\"kksr-star\" data-star=\"5\" style=\"padding-right: 5px\">\n            \n\n<div class=\"kksr-icon\" style=\"width: 24px; height: 24px;\"><\/div>\n        <\/div>\n    <\/div>\n    \n<div class=\"kksr-stars-active\" style=\"width: 0px;\">\n            <div class=\"kksr-star\" style=\"padding-right: 5px\">\n            \n\n<div class=\"kksr-icon\" style=\"width: 24px; height: 24px;\"><\/div>\n        <\/div>\n            <div class=\"kksr-star\" style=\"padding-right: 5px\">\n            \n\n<div class=\"kksr-icon\" style=\"width: 24px; height: 24px;\"><\/div>\n        <\/div>\n            <div class=\"kksr-star\" style=\"padding-right: 5px\">\n            \n\n<div class=\"kksr-icon\" style=\"width: 24px; height: 24px;\"><\/div>\n        <\/div>\n            <div class=\"kksr-star\" style=\"padding-right: 5px\">\n            \n\n<div class=\"kksr-icon\" style=\"width: 24px; height: 24px;\"><\/div>\n        <\/div>\n            <div class=\"kksr-star\" style=\"padding-right: 5px\">\n            \n\n<div class=\"kksr-icon\" style=\"width: 24px; height: 24px;\"><\/div>\n        <\/div>\n    <\/div>\n<\/div>\n                \n\n<div class=\"kksr-legend\" style=\"font-size: 19.2px;\">\n            <span class=\"kksr-muted\">Rate this product<\/span>\n    <\/div>\n    <\/div>\n<p>Traquer d&rsquo;objets Wistiki Voila Violet: &#8211; Sonnerie et radar : Faites sonner le Wistiki ou utiliser le radar chaud\/froid pour retrouver votre objet le plus rapidement possible<br \/>\nLocalisation : Visualisez sur la carte de l&rsquo;application l&rsquo;endroit o\u00f9 se trouve votre objet<br \/>\nSonnerie inverse Si vous avez perdu votre smartphone, appuyez sur votre Wistiki pour le faire sonner ( Wist-Back), m\u00eame en mode silencieux<br \/>\nLaisse \u00e9lectronique : Vous pouvez activer le mode laisse \u00e9lectronique pour \u00eatre alert\u00e9 lorsque votre objet s&rsquo;\u00e9loigne de votre smartphone<br \/>\nSonnerie : 90 dB &#8211; Port\u00e9e Bluetooth : Jusqu&rsquo;\u00e0 100m &#8211; Alimentation : Pile Bouton &#8211; Autonomie : Minimum 2 ans &#8211; Dessin\u00e9 par Philippe Starck <\/p>\n","protected":false},"excerpt":{"rendered":"<p>Traquer d&rsquo;objets Wistiki Voila Violet: &#8211; Sonnerie et radar : Faites sonner le Wistiki ou utiliser le radar chaud\/froid pour retrouver votre objet le plus rapidement possible<br \/>\nLocalisation : Visualisez sur la carte de l&rsquo;application l&rsquo;endroit o\u00f9 se trouve votre objet<br \/>\nSonnerie inverse Si vous avez perdu votre smartphone, appuyez sur votre Wistiki pour le faire sonner ( Wist-Back), m\u00eame en mode silencieux<br \/>\nLaisse \u00e9lectronique : Vous pouvez activer le mode laisse \u00e9lectronique pour \u00eatre alert\u00e9 lorsque votre objet s&rsquo;\u00e9loigne de votre smartphone<br \/>\nSonnerie : 90 dB &#8211; Port\u00e9e Bluetooth : Jusqu&rsquo;\u00e0 100m &#8211; Alimentation : Pile Bouton &#8211; Autonomie : Minimum 2 ans &#8211; Dessin\u00e9 par Philippe Starck <\/p>\n","protected":false},"featured_media":8347,"comment_status":"closed","ping_status":"closed","template":"","meta":[],"product_cat":[6365],"product_tag":[],"class_list":["post-8346","product","type-product","status-publish","has-post-thumbnail","hentry","product_cat-store","has_thumb"],"yoast_head":"<!-- This site is optimized with the Yoast SEO plugin v24.9 - https:\/\/yoast.com\/wordpress\/plugins\/seo\/ -->\n<title>Wistiki Voil\u00e0 Porte-Cl\u00e9 Connect\u00e9 by Starck - urekaWEB : les inventions qui changent le monde, de la roue \u00e0 l\u2019IA<\/title>\n<meta name=\"robots\" content=\"index, follow, max-snippet:-1, max-image-preview:large, max-video-preview:-1\" \/>\n<link rel=\"canonical\" href=\"https:\/\/eurekaweb.fr\/wp\/produit\/wistiki-voila-porte-cle-connecte-by-starck\/\" \/>\n<meta property=\"og:locale\" content=\"fr_FR\" \/>\n<meta property=\"og:type\" content=\"article\" \/>\n<meta property=\"og:title\" content=\"Wistiki Voil\u00e0 Porte-Cl\u00e9 Connect\u00e9 by Starck - urekaWEB : les inventions qui changent le monde, de la roue \u00e0 l\u2019IA\" \/>\n<meta property=\"og:description\" content=\"Traquer d&#039;objets Wistiki Voila Violet: - Sonnerie et radar : Faites sonner le Wistiki ou utiliser le radar chaud\/froid pour retrouver votre objet le plus rapidement possible Localisation : Visualisez sur la carte de l&#039;application l&#039;endroit o\u00f9 se trouve votre objet Sonnerie inverse Si vous avez perdu votre smartphone, appuyez sur votre Wistiki pour le faire sonner ( Wist-Back), m\u00eame en mode silencieux Laisse \u00e9lectronique : Vous pouvez activer le mode laisse \u00e9lectronique pour \u00eatre alert\u00e9 lorsque votre objet s&#039;\u00e9loigne de votre smartphone Sonnerie : 90 dB - Port\u00e9e Bluetooth : Jusqu&#039;\u00e0 100m - Alimentation : Pile Bouton - Autonomie : Minimum 2 ans - Dessin\u00e9 par Philippe Starck\" \/>\n<meta property=\"og:url\" content=\"https:\/\/eurekaweb.fr\/wp\/produit\/wistiki-voila-porte-cle-connecte-by-starck\/\" \/>\n<meta property=\"og:site_name\" content=\"urekaWEB : les inventions qui changent le monde, de la roue \u00e0 l\u2019IA\" \/>\n<meta property=\"article:publisher\" content=\"https:\/\/www.facebook.com\/EurekawebInvent\" \/>\n<meta property=\"article:modified_time\" content=\"2020-11-07T12:41:33+00:00\" \/>\n<meta property=\"og:image\" content=\"https:\/\/eurekaweb.fr\/wp\/wp-content\/uploads\/2018\/08\/wistiki-porte-cle-connecte-stark.jpg\" \/>\n\t<meta property=\"og:image:width\" content=\"125\" \/>\n\t<meta property=\"og:image:height\" content=\"125\" \/>\n\t<meta property=\"og:image:type\" content=\"image\/jpeg\" \/>\n<meta name=\"twitter:card\" content=\"summary_large_image\" \/>\n<meta name=\"twitter:site\" content=\"@EurekawebInvent\" \/>\n<meta name=\"twitter:label1\" content=\"Dur\u00e9e de lecture estim\u00e9e\" \/>\n\t<meta name=\"twitter:data1\" content=\"1 minute\" \/>\n<script type=\"application\/ld+json\" class=\"yoast-schema-graph\">{\"@context\":\"https:\/\/schema.org\",\"@graph\":[{\"@type\":\"WebPage\",\"@id\":\"https:\/\/eurekaweb.fr\/wp\/produit\/wistiki-voila-porte-cle-connecte-by-starck\/\",\"url\":\"https:\/\/eurekaweb.fr\/wp\/produit\/wistiki-voila-porte-cle-connecte-by-starck\/\",\"name\":\"Wistiki Voil\u00e0 Porte-Cl\u00e9 Connect\u00e9 by Starck - urekaWEB : les inventions qui changent le monde, de la roue \u00e0 l\u2019IA\",\"isPartOf\":{\"@id\":\"https:\/\/eurekaweb.fr\/wp\/#website\"},\"primaryImageOfPage\":{\"@id\":\"https:\/\/eurekaweb.fr\/wp\/produit\/wistiki-voila-porte-cle-connecte-by-starck\/#primaryimage\"},\"image\":{\"@id\":\"https:\/\/eurekaweb.fr\/wp\/produit\/wistiki-voila-porte-cle-connecte-by-starck\/#primaryimage\"},\"thumbnailUrl\":\"https:\/\/i0.wp.com\/eurekaweb.fr\/wp\/wp-content\/uploads\/2018\/08\/wistiki-porte-cle-connecte-stark.jpg?fit=125%2C125&ssl=1\",\"datePublished\":\"2018-08-24T16:56:23+00:00\",\"dateModified\":\"2020-11-07T12:41:33+00:00\",\"breadcrumb\":{\"@id\":\"https:\/\/eurekaweb.fr\/wp\/produit\/wistiki-voila-porte-cle-connecte-by-starck\/#breadcrumb\"},\"inLanguage\":\"fr-FR\",\"potentialAction\":[{\"@type\":\"ReadAction\",\"target\":[\"https:\/\/eurekaweb.fr\/wp\/produit\/wistiki-voila-porte-cle-connecte-by-starck\/\"]}]},{\"@type\":\"ImageObject\",\"inLanguage\":\"fr-FR\",\"@id\":\"https:\/\/eurekaweb.fr\/wp\/produit\/wistiki-voila-porte-cle-connecte-by-starck\/#primaryimage\",\"url\":\"https:\/\/i0.wp.com\/eurekaweb.fr\/wp\/wp-content\/uploads\/2018\/08\/wistiki-porte-cle-connecte-stark.jpg?fit=125%2C125&ssl=1\",\"contentUrl\":\"https:\/\/i0.wp.com\/eurekaweb.fr\/wp\/wp-content\/uploads\/2018\/08\/wistiki-porte-cle-connecte-stark.jpg?fit=125%2C125&ssl=1\",\"width\":125,\"height\":125},{\"@type\":\"BreadcrumbList\",\"@id\":\"https:\/\/eurekaweb.fr\/wp\/produit\/wistiki-voila-porte-cle-connecte-by-starck\/#breadcrumb\",\"itemListElement\":[{\"@type\":\"ListItem\",\"position\":1,\"name\":\"Accueil\",\"item\":\"https:\/\/eurekaweb.fr\/wp\/\"},{\"@type\":\"ListItem\",\"position\":2,\"name\":\"Boutique inventions\",\"item\":\"https:\/\/eurekaweb.fr\/wp\/boutique-inventions\/\"},{\"@type\":\"ListItem\",\"position\":3,\"name\":\"Wistiki Voil\u00e0 Porte-Cl\u00e9 Connect\u00e9 by Starck\"}]},{\"@type\":\"WebSite\",\"@id\":\"https:\/\/eurekaweb.fr\/wp\/#website\",\"url\":\"https:\/\/eurekaweb.fr\/wp\/\",\"name\":\"EurekaWEB : toutes les inventions & innovations \u00e0 port\u00e9e de clic\",\"description\":\"D\u00e9couvrez le top des innovations et des start-up d\u2019hier, d\u2019aujourd\u2019hui et de demain sur EurekaWEB.\",\"publisher\":{\"@id\":\"https:\/\/eurekaweb.fr\/wp\/#organization\"},\"alternateName\":\"EurekaWEB : inventions & innovations en continu\",\"potentialAction\":[{\"@type\":\"SearchAction\",\"target\":{\"@type\":\"EntryPoint\",\"urlTemplate\":\"https:\/\/eurekaweb.fr\/wp\/?s={search_term_string}\"},\"query-input\":{\"@type\":\"PropertyValueSpecification\",\"valueRequired\":true,\"valueName\":\"search_term_string\"}}],\"inLanguage\":\"fr-FR\"},{\"@type\":\"Organization\",\"@id\":\"https:\/\/eurekaweb.fr\/wp\/#organization\",\"name\":\"EurekaWEB - Inventions Innovations Gadgets\",\"url\":\"https:\/\/eurekaweb.fr\/wp\/\",\"logo\":{\"@type\":\"ImageObject\",\"inLanguage\":\"fr-FR\",\"@id\":\"https:\/\/eurekaweb.fr\/wp\/#\/schema\/logo\/image\/\",\"url\":\"https:\/\/i0.wp.com\/eurekaweb.fr\/wp\/wp-content\/uploads\/2020\/01\/eurekaweb-logo-instagram-hd.png?fit=1920%2C1920&ssl=1\",\"contentUrl\":\"https:\/\/i0.wp.com\/eurekaweb.fr\/wp\/wp-content\/uploads\/2020\/01\/eurekaweb-logo-instagram-hd.png?fit=1920%2C1920&ssl=1\",\"width\":1920,\"height\":1920,\"caption\":\"EurekaWEB - Inventions Innovations Gadgets\"},\"image\":{\"@id\":\"https:\/\/eurekaweb.fr\/wp\/#\/schema\/logo\/image\/\"},\"sameAs\":[\"https:\/\/www.facebook.com\/EurekawebInvent\",\"https:\/\/x.com\/EurekawebInvent\",\"https:\/\/www.instagram.com\/eurekaweb\/\",\"https:\/\/www.youtube.com\/channel\/UCpu2DqaoRrdY-3q-Gd53GlQ\"]}]}<\/script>\n<!-- \/ Yoast SEO plugin. -->","yoast_head_json":{"title":"Wistiki Voil\u00e0 Porte-Cl\u00e9 Connect\u00e9 by Starck - urekaWEB : les inventions qui changent le monde, de la roue \u00e0 l\u2019IA","robots":{"index":"index","follow":"follow","max-snippet":"max-snippet:-1","max-image-preview":"max-image-preview:large","max-video-preview":"max-video-preview:-1"},"canonical":"https:\/\/eurekaweb.fr\/wp\/produit\/wistiki-voila-porte-cle-connecte-by-starck\/","og_locale":"fr_FR","og_type":"article","og_title":"Wistiki Voil\u00e0 Porte-Cl\u00e9 Connect\u00e9 by Starck - urekaWEB : les inventions qui changent le monde, de la roue \u00e0 l\u2019IA","og_description":"Traquer d'objets Wistiki Voila Violet: - Sonnerie et radar : Faites sonner le Wistiki ou utiliser le radar chaud\/froid pour retrouver votre objet le plus rapidement possible Localisation : Visualisez sur la carte de l'application l'endroit o\u00f9 se trouve votre objet Sonnerie inverse Si vous avez perdu votre smartphone, appuyez sur votre Wistiki pour le faire sonner ( Wist-Back), m\u00eame en mode silencieux Laisse \u00e9lectronique : Vous pouvez activer le mode laisse \u00e9lectronique pour \u00eatre alert\u00e9 lorsque votre objet s'\u00e9loigne de votre smartphone Sonnerie : 90 dB - Port\u00e9e Bluetooth : Jusqu'\u00e0 100m - Alimentation : Pile Bouton - Autonomie : Minimum 2 ans - Dessin\u00e9 par Philippe Starck","og_url":"https:\/\/eurekaweb.fr\/wp\/produit\/wistiki-voila-porte-cle-connecte-by-starck\/","og_site_name":"urekaWEB : les inventions qui changent le monde, de la roue \u00e0 l\u2019IA","article_publisher":"https:\/\/www.facebook.com\/EurekawebInvent","article_modified_time":"2020-11-07T12:41:33+00:00","og_image":[{"width":125,"height":125,"url":"https:\/\/eurekaweb.fr\/wp\/wp-content\/uploads\/2018\/08\/wistiki-porte-cle-connecte-stark.jpg","type":"image\/jpeg"}],"twitter_card":"summary_large_image","twitter_site":"@EurekawebInvent","twitter_misc":{"Dur\u00e9e de lecture estim\u00e9e":"1 minute"},"schema":{"@context":"https:\/\/schema.org","@graph":[{"@type":"WebPage","@id":"https:\/\/eurekaweb.fr\/wp\/produit\/wistiki-voila-porte-cle-connecte-by-starck\/","url":"https:\/\/eurekaweb.fr\/wp\/produit\/wistiki-voila-porte-cle-connecte-by-starck\/","name":"Wistiki Voil\u00e0 Porte-Cl\u00e9 Connect\u00e9 by Starck - urekaWEB : les inventions qui changent le monde, de la roue \u00e0 l\u2019IA","isPartOf":{"@id":"https:\/\/eurekaweb.fr\/wp\/#website"},"primaryImageOfPage":{"@id":"https:\/\/eurekaweb.fr\/wp\/produit\/wistiki-voila-porte-cle-connecte-by-starck\/#primaryimage"},"image":{"@id":"https:\/\/eurekaweb.fr\/wp\/produit\/wistiki-voila-porte-cle-connecte-by-starck\/#primaryimage"},"thumbnailUrl":"https:\/\/i0.wp.com\/eurekaweb.fr\/wp\/wp-content\/uploads\/2018\/08\/wistiki-porte-cle-connecte-stark.jpg?fit=125%2C125&ssl=1","datePublished":"2018-08-24T16:56:23+00:00","dateModified":"2020-11-07T12:41:33+00:00","breadcrumb":{"@id":"https:\/\/eurekaweb.fr\/wp\/produit\/wistiki-voila-porte-cle-connecte-by-starck\/#breadcrumb"},"inLanguage":"fr-FR","potentialAction":[{"@type":"ReadAction","target":["https:\/\/eurekaweb.fr\/wp\/produit\/wistiki-voila-porte-cle-connecte-by-starck\/"]}]},{"@type":"ImageObject","inLanguage":"fr-FR","@id":"https:\/\/eurekaweb.fr\/wp\/produit\/wistiki-voila-porte-cle-connecte-by-starck\/#primaryimage","url":"https:\/\/i0.wp.com\/eurekaweb.fr\/wp\/wp-content\/uploads\/2018\/08\/wistiki-porte-cle-connecte-stark.jpg?fit=125%2C125&ssl=1","contentUrl":"https:\/\/i0.wp.com\/eurekaweb.fr\/wp\/wp-content\/uploads\/2018\/08\/wistiki-porte-cle-connecte-stark.jpg?fit=125%2C125&ssl=1","width":125,"height":125},{"@type":"BreadcrumbList","@id":"https:\/\/eurekaweb.fr\/wp\/produit\/wistiki-voila-porte-cle-connecte-by-starck\/#breadcrumb","itemListElement":[{"@type":"ListItem","position":1,"name":"Accueil","item":"https:\/\/eurekaweb.fr\/wp\/"},{"@type":"ListItem","position":2,"name":"Boutique inventions","item":"https:\/\/eurekaweb.fr\/wp\/boutique-inventions\/"},{"@type":"ListItem","position":3,"name":"Wistiki Voil\u00e0 Porte-Cl\u00e9 Connect\u00e9 by Starck"}]},{"@type":"WebSite","@id":"https:\/\/eurekaweb.fr\/wp\/#website","url":"https:\/\/eurekaweb.fr\/wp\/","name":"EurekaWEB : toutes les inventions & innovations \u00e0 port\u00e9e de clic","description":"D\u00e9couvrez le top des innovations et des start-up d\u2019hier, d\u2019aujourd\u2019hui et de demain sur EurekaWEB.","publisher":{"@id":"https:\/\/eurekaweb.fr\/wp\/#organization"},"alternateName":"EurekaWEB : inventions & innovations en continu","potentialAction":[{"@type":"SearchAction","target":{"@type":"EntryPoint","urlTemplate":"https:\/\/eurekaweb.fr\/wp\/?s={search_term_string}"},"query-input":{"@type":"PropertyValueSpecification","valueRequired":true,"valueName":"search_term_string"}}],"inLanguage":"fr-FR"},{"@type":"Organization","@id":"https:\/\/eurekaweb.fr\/wp\/#organization","name":"EurekaWEB - Inventions Innovations Gadgets","url":"https:\/\/eurekaweb.fr\/wp\/","logo":{"@type":"ImageObject","inLanguage":"fr-FR","@id":"https:\/\/eurekaweb.fr\/wp\/#\/schema\/logo\/image\/","url":"https:\/\/i0.wp.com\/eurekaweb.fr\/wp\/wp-content\/uploads\/2020\/01\/eurekaweb-logo-instagram-hd.png?fit=1920%2C1920&ssl=1","contentUrl":"https:\/\/i0.wp.com\/eurekaweb.fr\/wp\/wp-content\/uploads\/2020\/01\/eurekaweb-logo-instagram-hd.png?fit=1920%2C1920&ssl=1","width":1920,"height":1920,"caption":"EurekaWEB - Inventions Innovations Gadgets"},"image":{"@id":"https:\/\/eurekaweb.fr\/wp\/#\/schema\/logo\/image\/"},"sameAs":["https:\/\/www.facebook.com\/EurekawebInvent","https:\/\/x.com\/EurekawebInvent","https:\/\/www.instagram.com\/eurekaweb\/","https:\/\/www.youtube.com\/channel\/UCpu2DqaoRrdY-3q-Gd53GlQ"]}]}},"jetpack-related-posts":[],"jetpack_sharing_enabled":true,"jetpack_likes_enabled":true,"_links":{"self":[{"href":"https:\/\/eurekaweb.fr\/wp\/wp-json\/wp\/v2\/product\/8346","targetHints":{"allow":["GET"]}}],"collection":[{"href":"https:\/\/eurekaweb.fr\/wp\/wp-json\/wp\/v2\/product"}],"about":[{"href":"https:\/\/eurekaweb.fr\/wp\/wp-json\/wp\/v2\/types\/product"}],"replies":[{"embeddable":true,"href":"https:\/\/eurekaweb.fr\/wp\/wp-json\/wp\/v2\/comments?post=8346"}],"wp:featuredmedia":[{"embeddable":true,"href":"https:\/\/eurekaweb.fr\/wp\/wp-json\/wp\/v2\/media\/8347"}],"wp:attachment":[{"href":"https:\/\/eurekaweb.fr\/wp\/wp-json\/wp\/v2\/media?parent=8346"}],"wp:term":[{"taxonomy":"product_cat","embeddable":true,"href":"https:\/\/eurekaweb.fr\/wp\/wp-json\/wp\/v2\/product_cat?post=8346"},{"taxonomy":"product_tag","embeddable":true,"href":"https:\/\/eurekaweb.fr\/wp\/wp-json\/wp\/v2\/product_tag?post=8346"}],"curies":[{"name":"wp","href":"https:\/\/api.w.org\/{rel}","templated":true}]}}