{"id":8521,"date":"2019-01-11T22:59:20","date_gmt":"2019-01-11T21:59:20","guid":{"rendered":"http:\/\/eurekaweb.fr\/wp\/?post_type=product&#038;p=8521"},"modified":"2020-11-07T13:40:37","modified_gmt":"2020-11-07T12:40:37","slug":"dji-osmo-pocket-nacelle-camera-stabilisee","status":"publish","type":"product","link":"https:\/\/eurekaweb.fr\/wp\/produit\/dji-osmo-pocket-nacelle-camera-stabilisee\/","title":{"rendered":"DJI Osmo Pocket : nacelle cam\u00e9ra stabilis\u00e9e"},"content":{"rendered":"\n\n<div class=\"kk-star-ratings kksr-auto kksr-align-left kksr-valign-top\"\n    data-payload='{&quot;align&quot;:&quot;left&quot;,&quot;id&quot;:&quot;8521&quot;,&quot;slug&quot;:&quot;default&quot;,&quot;valign&quot;:&quot;top&quot;,&quot;ignore&quot;:&quot;&quot;,&quot;reference&quot;:&quot;auto&quot;,&quot;class&quot;:&quot;&quot;,&quot;count&quot;:&quot;0&quot;,&quot;legendonly&quot;:&quot;&quot;,&quot;readonly&quot;:&quot;&quot;,&quot;score&quot;:&quot;0&quot;,&quot;starsonly&quot;:&quot;&quot;,&quot;best&quot;:&quot;5&quot;,&quot;gap&quot;:&quot;5&quot;,&quot;greet&quot;:&quot;Rate this product&quot;,&quot;legend&quot;:&quot;0\\\/5 - (0 vote)&quot;,&quot;size&quot;:&quot;24&quot;,&quot;title&quot;:&quot;DJI Osmo Pocket : nacelle cam\u00e9ra stabilis\u00e9e&quot;,&quot;width&quot;:&quot;0&quot;,&quot;_legend&quot;:&quot;{score}\\\/{best} - ({count} {votes})&quot;,&quot;font_factor&quot;:&quot;1.25&quot;}'>\n            \n<div class=\"kksr-stars\">\n    \n<div class=\"kksr-stars-inactive\">\n            <div class=\"kksr-star\" data-star=\"1\" style=\"padding-right: 5px\">\n            \n\n<div class=\"kksr-icon\" style=\"width: 24px; height: 24px;\"><\/div>\n        <\/div>\n            <div class=\"kksr-star\" data-star=\"2\" style=\"padding-right: 5px\">\n            \n\n<div class=\"kksr-icon\" style=\"width: 24px; height: 24px;\"><\/div>\n        <\/div>\n            <div class=\"kksr-star\" data-star=\"3\" style=\"padding-right: 5px\">\n            \n\n<div class=\"kksr-icon\" style=\"width: 24px; height: 24px;\"><\/div>\n        <\/div>\n            <div class=\"kksr-star\" data-star=\"4\" style=\"padding-right: 5px\">\n            \n\n<div class=\"kksr-icon\" style=\"width: 24px; height: 24px;\"><\/div>\n        <\/div>\n            <div class=\"kksr-star\" data-star=\"5\" style=\"padding-right: 5px\">\n            \n\n<div class=\"kksr-icon\" style=\"width: 24px; height: 24px;\"><\/div>\n        <\/div>\n    <\/div>\n    \n<div class=\"kksr-stars-active\" style=\"width: 0px;\">\n            <div class=\"kksr-star\" style=\"padding-right: 5px\">\n            \n\n<div class=\"kksr-icon\" style=\"width: 24px; height: 24px;\"><\/div>\n        <\/div>\n            <div class=\"kksr-star\" style=\"padding-right: 5px\">\n            \n\n<div class=\"kksr-icon\" style=\"width: 24px; height: 24px;\"><\/div>\n        <\/div>\n            <div class=\"kksr-star\" style=\"padding-right: 5px\">\n            \n\n<div class=\"kksr-icon\" style=\"width: 24px; height: 24px;\"><\/div>\n        <\/div>\n            <div class=\"kksr-star\" style=\"padding-right: 5px\">\n            \n\n<div class=\"kksr-icon\" style=\"width: 24px; height: 24px;\"><\/div>\n        <\/div>\n            <div class=\"kksr-star\" style=\"padding-right: 5px\">\n            \n\n<div class=\"kksr-icon\" style=\"width: 24px; height: 24px;\"><\/div>\n        <\/div>\n    <\/div>\n<\/div>\n                \n\n<div class=\"kksr-legend\" style=\"font-size: 19.2px;\">\n            <span class=\"kksr-muted\">Rate this product<\/span>\n    <\/div>\n    <\/div>\n<p>GRAND PAR LA PR\u00c9CISION: lL s\u2019adapte \u00e0 vos mouvements avec pr\u00e9cision et en temps r\u00e9el, transformant vos vid\u00e9os de soleil couchant, ou les premiers pas de vos enfants, en sc\u00e8nes dignes d\u2019\u00eatre port\u00e9es au cin\u00e9ma.<br \/>\nUNE IMAGINATION SANS BORNE: Il peut filmer en 4K \u00e0 60 ips, avec un d\u00e9bit de 100 Mb\/s, au ralenti 4x en 1080p \u00e0 120 ips et prendre des photos de 12 MP avec une taille de pixel de 1,55 \u03bcm qui \u00e9pateront \u00e0 chaque fois que vous les partagerez.<br \/>\nSYST\u00c8ME DE REFROIDISSEMENT SILENCIEUX: Afin d\u2019assurer un fonctionnement silencieux, l\u2019Osmo Pocket propose une solution de refroidissement passif sans ventilateur. La chaleur est redirig\u00e9e vers le haut de l\u2019appareil pour que son fonctionnement reste durable et homog\u00e8ne.<br \/>\nCAM\u00c9RA INNOVANTE ET INTELLIGENTE: L\u2019Osmo Pocket n\u2019est pas qu\u2019une cam\u00e9ra qui stabilise vos plans. Gr\u00e2ce \u00e0 ses nombreuses fonctions intelligentes comme ActiveTrack, Timelapse en mouvement et Panorama 3&#215;3.<br \/>\nUNE NOUVELLE HISTOIRE \u00c0 RACONTER: Le mode Story utilise une combinaison de modes de prise de vue et de mouvements de cam\u00e9ra pr\u00e9d\u00e9finis pour vous aider \u00e0 cr\u00e9er des vid\u00e9os de qualit\u00e9 professionnelle \u00e0 tout moment.<\/p>\n","protected":false},"excerpt":{"rendered":"<p>DJI Osmo Pocket &#8211; Cam\u00e9ra Portable \u00e0 nacelle 3 Axes, D\u00e9finition vid\u00e9o 4K, 12 M &#8211; Ideal pour t\u00e9l\u00e9phone Portable, Apple iPhone et Android (USB-C) &#8211; Noir<\/p>\n","protected":false},"featured_media":8513,"comment_status":"closed","ping_status":"closed","template":"","meta":[],"product_cat":[6365],"product_tag":[],"class_list":["post-8521","product","type-product","status-publish","has-post-thumbnail","hentry","product_cat-store","has_thumb"],"yoast_head":"<!-- This site is optimized with the Yoast SEO plugin v24.9 - https:\/\/yoast.com\/wordpress\/plugins\/seo\/ -->\n<title>DJI Osmo Pocket : nacelle cam\u00e9ra stabilis\u00e9e - urekaWEB : les inventions qui changent le monde, de la roue \u00e0 l\u2019IA<\/title>\n<meta name=\"robots\" content=\"index, follow, max-snippet:-1, max-image-preview:large, max-video-preview:-1\" \/>\n<link rel=\"canonical\" href=\"https:\/\/eurekaweb.fr\/wp\/produit\/dji-osmo-pocket-nacelle-camera-stabilisee\/\" \/>\n<meta property=\"og:locale\" content=\"fr_FR\" \/>\n<meta property=\"og:type\" content=\"article\" \/>\n<meta property=\"og:title\" content=\"DJI Osmo Pocket : nacelle cam\u00e9ra stabilis\u00e9e - urekaWEB : les inventions qui changent le monde, de la roue \u00e0 l\u2019IA\" \/>\n<meta property=\"og:description\" content=\"DJI Osmo Pocket - Cam\u00e9ra Portable \u00e0 nacelle 3 Axes, D\u00e9finition vid\u00e9o 4K, 12 M - Ideal pour t\u00e9l\u00e9phone Portable, Apple iPhone et Android (USB-C) - Noir\" \/>\n<meta property=\"og:url\" content=\"https:\/\/eurekaweb.fr\/wp\/produit\/dji-osmo-pocket-nacelle-camera-stabilisee\/\" \/>\n<meta property=\"og:site_name\" content=\"urekaWEB : les inventions qui changent le monde, de la roue \u00e0 l\u2019IA\" \/>\n<meta property=\"article:publisher\" content=\"https:\/\/www.facebook.com\/EurekawebInvent\" \/>\n<meta property=\"article:modified_time\" content=\"2020-11-07T12:40:37+00:00\" \/>\n<meta property=\"og:image\" content=\"https:\/\/eurekaweb.fr\/wp\/wp-content\/uploads\/2019\/01\/dji-osmo-pocket-camera.jpg\" \/>\n\t<meta property=\"og:image:width\" content=\"640\" \/>\n\t<meta property=\"og:image:height\" content=\"360\" \/>\n\t<meta property=\"og:image:type\" content=\"image\/jpeg\" \/>\n<meta name=\"twitter:card\" content=\"summary_large_image\" \/>\n<meta name=\"twitter:site\" content=\"@EurekawebInvent\" \/>\n<meta name=\"twitter:label1\" content=\"Dur\u00e9e de lecture estim\u00e9e\" \/>\n\t<meta name=\"twitter:data1\" content=\"1 minute\" \/>\n<script type=\"application\/ld+json\" class=\"yoast-schema-graph\">{\"@context\":\"https:\/\/schema.org\",\"@graph\":[{\"@type\":\"WebPage\",\"@id\":\"https:\/\/eurekaweb.fr\/wp\/produit\/dji-osmo-pocket-nacelle-camera-stabilisee\/\",\"url\":\"https:\/\/eurekaweb.fr\/wp\/produit\/dji-osmo-pocket-nacelle-camera-stabilisee\/\",\"name\":\"DJI Osmo Pocket : nacelle cam\u00e9ra stabilis\u00e9e - urekaWEB : les inventions qui changent le monde, de la roue \u00e0 l\u2019IA\",\"isPartOf\":{\"@id\":\"https:\/\/eurekaweb.fr\/wp\/#website\"},\"primaryImageOfPage\":{\"@id\":\"https:\/\/eurekaweb.fr\/wp\/produit\/dji-osmo-pocket-nacelle-camera-stabilisee\/#primaryimage\"},\"image\":{\"@id\":\"https:\/\/eurekaweb.fr\/wp\/produit\/dji-osmo-pocket-nacelle-camera-stabilisee\/#primaryimage\"},\"thumbnailUrl\":\"https:\/\/i0.wp.com\/eurekaweb.fr\/wp\/wp-content\/uploads\/2019\/01\/dji-osmo-pocket-camera.jpg?fit=640%2C360&ssl=1\",\"datePublished\":\"2019-01-11T21:59:20+00:00\",\"dateModified\":\"2020-11-07T12:40:37+00:00\",\"breadcrumb\":{\"@id\":\"https:\/\/eurekaweb.fr\/wp\/produit\/dji-osmo-pocket-nacelle-camera-stabilisee\/#breadcrumb\"},\"inLanguage\":\"fr-FR\",\"potentialAction\":[{\"@type\":\"ReadAction\",\"target\":[\"https:\/\/eurekaweb.fr\/wp\/produit\/dji-osmo-pocket-nacelle-camera-stabilisee\/\"]}]},{\"@type\":\"ImageObject\",\"inLanguage\":\"fr-FR\",\"@id\":\"https:\/\/eurekaweb.fr\/wp\/produit\/dji-osmo-pocket-nacelle-camera-stabilisee\/#primaryimage\",\"url\":\"https:\/\/i0.wp.com\/eurekaweb.fr\/wp\/wp-content\/uploads\/2019\/01\/dji-osmo-pocket-camera.jpg?fit=640%2C360&ssl=1\",\"contentUrl\":\"https:\/\/i0.wp.com\/eurekaweb.fr\/wp\/wp-content\/uploads\/2019\/01\/dji-osmo-pocket-camera.jpg?fit=640%2C360&ssl=1\",\"width\":640,\"height\":360},{\"@type\":\"BreadcrumbList\",\"@id\":\"https:\/\/eurekaweb.fr\/wp\/produit\/dji-osmo-pocket-nacelle-camera-stabilisee\/#breadcrumb\",\"itemListElement\":[{\"@type\":\"ListItem\",\"position\":1,\"name\":\"Accueil\",\"item\":\"https:\/\/eurekaweb.fr\/wp\/\"},{\"@type\":\"ListItem\",\"position\":2,\"name\":\"Boutique inventions\",\"item\":\"https:\/\/eurekaweb.fr\/wp\/boutique-inventions\/\"},{\"@type\":\"ListItem\",\"position\":3,\"name\":\"DJI Osmo Pocket : nacelle cam\u00e9ra stabilis\u00e9e\"}]},{\"@type\":\"WebSite\",\"@id\":\"https:\/\/eurekaweb.fr\/wp\/#website\",\"url\":\"https:\/\/eurekaweb.fr\/wp\/\",\"name\":\"EurekaWEB : toutes les inventions & innovations \u00e0 port\u00e9e de clic\",\"description\":\"D\u00e9couvrez le top des innovations et des start-up d\u2019hier, d\u2019aujourd\u2019hui et de demain sur EurekaWEB.\",\"publisher\":{\"@id\":\"https:\/\/eurekaweb.fr\/wp\/#organization\"},\"alternateName\":\"EurekaWEB : inventions & innovations en continu\",\"potentialAction\":[{\"@type\":\"SearchAction\",\"target\":{\"@type\":\"EntryPoint\",\"urlTemplate\":\"https:\/\/eurekaweb.fr\/wp\/?s={search_term_string}\"},\"query-input\":{\"@type\":\"PropertyValueSpecification\",\"valueRequired\":true,\"valueName\":\"search_term_string\"}}],\"inLanguage\":\"fr-FR\"},{\"@type\":\"Organization\",\"@id\":\"https:\/\/eurekaweb.fr\/wp\/#organization\",\"name\":\"EurekaWEB - Inventions Innovations Gadgets\",\"url\":\"https:\/\/eurekaweb.fr\/wp\/\",\"logo\":{\"@type\":\"ImageObject\",\"inLanguage\":\"fr-FR\",\"@id\":\"https:\/\/eurekaweb.fr\/wp\/#\/schema\/logo\/image\/\",\"url\":\"https:\/\/i0.wp.com\/eurekaweb.fr\/wp\/wp-content\/uploads\/2020\/01\/eurekaweb-logo-instagram-hd.png?fit=1920%2C1920&ssl=1\",\"contentUrl\":\"https:\/\/i0.wp.com\/eurekaweb.fr\/wp\/wp-content\/uploads\/2020\/01\/eurekaweb-logo-instagram-hd.png?fit=1920%2C1920&ssl=1\",\"width\":1920,\"height\":1920,\"caption\":\"EurekaWEB - Inventions Innovations Gadgets\"},\"image\":{\"@id\":\"https:\/\/eurekaweb.fr\/wp\/#\/schema\/logo\/image\/\"},\"sameAs\":[\"https:\/\/www.facebook.com\/EurekawebInvent\",\"https:\/\/x.com\/EurekawebInvent\",\"https:\/\/www.instagram.com\/eurekaweb\/\",\"https:\/\/www.youtube.com\/channel\/UCpu2DqaoRrdY-3q-Gd53GlQ\"]}]}<\/script>\n<!-- \/ Yoast SEO plugin. -->","yoast_head_json":{"title":"DJI Osmo Pocket : nacelle cam\u00e9ra stabilis\u00e9e - urekaWEB : les inventions qui changent le monde, de la roue \u00e0 l\u2019IA","robots":{"index":"index","follow":"follow","max-snippet":"max-snippet:-1","max-image-preview":"max-image-preview:large","max-video-preview":"max-video-preview:-1"},"canonical":"https:\/\/eurekaweb.fr\/wp\/produit\/dji-osmo-pocket-nacelle-camera-stabilisee\/","og_locale":"fr_FR","og_type":"article","og_title":"DJI Osmo Pocket : nacelle cam\u00e9ra stabilis\u00e9e - urekaWEB : les inventions qui changent le monde, de la roue \u00e0 l\u2019IA","og_description":"DJI Osmo Pocket - Cam\u00e9ra Portable \u00e0 nacelle 3 Axes, D\u00e9finition vid\u00e9o 4K, 12 M - Ideal pour t\u00e9l\u00e9phone Portable, Apple iPhone et Android (USB-C) - Noir","og_url":"https:\/\/eurekaweb.fr\/wp\/produit\/dji-osmo-pocket-nacelle-camera-stabilisee\/","og_site_name":"urekaWEB : les inventions qui changent le monde, de la roue \u00e0 l\u2019IA","article_publisher":"https:\/\/www.facebook.com\/EurekawebInvent","article_modified_time":"2020-11-07T12:40:37+00:00","og_image":[{"width":640,"height":360,"url":"https:\/\/eurekaweb.fr\/wp\/wp-content\/uploads\/2019\/01\/dji-osmo-pocket-camera.jpg","type":"image\/jpeg"}],"twitter_card":"summary_large_image","twitter_site":"@EurekawebInvent","twitter_misc":{"Dur\u00e9e de lecture estim\u00e9e":"1 minute"},"schema":{"@context":"https:\/\/schema.org","@graph":[{"@type":"WebPage","@id":"https:\/\/eurekaweb.fr\/wp\/produit\/dji-osmo-pocket-nacelle-camera-stabilisee\/","url":"https:\/\/eurekaweb.fr\/wp\/produit\/dji-osmo-pocket-nacelle-camera-stabilisee\/","name":"DJI Osmo Pocket : nacelle cam\u00e9ra stabilis\u00e9e - urekaWEB : les inventions qui changent le monde, de la roue \u00e0 l\u2019IA","isPartOf":{"@id":"https:\/\/eurekaweb.fr\/wp\/#website"},"primaryImageOfPage":{"@id":"https:\/\/eurekaweb.fr\/wp\/produit\/dji-osmo-pocket-nacelle-camera-stabilisee\/#primaryimage"},"image":{"@id":"https:\/\/eurekaweb.fr\/wp\/produit\/dji-osmo-pocket-nacelle-camera-stabilisee\/#primaryimage"},"thumbnailUrl":"https:\/\/i0.wp.com\/eurekaweb.fr\/wp\/wp-content\/uploads\/2019\/01\/dji-osmo-pocket-camera.jpg?fit=640%2C360&ssl=1","datePublished":"2019-01-11T21:59:20+00:00","dateModified":"2020-11-07T12:40:37+00:00","breadcrumb":{"@id":"https:\/\/eurekaweb.fr\/wp\/produit\/dji-osmo-pocket-nacelle-camera-stabilisee\/#breadcrumb"},"inLanguage":"fr-FR","potentialAction":[{"@type":"ReadAction","target":["https:\/\/eurekaweb.fr\/wp\/produit\/dji-osmo-pocket-nacelle-camera-stabilisee\/"]}]},{"@type":"ImageObject","inLanguage":"fr-FR","@id":"https:\/\/eurekaweb.fr\/wp\/produit\/dji-osmo-pocket-nacelle-camera-stabilisee\/#primaryimage","url":"https:\/\/i0.wp.com\/eurekaweb.fr\/wp\/wp-content\/uploads\/2019\/01\/dji-osmo-pocket-camera.jpg?fit=640%2C360&ssl=1","contentUrl":"https:\/\/i0.wp.com\/eurekaweb.fr\/wp\/wp-content\/uploads\/2019\/01\/dji-osmo-pocket-camera.jpg?fit=640%2C360&ssl=1","width":640,"height":360},{"@type":"BreadcrumbList","@id":"https:\/\/eurekaweb.fr\/wp\/produit\/dji-osmo-pocket-nacelle-camera-stabilisee\/#breadcrumb","itemListElement":[{"@type":"ListItem","position":1,"name":"Accueil","item":"https:\/\/eurekaweb.fr\/wp\/"},{"@type":"ListItem","position":2,"name":"Boutique inventions","item":"https:\/\/eurekaweb.fr\/wp\/boutique-inventions\/"},{"@type":"ListItem","position":3,"name":"DJI Osmo Pocket : nacelle cam\u00e9ra stabilis\u00e9e"}]},{"@type":"WebSite","@id":"https:\/\/eurekaweb.fr\/wp\/#website","url":"https:\/\/eurekaweb.fr\/wp\/","name":"EurekaWEB : toutes les inventions & innovations \u00e0 port\u00e9e de clic","description":"D\u00e9couvrez le top des innovations et des start-up d\u2019hier, d\u2019aujourd\u2019hui et de demain sur EurekaWEB.","publisher":{"@id":"https:\/\/eurekaweb.fr\/wp\/#organization"},"alternateName":"EurekaWEB : inventions & innovations en continu","potentialAction":[{"@type":"SearchAction","target":{"@type":"EntryPoint","urlTemplate":"https:\/\/eurekaweb.fr\/wp\/?s={search_term_string}"},"query-input":{"@type":"PropertyValueSpecification","valueRequired":true,"valueName":"search_term_string"}}],"inLanguage":"fr-FR"},{"@type":"Organization","@id":"https:\/\/eurekaweb.fr\/wp\/#organization","name":"EurekaWEB - Inventions Innovations Gadgets","url":"https:\/\/eurekaweb.fr\/wp\/","logo":{"@type":"ImageObject","inLanguage":"fr-FR","@id":"https:\/\/eurekaweb.fr\/wp\/#\/schema\/logo\/image\/","url":"https:\/\/i0.wp.com\/eurekaweb.fr\/wp\/wp-content\/uploads\/2020\/01\/eurekaweb-logo-instagram-hd.png?fit=1920%2C1920&ssl=1","contentUrl":"https:\/\/i0.wp.com\/eurekaweb.fr\/wp\/wp-content\/uploads\/2020\/01\/eurekaweb-logo-instagram-hd.png?fit=1920%2C1920&ssl=1","width":1920,"height":1920,"caption":"EurekaWEB - Inventions Innovations Gadgets"},"image":{"@id":"https:\/\/eurekaweb.fr\/wp\/#\/schema\/logo\/image\/"},"sameAs":["https:\/\/www.facebook.com\/EurekawebInvent","https:\/\/x.com\/EurekawebInvent","https:\/\/www.instagram.com\/eurekaweb\/","https:\/\/www.youtube.com\/channel\/UCpu2DqaoRrdY-3q-Gd53GlQ"]}]}},"jetpack-related-posts":[],"jetpack_sharing_enabled":true,"jetpack_likes_enabled":true,"_links":{"self":[{"href":"https:\/\/eurekaweb.fr\/wp\/wp-json\/wp\/v2\/product\/8521","targetHints":{"allow":["GET"]}}],"collection":[{"href":"https:\/\/eurekaweb.fr\/wp\/wp-json\/wp\/v2\/product"}],"about":[{"href":"https:\/\/eurekaweb.fr\/wp\/wp-json\/wp\/v2\/types\/product"}],"replies":[{"embeddable":true,"href":"https:\/\/eurekaweb.fr\/wp\/wp-json\/wp\/v2\/comments?post=8521"}],"wp:featuredmedia":[{"embeddable":true,"href":"https:\/\/eurekaweb.fr\/wp\/wp-json\/wp\/v2\/media\/8513"}],"wp:attachment":[{"href":"https:\/\/eurekaweb.fr\/wp\/wp-json\/wp\/v2\/media?parent=8521"}],"wp:term":[{"taxonomy":"product_cat","embeddable":true,"href":"https:\/\/eurekaweb.fr\/wp\/wp-json\/wp\/v2\/product_cat?post=8521"},{"taxonomy":"product_tag","embeddable":true,"href":"https:\/\/eurekaweb.fr\/wp\/wp-json\/wp\/v2\/product_tag?post=8521"}],"curies":[{"name":"wp","href":"https:\/\/api.w.org\/{rel}","templated":true}]}}